{"id":1226,"date":"2021-10-21T15:11:38","date_gmt":"2021-10-21T13:11:38","guid":{"rendered":"https:\/\/tolinuoklasikos.lt\/?page_id=1226"},"modified":"2025-09-06T10:39:57","modified_gmt":"2025-09-06T08:39:57","slug":"privatumo-politika","status":"publish","type":"page","link":"https:\/\/tolinuoklasikos.lt\/en\/privatumo-politika\/","title":{"rendered":"Privacy policy"},"content":{"rendered":"<div data-elementor-type=\"wp-page\" data-elementor-id=\"1226\" class=\"elementor elementor-1226\" data-elementor-post-type=\"page\">\n\t\t\t\t\t\t<section class=\"elementor-section elementor-top-section elementor-element elementor-element-b77d583 elementor-section-boxed elementor-section-height-default elementor-section-height-default\" data-id=\"b77d583\" data-element_type=\"section\">\n\t\t\t\t\t\t<div class=\"elementor-container elementor-column-gap-default\">\n\t\t\t\t\t<div class=\"elementor-column elementor-col-100 elementor-top-column elementor-element elementor-element-22edcf4\" data-id=\"22edcf4\" data-element_type=\"column\">\n\t\t\t<div class=\"elementor-widget-wrap elementor-element-populated\">\n\t\t\t\t\t\t<div class=\"elementor-element elementor-element-15ed973 elementor-widget elementor-widget-heading\" data-id=\"15ed973\" data-element_type=\"widget\" data-widget_type=\"heading.default\">\n\t\t\t\t<div class=\"elementor-widget-container\">\n\t\t\t\t\t<h1 class=\"elementor-heading-title elementor-size-default\">Privacy policy<\/h1>\t\t\t\t<\/div>\n\t\t\t\t<\/div>\n\t\t\t\t<div class=\"elementor-element elementor-element-389376b elementor-widget elementor-widget-text-editor\" data-id=\"389376b\" data-element_type=\"widget\" data-widget_type=\"text-editor.default\">\n\t\t\t\t<div class=\"elementor-widget-container\">\n\t\t\t\t\t\t\t\t\t<p dir=\"ltr\"><span style=\"color: #000000;\">Your privacy is very important to us!<\/span><\/p><p dir=\"ltr\"><span style=\"color: #000000;\">1. KEY DEFINITIONS<\/span><\/p><p dir=\"ltr\"><span style=\"color: #000000;\">1.1. Services \u2013 all services provided by the controller.<\/span><\/p><p dir=\"ltr\"><span style=\"color: #000000;\">1.2. The controller of personal data is Tomas \u017dilevi\u010dius, who, according to the laws of the Republic of Lithuania, has established and operated under the regulations of LLC, company code 305583136.<\/span><\/p><p dir=\"ltr\"><span style=\"color: #000000;\">1.3. Customer or data subject \u2013 an individual person &#8211; a customer of the Personal Data Controller (including website visitors) whose personal data is collected by the Personal Data Controller.<\/span><\/p><p dir=\"ltr\"><span style=\"color: #000000;\">1.4. E-shop \u2013 E-shop of the personal data controller www.tolinuoklasikos.lt<\/span><\/p><p dir=\"ltr\"><span style=\"color: #000000;\">1.5. Personal data \u2013 any information relating to an individual &#8211; Data Subject whose identity is known or can be established, directly or indirectly, by means of personal data, one or more personal, physical, physiological, economic, cultural or social data criteria.<\/span><\/p><p dir=\"ltr\"><span style=\"color: #000000;\">1.6. Processing of personal data means any operation carried out on personal data: collection, recording, storage, storage, classification, grouping, aggregation, modification (addition or correction), provision, publication, use, logical and\/or arithmetic operations, retrieval, dissemination, destruction or other action or set of actions.<\/span><\/p><p dir=\"ltr\"><span style=\"color: #000000;\">1.7. Partner \u2013 a legal entity that provides services to the Personal Data Controller related to the activities performed by the Personal Data Controller or sells goods to it or carries out joint projects with the Personal Data Controller, including but not limited to marketing campaigns, joint sales campaigns, loyalty programs, etc.., in the media, websites, E-shop, retail stores, retail chains, etc.<\/span><\/p><p dir=\"ltr\"><span style=\"color: #000000;\">1.8. A cookie is a small piece of textual information automatically generated when you browse a website and stored on a visitor&#8217;s computer or another device.<\/span><\/p><p dir=\"ltr\"><span style=\"color: #000000;\">1.9. Direct marketing offers goods and services to individuals and\/or seeks their opinion on the goods or services provided by post, telephone, or other means.<\/span><\/p><p dir=\"ltr\"><span style=\"color: #000000;\">1.10. Privacy Policy \u2013 means this document, which sets out the principles and rules for the processing of Personal Data when using the services of the E-shop.<\/span><\/p><p dir=\"ltr\"><span style=\"color: #000000;\">2. GENERAL PROVISIONS<\/span><\/p><p dir=\"ltr\"><span style=\"color: #000000;\">2.1. The Customer grants the Personal Data Controller the right to perform all personal data processing activities to the extent and purposes provided for this Privacy Policy.<\/span><\/p><p dir=\"ltr\"><span style=\"color: #000000;\">2.2. Personal data is processed in accordance with the Law on the Legal Protection of Personal Data of the Republic of Lithuania and other legal acts regulating the processing and protection of personal data, this Privacy Policy.<\/span><\/p><p dir=\"ltr\"><span style=\"color: #000000;\">2.3. The controller of personal data processes personal data in accordance with the following principles:<\/span><\/p><p dir=\"ltr\"><span style=\"color: #000000;\">2.3.1. Personal data is collected for defined and legitimate purposes;<\/span><\/p><p dir=\"ltr\"><span style=\"color: #000000;\">2.3.2. Personal data is processed accurately, fairly and lawfully;<\/span><\/p><p dir=\"ltr\"><span style=\"color: #000000;\">2.3.3. Personal data shall be adequate and limited to what is necessary for their collection and further processing;<\/span><\/p><p dir=\"ltr\"><span style=\"color: #000000;\">2.3.4. Personal data is constantly updated;<\/span><\/p><p dir=\"ltr\"><span style=\"color: #000000;\">2.3.5. All information about Personal Data is confidential;<\/span><\/p><p dir=\"ltr\"><span style=\"color: #000000;\">2.3.6. Customer&#8217;s Personal Data and Personal Information will not be used for illegal purposes.<\/span><\/p><p dir=\"ltr\"><span style=\"color: #000000;\">2.3.7. Personal data shall be kept in a form which permits identification of data subjects for no longer than is necessary for the purposes for which the data were collected and for which they are processed.<\/span><\/p><p dir=\"ltr\"><span style=\"color: #000000;\">2.4. The Customer is deemed to have read and agreed to the current version of the Privacy Policy when purchasing in the E-shop. If the Customer does not agree with any part of the Privacy Policy or the Privacy Policy, then the Customer must not place an order and do not purchase the goods in the E-shop.<\/span><\/p><p dir=\"ltr\"><span style=\"color: #000000;\">2.5. The Privacy Policy is available in the E-shop and can be printed out at any time. The Privacy Policy may be modified, supplemented or updated at the discretion of the Data Controller. The new version of the Privacy Policy is published in the E-shop.<\/span><\/p><p dir=\"ltr\"><span style=\"color: #000000;\">2.6. The customer must place an order in the E-shop without registration.<\/span><\/p><p dir=\"ltr\"><span style=\"color: #000000;\">2.7. When using the Services and when purchasing in the E-shop, the Customer must always provide accurate Personal Data to the E-shop and is responsible for their accuracy.<\/span><\/p><p dir=\"ltr\"><span style=\"color: #000000;\">3. COLLECTION, USE, CORRECTION AND STORAGE OF PERSONAL DATA<\/span><\/p><p dir=\"ltr\"><span style=\"color: #000000;\">3.1. The controller respects each Customer&#8217;s right to privacy. Customer&#8217;s Personal data (i.e., name, surname, e-mail address, telephone number, delivery address of the product\/service, age\/year of birth, payment details of the product\/service (bank account number, method of payment, etc.), purchase history, etc. also, with the consent of the Client, age, sex, date of birth, place of residence) are collected and processed for the following purposes:<\/span><\/p><p dir=\"ltr\"><span style=\"color: #000000;\">3.1.1. For the purpose of e-commerce. The following personal data is processed: name, surname, e-mail address, telephone number, delivery address of the product \/ service, age \/ year of birth, IP address, payment data of the product \/ service. The storage period of personal data used for the purpose of e-commerce is 5 (five) years from the last order.<\/span><\/p><p dir=\"ltr\"><span style=\"color: #000000;\">3.1.2. For direct marketing purposes. The following personal data is processed: name, surname, telephone number, e-mail address, address, age, gender, date of birth, place of residence. The storage period of personal data used for the purpose of Direct Marketing is 5 (five) years from the last order.<\/span><\/p><p dir=\"ltr\"><span style=\"color: #000000;\">3.2. The Customer may consent to the processing of his \/ her Personal Data (name, surname, telephone number, e-mail address, address, age, gender, date of birth, place of residence) for the purpose of Direct Marketing. If, after consenting to the processing of his \/ her data for the purpose of Direct Marketing, as well as receiving Direct Marketing notifications, the Customer no longer considers it and informs the Data Controller, the Data Controller will no longer process his \/ her Personal Data for the purpose of Direct Marketing and will not send the Customer any electronic news, except for the information related to the Customer&#8217;s order.<\/span><\/p><p dir=\"ltr\"><span style=\"color: #000000;\">3.3. The Customer has the right to revoke his consent (as stated in 3.2) to the Personal Data Controller to process the Customer&#8217;s Personal Data for the purpose of Direct Marketing at any time by notifying the Personal Data Controller by e-mail labas@tolinuoklasikos.lt and does not wish to receive any Direct marketing messages.<\/span><\/p><p dir=\"ltr\"><span style=\"color: #000000;\">3.4. The Customer, as a Data Subject, has the following rights related to the processing of the Customer&#8217;s Personal Data:<\/span><\/p><p dir=\"ltr\"><span style=\"color: #000000;\">3.4.1. to receive information from the Personal Data Controller about the processing of the Customer&#8217;s Personal Data, to get acquainted with his \/ her Personal Data and how they are processed;<\/span><\/p><p dir=\"ltr\"><span style=\"color: #000000;\">3.4.2. to receive information from the Personal Data Controller from which sources and which personal data of the Customer have been collected, for what purpose they are processed, to which data recipients they have been provided and have been provided at least during the last 1 (one) year;<\/span><\/p><p dir=\"ltr\"><span style=\"color: #000000;\">3.4.3. to demand the correction, destruction of the Customer&#8217;s Personal Data or the suspension, except for storage, of the processing of its Personal Data when the Personal Data is processed in violation of the provisions of the Law on Legal Protection of Personal Data of the Republic of Lithuania and other laws.<\/span><\/p><p dir=\"ltr\"><span style=\"color: #000000;\">3.5. In order to place his rights, the Customer must present a passport, identity card or driver&#8217;s license. The controller of personal data shall provide the Data Subject with information on the processing of the Personal Data of the Data Subject once a year free of charge. The Client, placing his rights provided for in Clause 3.4, may contact Personal Data Controller by e-mail labas@tolinuoklasikos.lt<\/span><\/p><p dir=\"ltr\"><span style=\"color: #000000;\">3.6. The controller of personal data has the right to correct, change and delete the identity.<\/span><\/p><p dir=\"ltr\"><span style=\"color: #000000;\">3.7. The Customer&#8217;s Personal Data is not provided to third parties, except in the following cases:<\/span><\/p><p dir=\"ltr\"><span style=\"color: #000000;\">3.7.1. When Customer&#8217;s consent is obtained as set forth in this Privacy Policy;<\/span><\/p><p dir=\"ltr\"><span style=\"color: #000000;\">3.7.2. To the competent authorities in the cases provided for by the laws and legal acts of the Republic of Lithuania.<\/span><\/p><p dir=\"ltr\"><span style=\"color: #000000;\">3.7.3. Personal data for the purposes of e-commerce is provided to Partners providing services to the Personal Data Controller related to the activities performed by the Personal Data Controller; In the E-shop, payments are processed using the Paysera.lt platform, the manager of which is Paysera LT, UAB (Pilait\u0117s ave. 16, Vilnius 04352, Lithuania, reg. No.: 300060819), therefore your personal information required for payment execution and confirmation will be transferred to Paysera LT.<\/span><\/p><p dir=\"ltr\"><span style=\"color: #000000;\">3.8. The Customer is aware of his right to object to the processing of his Personal Data for the purpose of Direct Marketing, meaning, that The Customer has the right to express disagreement immediately.<\/span><\/p><p dir=\"ltr\"><span style=\"color: #000000;\">3.9. The Customer agrees that his \/ her Personal Data will be transferred to the Partners by fulfilling the Customer&#8217;s order placed in the E-shop, as well as by providing the Services to the Customer by the Personal Data Controller, as well as to the Partners of the Personal Data Controller as specified in 3.7. points.<\/span><\/p><p dir=\"ltr\"><span style=\"color: #000000;\">3.10. If the Customer does not agree with the Privacy Policy, the Customer will not be able to use the services of the E-Store.<\/span><\/p><p dir=\"ltr\"><span style=\"color: #000000;\">3.11. The controller of personal data shall implement organizational and technical measures to protect the personal data from accidental or unlawful destruction, alteration, disclosure, as well as from any other unlawful processing.<\/span><\/p><p dir=\"ltr\"><span style=\"color: #000000;\">3.12. The Client agrees that in cases where it is necessary according to the instructions of the competent authorities and \/ or the Client&#8217;s Personal Data may have been used for illegal activities, or there are reasonable suspicions of identity theft, which are subject to pre-trial investigation by the competent law enforcement authorities, or other legitimate grounds or purposes, its Personal Data will be stored on the Personal Data Controller&#8217;s servers for longer than specified in this Privacy Policy.<\/span><\/p><p dir=\"ltr\"><span style=\"color: #000000;\">3.13. Upon receipt of an instruction or inquiry of the Data Subject related to the processing of Personal Data, the Personal Data Controller shall provide a response to the Customer, satisfying the request \/ instruction or refusing to do so, no later than within 30 (thirty) calendar days from the date of the Data Subject.<\/span><\/p><p dir=\"ltr\"><span style=\"color: #000000;\">If the Data Subject so requests, the response must be provided in writing.<\/span><\/p><p dir=\"ltr\"><span style=\"color: #000000;\">3.14. For the Personal Data Controller to offer full-fledged services to the Customer in the E-shop, the information Cookies are stored on the Customer&#8217;s computer (device) with the Customer&#8217;s consent which are used to identify the Customer as a previous user of the E-shop when collecting E-shop traffic statistics, information about the shopping cart. The Customer may at any time review which Cookies are being stored and may delete some or all the Cookies entered.<\/span><\/p><p dir=\"ltr\"><span style=\"color: #000000;\">3.15. To learn more about cookies, such as how to manage or delete them, you can visit www.allaboutcookies.org<\/span><\/p><p dir=\"ltr\"><span style=\"color: #000000;\">4. OTHER PROVISIONS<\/span><\/p><p dir=\"ltr\"><span style=\"color: #000000;\">4.1. The controller has the right to change or supplement the \u201cPrivacy Policy\u201d in whole or in part. Additions or changes to the Privacy Policy take effect from the date of their publication.<\/span><\/p><p dir=\"ltr\"><span style=\"color: #000000;\">4.2. If you have any questions, please contact the following contacts:<\/span><\/p><p dir=\"ltr\"><span style=\"color: #000000;\">Tomas \u017dilevi\u010dius<\/span><\/p><p dir=\"ltr\"><span style=\"color: #000000;\">UAB Toli namai, General Manager.<\/span><\/p><p dir=\"ltr\"><span style=\"color: #000000;\">Company code: 305583136<\/span><\/p><p dir=\"ltr\"><span style=\"color: #000000;\">Tel. No. +370 69977294<\/span><\/p>\t\t\t\t\t\t\t\t<\/div>\n\t\t\t\t<\/div>\n\t\t\t\t\t<\/div>\n\t\t<\/div>\n\t\t\t\t\t<\/div>\n\t\t<\/section>\n\t\t\t\t<\/div>","protected":false},"excerpt":{"rendered":"<p>Privatumo politika Mums J\u016bs\u0173 privatumas labai svarbus! 1. PAGRINDIN\u0116S S\u0104VOKOS1.1. Paslaugos \u2013 visos asmens duomen\u0173 valdytojo teikiamos paslaugos.1.2. Asmens duomen\u0173 valdytojas \u2013 Tomas \u017dilevi\u010dius kuris, pagal Lietuvos Respublikos \u012fstatymus yra \u012fsteig\u0119s ir veikia pagal UAB, \u012fmon\u0117s kodas 305583136.1.3. Klientas arba duomen\u0173 subjektas \u2013 fizinis asmuo \u2013 Asmens duomen\u0173 valdytojo klientas (tame tarpe tinklapio lankytojai), kurio [&hellip;]<\/p>","protected":false},"author":1,"featured_media":0,"parent":0,"menu_order":0,"comment_status":"closed","ping_status":"closed","template":"elementor_header_footer","meta":{"_seopress_robots_primary_cat":"","_seopress_titles_title":"Privatumo politika - ToLi nuo klasikos","_seopress_titles_desc":"","_seopress_robots_index":"","footnotes":""},"class_list":["post-1226","page","type-page","status-publish","hentry"],"_links":{"self":[{"href":"https:\/\/tolinuoklasikos.lt\/en\/wp-json\/wp\/v2\/pages\/1226","targetHints":{"allow":["GET"]}}],"collection":[{"href":"https:\/\/tolinuoklasikos.lt\/en\/wp-json\/wp\/v2\/pages"}],"about":[{"href":"https:\/\/tolinuoklasikos.lt\/en\/wp-json\/wp\/v2\/types\/page"}],"author":[{"embeddable":true,"href":"https:\/\/tolinuoklasikos.lt\/en\/wp-json\/wp\/v2\/users\/1"}],"replies":[{"embeddable":true,"href":"https:\/\/tolinuoklasikos.lt\/en\/wp-json\/wp\/v2\/comments?post=1226"}],"version-history":[{"count":3,"href":"https:\/\/tolinuoklasikos.lt\/en\/wp-json\/wp\/v2\/pages\/1226\/revisions"}],"predecessor-version":[{"id":6297,"href":"https:\/\/tolinuoklasikos.lt\/en\/wp-json\/wp\/v2\/pages\/1226\/revisions\/6297"}],"wp:attachment":[{"href":"https:\/\/tolinuoklasikos.lt\/en\/wp-json\/wp\/v2\/media?parent=1226"}],"curies":[{"name":"wp","href":"https:\/\/api.w.org\/{rel}","templated":true}]}}