{"id":1364,"date":"2021-11-19T19:44:34","date_gmt":"2021-11-19T17:44:34","guid":{"rendered":"https:\/\/tolinuoklasikos.lt\/?page_id=1364"},"modified":"2025-06-14T19:37:04","modified_gmt":"2025-06-14T17:37:04","slug":"gastronominis-teatras","status":"publish","type":"page","link":"https:\/\/tolinuoklasikos.lt\/en\/gastronominis-teatras\/","title":{"rendered":"Gastronomic theater"},"content":{"rendered":"<div data-elementor-type=\"wp-page\" data-elementor-id=\"1364\" class=\"elementor elementor-1364\" data-elementor-post-type=\"page\">\n\t\t\t\t\t\t<section class=\"elementor-section elementor-top-section elementor-element elementor-element-56cc8f7 elementor-section-boxed elementor-section-height-default elementor-section-height-default\" data-id=\"56cc8f7\" data-element_type=\"section\" data-e-type=\"section\" data-settings=\"{&quot;background_background&quot;:&quot;classic&quot;}\">\n\t\t\t\t\t\t<div class=\"elementor-container elementor-column-gap-default\">\n\t\t\t\t\t<div class=\"elementor-column elementor-col-100 elementor-top-column elementor-element elementor-element-77fe722\" data-id=\"77fe722\" data-element_type=\"column\" data-e-type=\"column\">\n\t\t\t<div class=\"elementor-widget-wrap elementor-element-populated\">\n\t\t\t\t\t\t<div class=\"elementor-element elementor-element-84f4714 elementor-widget elementor-widget-heading\" data-id=\"84f4714\" data-element_type=\"widget\" data-e-type=\"widget\" data-widget_type=\"heading.default\">\n\t\t\t\t<div class=\"elementor-widget-container\">\n\t\t\t\t\t<h1 class=\"elementor-heading-title elementor-size-default\">Gastronomic theater<\/h1>\t\t\t\t<\/div>\n\t\t\t\t<\/div>\n\t\t\t\t<div class=\"elementor-element elementor-element-0e5759e elementor-widget elementor-widget-heading\" data-id=\"0e5759e\" data-element_type=\"widget\" data-e-type=\"widget\" data-widget_type=\"heading.default\">\n\t\t\t\t<div class=\"elementor-widget-container\">\n\t\t\t\t\t<h2 class=\"elementor-heading-title elementor-size-default\">Gallery of past events:<\/h2>\t\t\t\t<\/div>\n\t\t\t\t<\/div>\n\t\t\t\t\t<\/div>\n\t\t<\/div>\n\t\t\t\t\t<\/div>\n\t\t<\/section>\n\t\t\t\t<section class=\"elementor-section elementor-top-section elementor-element elementor-element-2156f18 elementor-section-boxed elementor-section-height-default elementor-section-height-default\" data-id=\"2156f18\" data-element_type=\"section\" data-e-type=\"section\" data-settings=\"{&quot;background_background&quot;:&quot;classic&quot;}\">\n\t\t\t\t\t\t<div class=\"elementor-container elementor-column-gap-default\">\n\t\t\t\t\t<div class=\"elementor-column elementor-col-100 elementor-top-column elementor-element elementor-element-8df7bd1\" data-id=\"8df7bd1\" data-element_type=\"column\" data-e-type=\"column\">\n\t\t\t<div class=\"elementor-widget-wrap elementor-element-populated\">\n\t\t\t\t\t\t<section class=\"elementor-section elementor-inner-section elementor-element elementor-element-46cdd5e elementor-section-boxed elementor-section-height-default elementor-section-height-default\" data-id=\"46cdd5e\" data-element_type=\"section\" data-e-type=\"section\">\n\t\t\t\t\t\t<div class=\"elementor-container elementor-column-gap-default\">\n\t\t\t\t\t<div class=\"make-column-clickable-elementor elementor-column elementor-col-50 elementor-inner-column elementor-element elementor-element-ceef2b5\" style=\"cursor: pointer;\" data-column-clickable=\"https:\/\/tolinuoklasikos.lt\/frida-khalo-vakariene\/\" data-column-clickable-blank=\"_self\" data-id=\"ceef2b5\" data-element_type=\"column\" data-e-type=\"column\">\n\t\t\t<div class=\"elementor-widget-wrap elementor-element-populated\">\n\t\t\t\t\t\t<div class=\"elementor-element elementor-element-9bc014d elementor-widget elementor-widget-image\" data-id=\"9bc014d\" data-element_type=\"widget\" data-e-type=\"widget\" data-widget_type=\"image.default\">\n\t\t\t\t<div class=\"elementor-widget-container\">\n\t\t\t\t\t\t\t\t\t\t\t\t\t\t\t\t<a href=\"https:\/\/tolinuoklasikos.lt\/en\/frida-khalo-vakariene\/\">\n\t\t\t\t\t\t\t<img fetchpriority=\"high\" decoding=\"async\" width=\"1200\" height=\"998\" src=\"https:\/\/tolinuoklasikos.lt\/wp-content\/uploads\/Galerijos_ikonos_toli_nuo_klasikos_Frida_Khalo.png\" class=\"attachment-full size-full wp-image-1367\" alt=\"galerijos ikonos toli nuo klasikos frida khalo\" srcset=\"https:\/\/tolinuoklasikos.lt\/wp-content\/uploads\/Galerijos_ikonos_toli_nuo_klasikos_Frida_Khalo.png 1200w, https:\/\/tolinuoklasikos.lt\/wp-content\/uploads\/Galerijos_ikonos_toli_nuo_klasikos_Frida_Khalo-630x524.png 630w, https:\/\/tolinuoklasikos.lt\/wp-content\/uploads\/Galerijos_ikonos_toli_nuo_klasikos_Frida_Khalo-768x639.png 768w, https:\/\/tolinuoklasikos.lt\/wp-content\/uploads\/Galerijos_ikonos_toli_nuo_klasikos_Frida_Khalo-900x749.png 900w\" sizes=\"(max-width: 1200px) 100vw, 1200px\" \/>\t\t\t\t\t\t\t\t<\/a>\n\t\t\t\t\t\t\t\t\t\t\t\t\t\t\t<\/div>\n\t\t\t\t<\/div>\n\t\t\t\t<div class=\"elementor-element elementor-element-037ea5e elementor-widget elementor-widget-heading\" data-id=\"037ea5e\" data-element_type=\"widget\" data-e-type=\"widget\" data-widget_type=\"heading.default\">\n\t\t\t\t<div class=\"elementor-widget-container\">\n\t\t\t\t\t<h3 class=\"elementor-heading-title elementor-size-default\"><a href=\"https:\/\/tolinuoklasikos.lt\/en\/frida-khalo-vakariene\/\">Frida Kahlo<br>dinner<\/a><\/h3>\t\t\t\t<\/div>\n\t\t\t\t<\/div>\n\t\t\t\t\t<\/div>\n\t\t<\/div>\n\t\t\t\t<div class=\"make-column-clickable-elementor elementor-column elementor-col-50 elementor-inner-column elementor-element elementor-element-f7fb3c2\" style=\"cursor: pointer;\" data-column-clickable=\"https:\/\/tolinuoklasikos.lt\/erich-maria-remarque-vakariene\" data-column-clickable-blank=\"_self\" data-id=\"f7fb3c2\" data-element_type=\"column\" data-e-type=\"column\">\n\t\t\t<div class=\"elementor-widget-wrap elementor-element-populated\">\n\t\t\t\t\t\t<div class=\"elementor-element elementor-element-16f72b6 elementor-widget elementor-widget-image\" data-id=\"16f72b6\" data-element_type=\"widget\" data-e-type=\"widget\" data-widget_type=\"image.default\">\n\t\t\t\t<div class=\"elementor-widget-container\">\n\t\t\t\t\t\t\t\t\t\t\t\t\t\t\t\t<a href=\"https:\/\/tolinuoklasikos.lt\/en\/erich-maria-remarque-vakariene\/\">\n\t\t\t\t\t\t\t<img decoding=\"async\" width=\"1200\" height=\"931\" src=\"https:\/\/tolinuoklasikos.lt\/wp-content\/uploads\/Galerijos_ikonos_toli_nuo_klasikos_Erich_Maria_Remarque.png\" class=\"attachment-full size-full wp-image-1366\" alt=\"galerijos ikonos toli nuo klasikos erich maria remarque\" srcset=\"https:\/\/tolinuoklasikos.lt\/wp-content\/uploads\/Galerijos_ikonos_toli_nuo_klasikos_Erich_Maria_Remarque.png 1200w, https:\/\/tolinuoklasikos.lt\/wp-content\/uploads\/Galerijos_ikonos_toli_nuo_klasikos_Erich_Maria_Remarque-630x489.png 630w, https:\/\/tolinuoklasikos.lt\/wp-content\/uploads\/Galerijos_ikonos_toli_nuo_klasikos_Erich_Maria_Remarque-768x596.png 768w, https:\/\/tolinuoklasikos.lt\/wp-content\/uploads\/Galerijos_ikonos_toli_nuo_klasikos_Erich_Maria_Remarque-900x698.png 900w\" sizes=\"(max-width: 1200px) 100vw, 1200px\" \/>\t\t\t\t\t\t\t\t<\/a>\n\t\t\t\t\t\t\t\t\t\t\t\t\t\t\t<\/div>\n\t\t\t\t<\/div>\n\t\t\t\t<div class=\"elementor-element elementor-element-217b435 elementor-widget elementor-widget-heading\" data-id=\"217b435\" data-element_type=\"widget\" data-e-type=\"widget\" data-widget_type=\"heading.default\">\n\t\t\t\t<div class=\"elementor-widget-container\">\n\t\t\t\t\t<h3 class=\"elementor-heading-title elementor-size-default translation-block\">Erich Maria Remarque dinner<\/h3>\t\t\t\t<\/div>\n\t\t\t\t<\/div>\n\t\t\t\t\t<\/div>\n\t\t<\/div>\n\t\t\t\t\t<\/div>\n\t\t<\/section>\n\t\t\t\t<section class=\"elementor-section elementor-inner-section elementor-element elementor-element-79cceec elementor-section-boxed elementor-section-height-default elementor-section-height-default\" data-id=\"79cceec\" data-element_type=\"section\" data-e-type=\"section\">\n\t\t\t\t\t\t<div class=\"elementor-container elementor-column-gap-default\">\n\t\t\t\t\t<div class=\"make-column-clickable-elementor elementor-column elementor-col-33 elementor-inner-column elementor-element elementor-element-6ca7334\" style=\"cursor: pointer;\" data-column-clickable=\"https:\/\/tolinuoklasikos.lt\/salvador-dali-vakariene\/\" data-column-clickable-blank=\"_self\" data-id=\"6ca7334\" data-element_type=\"column\" data-e-type=\"column\">\n\t\t\t<div class=\"elementor-widget-wrap elementor-element-populated\">\n\t\t\t\t\t\t<div class=\"elementor-element elementor-element-945cf88 elementor-widget elementor-widget-image\" data-id=\"945cf88\" data-element_type=\"widget\" data-e-type=\"widget\" data-widget_type=\"image.default\">\n\t\t\t\t<div class=\"elementor-widget-container\">\n\t\t\t\t\t\t\t\t\t\t\t\t\t\t\t\t<a href=\"https:\/\/tolinuoklasikos.lt\/en\/salvador-dali-vakariene\/\">\n\t\t\t\t\t\t\t<img decoding=\"async\" width=\"1200\" height=\"1031\" src=\"https:\/\/tolinuoklasikos.lt\/wp-content\/uploads\/Galerijos_ikonos_toli_nuo_klasikos_Salvador_Dali.png\" class=\"attachment-full size-full wp-image-1368\" alt=\"galerijos ikonos toli nuo klasikos salvador dali\" srcset=\"https:\/\/tolinuoklasikos.lt\/wp-content\/uploads\/Galerijos_ikonos_toli_nuo_klasikos_Salvador_Dali.png 1200w, https:\/\/tolinuoklasikos.lt\/wp-content\/uploads\/Galerijos_ikonos_toli_nuo_klasikos_Salvador_Dali-630x541.png 630w, https:\/\/tolinuoklasikos.lt\/wp-content\/uploads\/Galerijos_ikonos_toli_nuo_klasikos_Salvador_Dali-768x660.png 768w, https:\/\/tolinuoklasikos.lt\/wp-content\/uploads\/Galerijos_ikonos_toli_nuo_klasikos_Salvador_Dali-900x773.png 900w\" sizes=\"(max-width: 1200px) 100vw, 1200px\" \/>\t\t\t\t\t\t\t\t<\/a>\n\t\t\t\t\t\t\t\t\t\t\t\t\t\t\t<\/div>\n\t\t\t\t<\/div>\n\t\t\t\t<div class=\"elementor-element elementor-element-8d3bee8 elementor-widget elementor-widget-heading\" data-id=\"8d3bee8\" data-element_type=\"widget\" data-e-type=\"widget\" data-widget_type=\"heading.default\">\n\t\t\t\t<div class=\"elementor-widget-container\">\n\t\t\t\t\t<h3 class=\"elementor-heading-title elementor-size-default translation-block\">Salvador Dali dinner<\/h3>\t\t\t\t<\/div>\n\t\t\t\t<\/div>\n\t\t\t\t\t<\/div>\n\t\t<\/div>\n\t\t\t\t<div class=\"make-column-clickable-elementor elementor-column elementor-col-33 elementor-inner-column elementor-element elementor-element-b760468\" style=\"cursor: pointer;\" data-column-clickable=\"https:\/\/tolinuoklasikos.lt\/studio-54-naujieji-metai\/\" data-column-clickable-blank=\"_self\" data-id=\"b760468\" data-element_type=\"column\" data-e-type=\"column\">\n\t\t\t<div class=\"elementor-widget-wrap elementor-element-populated\">\n\t\t\t\t\t\t<div class=\"elementor-element elementor-element-7cfaf7c elementor-widget elementor-widget-image\" data-id=\"7cfaf7c\" data-element_type=\"widget\" data-e-type=\"widget\" data-widget_type=\"image.default\">\n\t\t\t\t<div class=\"elementor-widget-container\">\n\t\t\t\t\t\t\t\t\t\t\t\t\t\t\t\t<a href=\"https:\/\/tolinuoklasikos.lt\/en\/studio-54-naujieji-metai\/\">\n\t\t\t\t\t\t\t<img loading=\"lazy\" decoding=\"async\" width=\"803\" height=\"696\" src=\"https:\/\/tolinuoklasikos.lt\/wp-content\/uploads\/Naujieji_metai_toli_nuo_klasikos.png\" class=\"attachment-full size-full wp-image-1626\" alt=\"naujieji metai toli nuo klasikos\" srcset=\"https:\/\/tolinuoklasikos.lt\/wp-content\/uploads\/Naujieji_metai_toli_nuo_klasikos.png 803w, https:\/\/tolinuoklasikos.lt\/wp-content\/uploads\/Naujieji_metai_toli_nuo_klasikos-630x546.png 630w, https:\/\/tolinuoklasikos.lt\/wp-content\/uploads\/Naujieji_metai_toli_nuo_klasikos-768x666.png 768w\" sizes=\"(max-width: 803px) 100vw, 803px\" \/>\t\t\t\t\t\t\t\t<\/a>\n\t\t\t\t\t\t\t\t\t\t\t\t\t\t\t<\/div>\n\t\t\t\t<\/div>\n\t\t\t\t<div class=\"elementor-element elementor-element-31ca224 elementor-widget elementor-widget-heading\" data-id=\"31ca224\" data-element_type=\"widget\" data-e-type=\"widget\" data-widget_type=\"heading.default\">\n\t\t\t\t<div class=\"elementor-widget-container\">\n\t\t\t\t\t<h3 class=\"elementor-heading-title elementor-size-default\"><a href=\"https:\/\/tolinuoklasikos.lt\/en\/studio-54-naujieji-metai\/\">New Year's Eve: Studio 54<\/a><\/h3>\t\t\t\t<\/div>\n\t\t\t\t<\/div>\n\t\t\t\t\t<\/div>\n\t\t<\/div>\n\t\t\t\t<div class=\"make-column-clickable-elementor elementor-column elementor-col-33 elementor-inner-column elementor-element elementor-element-d6571a7\" style=\"cursor: pointer;\" data-column-clickable=\"https:\/\/tolinuoklasikos.lt\/ratatouille-vakariene\/\" data-column-clickable-blank=\"_self\" data-id=\"d6571a7\" data-element_type=\"column\" data-e-type=\"column\">\n\t\t\t<div class=\"elementor-widget-wrap elementor-element-populated\">\n\t\t\t\t\t\t<div class=\"elementor-element elementor-element-440f592 elementor-widget elementor-widget-image\" data-id=\"440f592\" data-element_type=\"widget\" data-e-type=\"widget\" data-widget_type=\"image.default\">\n\t\t\t\t<div class=\"elementor-widget-container\">\n\t\t\t\t\t\t\t\t\t\t\t\t\t\t\t\t<a href=\"https:\/\/tolinuoklasikos.lt\/en\/ratatouille-vakariene\/\">\n\t\t\t\t\t\t\t<img loading=\"lazy\" decoding=\"async\" width=\"1200\" height=\"901\" src=\"https:\/\/tolinuoklasikos.lt\/wp-content\/uploads\/Ratatouille-vakariene-ToLi-nuo-klasikos.png\" class=\"attachment-full size-full wp-image-1595\" alt=\"ratatouille vakarien\u0117 toli nuo klasikos\" srcset=\"https:\/\/tolinuoklasikos.lt\/wp-content\/uploads\/Ratatouille-vakariene-ToLi-nuo-klasikos.png 1200w, https:\/\/tolinuoklasikos.lt\/wp-content\/uploads\/Ratatouille-vakariene-ToLi-nuo-klasikos-630x473.png 630w, https:\/\/tolinuoklasikos.lt\/wp-content\/uploads\/Ratatouille-vakariene-ToLi-nuo-klasikos-768x577.png 768w, https:\/\/tolinuoklasikos.lt\/wp-content\/uploads\/Ratatouille-vakariene-ToLi-nuo-klasikos-900x676.png 900w\" sizes=\"(max-width: 1200px) 100vw, 1200px\" \/>\t\t\t\t\t\t\t\t<\/a>\n\t\t\t\t\t\t\t\t\t\t\t\t\t\t\t<\/div>\n\t\t\t\t<\/div>\n\t\t\t\t<div class=\"elementor-element elementor-element-1eb6c81 elementor-widget elementor-widget-heading\" data-id=\"1eb6c81\" data-element_type=\"widget\" data-e-type=\"widget\" data-widget_type=\"heading.default\">\n\t\t\t\t<div class=\"elementor-widget-container\">\n\t\t\t\t\t<h3 class=\"elementor-heading-title elementor-size-default\"><a href=\"https:\/\/tolinuoklasikos.lt\/en\/ratatouille-vakariene\/\">Ratatouille dinner<\/a><\/h3>\t\t\t\t<\/div>\n\t\t\t\t<\/div>\n\t\t\t\t\t<\/div>\n\t\t<\/div>\n\t\t\t\t\t<\/div>\n\t\t<\/section>\n\t\t\t\t\t<\/div>\n\t\t<\/div>\n\t\t\t\t\t<\/div>\n\t\t<\/section>\n\t\t\t\t<\/div>","protected":false},"excerpt":{"rendered":"<p>Gastronominis teatras Praeit\u0173 vakarieni\u0173 galerija: Moulin Rouge vakarien\u0117 Gei\u0161a Klaip\u0117doje vakarien\u0117 Rietavo turgus vakarien\u0117 Karv\u0117 ir pipirai vakarien\u0117 Jonas Lingys Veidrodinis efektas vakarien\u0117 Jonas Lingys Black Tie vakarien\u0117 \u010carlis ir \u0161okolado fabrikas vakarien\u0117 Alisa stebukl\u0173 \u0161alyje vakarien\u0117 Queen vakarien\u0117 Pablo Picasso vakarien\u0117 Matrica vakarien\u0117 Haris Poteris vakarien\u0117 Salvador Dalivakarien\u0117 Frida Kahlovakarien\u0117 Erich Maria Remarquevakarien\u0117 Klaip\u0117dos [&hellip;]<\/p>","protected":false},"author":1,"featured_media":0,"parent":0,"menu_order":0,"comment_status":"closed","ping_status":"closed","template":"","meta":{"_seopress_robots_primary_cat":"","_seopress_titles_title":"Gastronominis teatras - ToLi nuo klasikos","_seopress_titles_desc":"Unikalus projektas, kuris vyksta tik ToLi nuo klasikos. Kur pasirinkta tema tampa drobe m\u016bs\u0173 komandos tapybai maistu, kokteiliais, dekoracijomis, kostiumais ir nuotaika. Kur namelis transformuojasi \u012f skirtingus veidus ir kassyk atgimsta naujai. Tai, kuo mes labai did\u017eiuojam\u0117s.","_seopress_robots_index":"","footnotes":""},"class_list":["post-1364","page","type-page","status-publish","hentry"],"_links":{"self":[{"href":"https:\/\/tolinuoklasikos.lt\/en\/wp-json\/wp\/v2\/pages\/1364","targetHints":{"allow":["GET"]}}],"collection":[{"href":"https:\/\/tolinuoklasikos.lt\/en\/wp-json\/wp\/v2\/pages"}],"about":[{"href":"https:\/\/tolinuoklasikos.lt\/en\/wp-json\/wp\/v2\/types\/page"}],"author":[{"embeddable":true,"href":"https:\/\/tolinuoklasikos.lt\/en\/wp-json\/wp\/v2\/users\/1"}],"replies":[{"embeddable":true,"href":"https:\/\/tolinuoklasikos.lt\/en\/wp-json\/wp\/v2\/comments?post=1364"}],"version-history":[{"count":9,"href":"https:\/\/tolinuoklasikos.lt\/en\/wp-json\/wp\/v2\/pages\/1364\/revisions"}],"predecessor-version":[{"id":5966,"href":"https:\/\/tolinuoklasikos.lt\/en\/wp-json\/wp\/v2\/pages\/1364\/revisions\/5966"}],"wp:attachment":[{"href":"https:\/\/tolinuoklasikos.lt\/en\/wp-json\/wp\/v2\/media?parent=1364"}],"curies":[{"name":"wp","href":"https:\/\/api.w.org\/{rel}","templated":true}]}}