{"id":1379,"date":"2021-11-19T20:35:59","date_gmt":"2021-11-19T18:35:59","guid":{"rendered":"https:\/\/tolinuoklasikos.lt\/?page_id=1379"},"modified":"2024-06-11T22:31:21","modified_gmt":"2024-06-11T20:31:21","slug":"salvador-dali-vakariene","status":"publish","type":"page","link":"https:\/\/tolinuoklasikos.lt\/en\/salvador-dali-vakariene\/","title":{"rendered":"Salvador Dali dinner"},"content":{"rendered":"<div data-elementor-type=\"wp-page\" data-elementor-id=\"1379\" class=\"elementor elementor-1379\" data-elementor-post-type=\"page\">\n\t\t\t\t\t\t<section class=\"elementor-section elementor-top-section elementor-element elementor-element-56cc8f7 elementor-section-boxed elementor-section-height-default elementor-section-height-default\" data-id=\"56cc8f7\" data-element_type=\"section\">\n\t\t\t\t\t\t<div class=\"elementor-container elementor-column-gap-default\">\n\t\t\t\t\t<div class=\"elementor-column elementor-col-100 elementor-top-column elementor-element elementor-element-77fe722\" data-id=\"77fe722\" data-element_type=\"column\">\n\t\t\t<div class=\"elementor-widget-wrap elementor-element-populated\">\n\t\t\t\t\t\t<div class=\"elementor-element elementor-element-5173c05 elementor-widget elementor-widget-heading\" data-id=\"5173c05\" data-element_type=\"widget\" data-widget_type=\"heading.default\">\n\t\t\t\t<div class=\"elementor-widget-container\">\n\t\t\t\t\t<h1 class=\"elementor-heading-title elementor-size-default\">Salvador Dali dinner<\/h1>\t\t\t\t<\/div>\n\t\t\t\t<\/div>\n\t\t\t\t<div class=\"elementor-element elementor-element-320c608 elementor-hidden-tablet elementor-hidden-mobile elementor-widget elementor-widget-text-editor\" data-id=\"320c608\" data-element_type=\"widget\" data-widget_type=\"text-editor.default\">\n\t\t\t\t<div class=\"elementor-widget-container\">\n\t\t\t\t\t\t\t\t\t<p><img fetchpriority=\"high\" decoding=\"async\" class=\"size-medium wp-image-1368 alignright\" src=\"https:\/\/tolinuoklasikos.lt\/wp-content\/uploads\/Galerijos_ikonos_toli_nuo_klasikos_Salvador_Dali-630x541.png\" alt=\"galerijos ikonos toli nuo klasikos salvador dali\" width=\"630\" height=\"541\" srcset=\"https:\/\/tolinuoklasikos.lt\/wp-content\/uploads\/Galerijos_ikonos_toli_nuo_klasikos_Salvador_Dali-630x541.png 630w, https:\/\/tolinuoklasikos.lt\/wp-content\/uploads\/Galerijos_ikonos_toli_nuo_klasikos_Salvador_Dali-768x660.png 768w, https:\/\/tolinuoklasikos.lt\/wp-content\/uploads\/Galerijos_ikonos_toli_nuo_klasikos_Salvador_Dali-900x773.png 900w, https:\/\/tolinuoklasikos.lt\/wp-content\/uploads\/Galerijos_ikonos_toli_nuo_klasikos_Salvador_Dali.png 1200w\" sizes=\"(max-width: 630px) 100vw, 630px\" \/><\/p><p>Only for the first time.<br \/>Extended selection of appetizers, proud enough to invite Salvador himself. Also, Cava. The drink that he had at the wedding with Gala.<br \/>Seafood tasting course by Dali, behind the ceramic door. Welcome drink - Gala and Salvador wedding toast.<br \/>Bovine heart and wild duck ravioli. Psychedelic sauce.<br \/>Cocktail - Dali moustache.<br \/>Cocoa, tequila and black foam with cherries and cardamom.<br \/>Moustache is guaranteed from the first sip.<br \/>Pithivier with Thuringian pork, pearl chicken mousse, lots of tarragon, foie gras, lyophilized beetroot pancakes and much more you\u2019ll be too lazy to google.<br \/>Cocktail - \"Melted Time\"<br \/>Tarragon daiquiri.<br \/>Wild pigeon supreme, burnt carrot puree with Madagascar vanilla and tonka beans. The sauce is made of autumn delicacies. Viburnum berries, chokeberry, cranberries, sea buckthorn.<br \/>Cocktail \u2013 I will live forever. Genius does not die.<br \/>Carrot sour.<br \/>Alaska. Carrot pie, foie gras ice cream, Belgian dark chocolate ice cream, meringue, fire.<br \/>Cocktail - Gala.<br \/>Bubbles. Absinthe.<br \/>We are so grateful to each other for the creativity and exceeded expectations. Team - You are amazing!<\/p>\t\t\t\t\t\t\t\t<\/div>\n\t\t\t\t<\/div>\n\t\t\t\t<div class=\"elementor-element elementor-element-67c4bb0 elementor-hidden-desktop elementor-widget elementor-widget-image\" data-id=\"67c4bb0\" data-element_type=\"widget\" data-widget_type=\"image.default\">\n\t\t\t\t<div class=\"elementor-widget-container\">\n\t\t\t\t\t\t\t\t\t\t\t\t\t\t\t<img decoding=\"async\" width=\"1200\" height=\"1031\" src=\"https:\/\/tolinuoklasikos.lt\/wp-content\/uploads\/Galerijos_ikonos_toli_nuo_klasikos_Salvador_Dali.png\" class=\"attachment-full size-full wp-image-1368\" alt=\"galerijos ikonos toli nuo klasikos salvador dali\" srcset=\"https:\/\/tolinuoklasikos.lt\/wp-content\/uploads\/Galerijos_ikonos_toli_nuo_klasikos_Salvador_Dali.png 1200w, https:\/\/tolinuoklasikos.lt\/wp-content\/uploads\/Galerijos_ikonos_toli_nuo_klasikos_Salvador_Dali-630x541.png 630w, https:\/\/tolinuoklasikos.lt\/wp-content\/uploads\/Galerijos_ikonos_toli_nuo_klasikos_Salvador_Dali-768x660.png 768w, https:\/\/tolinuoklasikos.lt\/wp-content\/uploads\/Galerijos_ikonos_toli_nuo_klasikos_Salvador_Dali-900x773.png 900w\" sizes=\"(max-width: 1200px) 100vw, 1200px\" \/>\t\t\t\t\t\t\t\t\t\t\t\t\t\t\t<\/div>\n\t\t\t\t<\/div>\n\t\t\t\t<div class=\"elementor-element elementor-element-231233d elementor-hidden-desktop elementor-widget elementor-widget-text-editor\" data-id=\"231233d\" data-element_type=\"widget\" data-widget_type=\"text-editor.default\">\n\t\t\t\t<div class=\"elementor-widget-container\">\n\t\t\t\t\t\t\t\t\t<p>Only for the first time.<\/p><p>Extended selection of appetizers, proud enough to invite Salvador himself. Also, Cava. The drink that he had at the wedding with Gala.<\/p><p>Seafood tasting course by Dali, behind the ceramic door. Welcome drink - Gala and Salvador wedding toast.<\/p><p>Bovine heart and wild duck ravioli. Psychedelic sauce.<\/p><p>Cocktail - Dali moustache.<\/p><p>Cocoa, tequila and black foam with cherries and cardamom.<\/p><p>Moustache is guaranteed from the first sip.<\/p><p>Pithivier with Thuringian pork, pearl chicken mousse, lots of tarragon, foie gras, lyophilized beetroot pancakes and much more you\u2019ll be too lazy to google.<\/p><p>Cocktail - \"Melted Time\"<\/p><p>Tarragon daiquiri.<\/p><p>Wild pigeon supreme, burnt carrot puree with Madagascar vanilla and tonka beans. The sauce is made of autumn delicacies. Viburnum berries, chokeberry, cranberries, sea buckthorn.<\/p><p>Cocktail \u2013 I will live forever. Genius does not die.<\/p><p>Carrot sour.<\/p><p>Alaska. Carrot pie, foie gras ice cream, Belgian dark chocolate ice cream, meringue, fire.<\/p><p>Cocktail - Gala.<\/p><p>Bubbles. Absinthe.<\/p><p>We are so grateful to each other for the creativity and exceeded expectations. Team - You are amazing!<\/p>\t\t\t\t\t\t\t\t<\/div>\n\t\t\t\t<\/div>\n\t\t\t\t<div class=\"elementor-element elementor-element-0d6bbd1 elementor-widget elementor-widget-heading\" data-id=\"0d6bbd1\" data-element_type=\"widget\" data-widget_type=\"heading.default\">\n\t\t\t\t<div class=\"elementor-widget-container\">\n\t\t\t\t\t<h2 class=\"elementor-heading-title elementor-size-default\">Moments of Salvador Dali dinner<\/h2>\t\t\t\t<\/div>\n\t\t\t\t<\/div>\n\t\t\t\t<div class=\"elementor-element elementor-element-643dab1 elementor-widget elementor-widget-gallery\" data-id=\"643dab1\" data-element_type=\"widget\" data-settings=\"{&quot;columns&quot;:5,&quot;columns_tablet&quot;:4,&quot;columns_mobile&quot;:2,&quot;gap&quot;:{&quot;unit&quot;:&quot;px&quot;,&quot;size&quot;:6,&quot;sizes&quot;:[]},&quot;gap_tablet&quot;:{&quot;unit&quot;:&quot;px&quot;,&quot;size&quot;:6,&quot;sizes&quot;:[]},&quot;gap_mobile&quot;:{&quot;unit&quot;:&quot;px&quot;,&quot;size&quot;:6,&quot;sizes&quot;:[]},&quot;lazyload&quot;:&quot;yes&quot;,&quot;gallery_layout&quot;:&quot;grid&quot;,&quot;link_to&quot;:&quot;file&quot;,&quot;aspect_ratio&quot;:&quot;3:2&quot;,&quot;overlay_background&quot;:&quot;yes&quot;,&quot;content_hover_animation&quot;:&quot;fade-in&quot;}\" data-widget_type=\"gallery.default\">\n\t\t\t\t<div class=\"elementor-widget-container\">\n\t\t\t\t\t\t\t<div class=\"elementor-gallery__container\">\n\t\t\t\t\t\t\t<a class=\"e-gallery-item elementor-gallery-item elementor-animated-content\" href=\"https:\/\/tolinuoklasikos.lt\/wp-content\/uploads\/Toli_nuo_klasikos_Salvadoro_Dali_0000_R6__2846-1-copy.jpg\" data-elementor-open-lightbox=\"yes\" data-elementor-lightbox-slideshow=\"643dab1\" data-e-action-hash=\"#elementor-action%3Aaction%3Dlightbox%26settings%3DeyJpZCI6MTQ3MywidXJsIjoiaHR0cHM6XC9cL3RvbGludW9rbGFzaWtvcy5sdFwvd3AtY29udGVudFwvdXBsb2Fkc1wvVG9saV9udW9fa2xhc2lrb3NfU2FsdmFkb3JvX0RhbGlfMDAwMF9SNl9fMjg0Ni0xLWNvcHkuanBnIiwic2xpZGVzaG93IjoiNjQzZGFiMSJ9\">\n\t\t\t\t\t<div class=\"e-gallery-image elementor-gallery-item__image\" data-thumbnail=\"https:\/\/tolinuoklasikos.lt\/wp-content\/uploads\/Toli_nuo_klasikos_Salvadoro_Dali_0000_R6__2846-1-copy-630x420.jpg\" data-width=\"630\" data-height=\"420\" aria-label=\"toli nuo klasikos salvadoro dali 0000 r6 2846 1 copy\" role=\"img\" ><\/div>\n\t\t\t\t\t\t\t\t\t\t\t<div class=\"elementor-gallery-item__overlay\"><\/div>\n\t\t\t\t\t\t\t\t\t\t\t\t\t\t<\/a>\n\t\t\t\t\t\t\t<a class=\"e-gallery-item elementor-gallery-item elementor-animated-content\" href=\"https:\/\/tolinuoklasikos.lt\/wp-content\/uploads\/Toli_nuo_klasikos_Salvadoro_Dali_0001_R6__2568-1-copy.jpg\" data-elementor-open-lightbox=\"yes\" data-elementor-lightbox-slideshow=\"643dab1\" data-e-action-hash=\"#elementor-action%3Aaction%3Dlightbox%26settings%3DeyJpZCI6MTQ3NCwidXJsIjoiaHR0cHM6XC9cL3RvbGludW9rbGFzaWtvcy5sdFwvd3AtY29udGVudFwvdXBsb2Fkc1wvVG9saV9udW9fa2xhc2lrb3NfU2FsdmFkb3JvX0RhbGlfMDAwMV9SNl9fMjU2OC0xLWNvcHkuanBnIiwic2xpZGVzaG93IjoiNjQzZGFiMSJ9\">\n\t\t\t\t\t<div class=\"e-gallery-image elementor-gallery-item__image\" data-thumbnail=\"https:\/\/tolinuoklasikos.lt\/wp-content\/uploads\/Toli_nuo_klasikos_Salvadoro_Dali_0001_R6__2568-1-copy-630x420.jpg\" data-width=\"630\" data-height=\"420\" aria-label=\"toli nuo klasikos salvadoro dali 0001 r6 2568 1 copy\" role=\"img\" ><\/div>\n\t\t\t\t\t\t\t\t\t\t\t<div class=\"elementor-gallery-item__overlay\"><\/div>\n\t\t\t\t\t\t\t\t\t\t\t\t\t\t<\/a>\n\t\t\t\t\t\t\t<a class=\"e-gallery-item elementor-gallery-item elementor-animated-content\" href=\"https:\/\/tolinuoklasikos.lt\/wp-content\/uploads\/Toli_nuo_klasikos_Salvadoro_Dali_0001_R6__3270-1-copy.jpg\" data-elementor-open-lightbox=\"yes\" data-elementor-lightbox-slideshow=\"643dab1\" data-e-action-hash=\"#elementor-action%3Aaction%3Dlightbox%26settings%3DeyJpZCI6MTQ3NSwidXJsIjoiaHR0cHM6XC9cL3RvbGludW9rbGFzaWtvcy5sdFwvd3AtY29udGVudFwvdXBsb2Fkc1wvVG9saV9udW9fa2xhc2lrb3NfU2FsdmFkb3JvX0RhbGlfMDAwMV9SNl9fMzI3MC0xLWNvcHkuanBnIiwic2xpZGVzaG93IjoiNjQzZGFiMSJ9\">\n\t\t\t\t\t<div class=\"e-gallery-image elementor-gallery-item__image\" data-thumbnail=\"https:\/\/tolinuoklasikos.lt\/wp-content\/uploads\/Toli_nuo_klasikos_Salvadoro_Dali_0001_R6__3270-1-copy-630x420.jpg\" data-width=\"630\" data-height=\"420\" aria-label=\"toli nuo klasikos salvadoro dali 0001 r6 3270 1 copy\" role=\"img\" ><\/div>\n\t\t\t\t\t\t\t\t\t\t\t<div class=\"elementor-gallery-item__overlay\"><\/div>\n\t\t\t\t\t\t\t\t\t\t\t\t\t\t<\/a>\n\t\t\t\t\t\t\t<a class=\"e-gallery-item elementor-gallery-item elementor-animated-content\" href=\"https:\/\/tolinuoklasikos.lt\/wp-content\/uploads\/Toli_nuo_klasikos_Salvadoro_Dali_0003_R6__3432-1-copy.jpg\" data-elementor-open-lightbox=\"yes\" data-elementor-lightbox-slideshow=\"643dab1\" data-e-action-hash=\"#elementor-action%3Aaction%3Dlightbox%26settings%3DeyJpZCI6MTQ3NiwidXJsIjoiaHR0cHM6XC9cL3RvbGludW9rbGFzaWtvcy5sdFwvd3AtY29udGVudFwvdXBsb2Fkc1wvVG9saV9udW9fa2xhc2lrb3NfU2FsdmFkb3JvX0RhbGlfMDAwM19SNl9fMzQzMi0xLWNvcHkuanBnIiwic2xpZGVzaG93IjoiNjQzZGFiMSJ9\">\n\t\t\t\t\t<div class=\"e-gallery-image elementor-gallery-item__image\" data-thumbnail=\"https:\/\/tolinuoklasikos.lt\/wp-content\/uploads\/Toli_nuo_klasikos_Salvadoro_Dali_0003_R6__3432-1-copy-630x420.jpg\" data-width=\"630\" data-height=\"420\" aria-label=\"toli nuo klasikos salvadoro dali 0003 r6 3432 1 copy\" role=\"img\" ><\/div>\n\t\t\t\t\t\t\t\t\t\t\t<div class=\"elementor-gallery-item__overlay\"><\/div>\n\t\t\t\t\t\t\t\t\t\t\t\t\t\t<\/a>\n\t\t\t\t\t\t\t<a class=\"e-gallery-item elementor-gallery-item elementor-animated-content\" href=\"https:\/\/tolinuoklasikos.lt\/wp-content\/uploads\/Toli_nuo_klasikos_Salvadoro_Dali_0004_R6__3293-1-copy.jpg\" data-elementor-open-lightbox=\"yes\" data-elementor-lightbox-slideshow=\"643dab1\" data-e-action-hash=\"#elementor-action%3Aaction%3Dlightbox%26settings%3DeyJpZCI6MTQ3NywidXJsIjoiaHR0cHM6XC9cL3RvbGludW9rbGFzaWtvcy5sdFwvd3AtY29udGVudFwvdXBsb2Fkc1wvVG9saV9udW9fa2xhc2lrb3NfU2FsdmFkb3JvX0RhbGlfMDAwNF9SNl9fMzI5My0xLWNvcHkuanBnIiwic2xpZGVzaG93IjoiNjQzZGFiMSJ9\">\n\t\t\t\t\t<div class=\"e-gallery-image elementor-gallery-item__image\" data-thumbnail=\"https:\/\/tolinuoklasikos.lt\/wp-content\/uploads\/Toli_nuo_klasikos_Salvadoro_Dali_0004_R6__3293-1-copy-630x420.jpg\" data-width=\"630\" data-height=\"420\" aria-label=\"toli nuo klasikos salvadoro dali 0004 r6 3293 1 copy\" role=\"img\" ><\/div>\n\t\t\t\t\t\t\t\t\t\t\t<div class=\"elementor-gallery-item__overlay\"><\/div>\n\t\t\t\t\t\t\t\t\t\t\t\t\t\t<\/a>\n\t\t\t\t\t\t\t<a class=\"e-gallery-item elementor-gallery-item elementor-animated-content\" href=\"https:\/\/tolinuoklasikos.lt\/wp-content\/uploads\/Toli_nuo_klasikos_Salvadoro_Dali_0005_R6__3005-1-copy.jpg\" data-elementor-open-lightbox=\"yes\" data-elementor-lightbox-slideshow=\"643dab1\" data-e-action-hash=\"#elementor-action%3Aaction%3Dlightbox%26settings%3DeyJpZCI6MTQ3OCwidXJsIjoiaHR0cHM6XC9cL3RvbGludW9rbGFzaWtvcy5sdFwvd3AtY29udGVudFwvdXBsb2Fkc1wvVG9saV9udW9fa2xhc2lrb3NfU2FsdmFkb3JvX0RhbGlfMDAwNV9SNl9fMzAwNS0xLWNvcHkuanBnIiwic2xpZGVzaG93IjoiNjQzZGFiMSJ9\">\n\t\t\t\t\t<div class=\"e-gallery-image elementor-gallery-item__image\" data-thumbnail=\"https:\/\/tolinuoklasikos.lt\/wp-content\/uploads\/Toli_nuo_klasikos_Salvadoro_Dali_0005_R6__3005-1-copy-630x420.jpg\" data-width=\"630\" data-height=\"420\" aria-label=\"toli nuo klasikos salvadoro dali 0005 r6 3005 1 copy\" role=\"img\" ><\/div>\n\t\t\t\t\t\t\t\t\t\t\t<div class=\"elementor-gallery-item__overlay\"><\/div>\n\t\t\t\t\t\t\t\t\t\t\t\t\t\t<\/a>\n\t\t\t\t\t\t\t<a class=\"e-gallery-item elementor-gallery-item elementor-animated-content\" href=\"https:\/\/tolinuoklasikos.lt\/wp-content\/uploads\/Toli_nuo_klasikos_Salvadoro_Dali_0006_R6__3391-1-copy.jpg\" data-elementor-open-lightbox=\"yes\" data-elementor-lightbox-slideshow=\"643dab1\" data-e-action-hash=\"#elementor-action%3Aaction%3Dlightbox%26settings%3DeyJpZCI6MTQ3OSwidXJsIjoiaHR0cHM6XC9cL3RvbGludW9rbGFzaWtvcy5sdFwvd3AtY29udGVudFwvdXBsb2Fkc1wvVG9saV9udW9fa2xhc2lrb3NfU2FsdmFkb3JvX0RhbGlfMDAwNl9SNl9fMzM5MS0xLWNvcHkuanBnIiwic2xpZGVzaG93IjoiNjQzZGFiMSJ9\">\n\t\t\t\t\t<div class=\"e-gallery-image elementor-gallery-item__image\" data-thumbnail=\"https:\/\/tolinuoklasikos.lt\/wp-content\/uploads\/Toli_nuo_klasikos_Salvadoro_Dali_0006_R6__3391-1-copy-630x420.jpg\" data-width=\"630\" data-height=\"420\" aria-label=\"toli nuo klasikos salvadoro dali 0006 r6 3391 1 copy\" role=\"img\" ><\/div>\n\t\t\t\t\t\t\t\t\t\t\t<div class=\"elementor-gallery-item__overlay\"><\/div>\n\t\t\t\t\t\t\t\t\t\t\t\t\t\t<\/a>\n\t\t\t\t\t\t\t<a class=\"e-gallery-item elementor-gallery-item elementor-animated-content\" href=\"https:\/\/tolinuoklasikos.lt\/wp-content\/uploads\/Toli_nuo_klasikos_Salvadoro_Dali_0007_R6__3120-1-copy.jpg\" data-elementor-open-lightbox=\"yes\" data-elementor-lightbox-slideshow=\"643dab1\" data-e-action-hash=\"#elementor-action%3Aaction%3Dlightbox%26settings%3DeyJpZCI6MTQ4MCwidXJsIjoiaHR0cHM6XC9cL3RvbGludW9rbGFzaWtvcy5sdFwvd3AtY29udGVudFwvdXBsb2Fkc1wvVG9saV9udW9fa2xhc2lrb3NfU2FsdmFkb3JvX0RhbGlfMDAwN19SNl9fMzEyMC0xLWNvcHkuanBnIiwic2xpZGVzaG93IjoiNjQzZGFiMSJ9\">\n\t\t\t\t\t<div class=\"e-gallery-image elementor-gallery-item__image\" data-thumbnail=\"https:\/\/tolinuoklasikos.lt\/wp-content\/uploads\/Toli_nuo_klasikos_Salvadoro_Dali_0007_R6__3120-1-copy-630x420.jpg\" data-width=\"630\" data-height=\"420\" aria-label=\"toli nuo klasikos salvadoro dali 0007 r6 3120 1 copy\" role=\"img\" ><\/div>\n\t\t\t\t\t\t\t\t\t\t\t<div class=\"elementor-gallery-item__overlay\"><\/div>\n\t\t\t\t\t\t\t\t\t\t\t\t\t\t<\/a>\n\t\t\t\t\t\t\t<a class=\"e-gallery-item elementor-gallery-item elementor-animated-content\" href=\"https:\/\/tolinuoklasikos.lt\/wp-content\/uploads\/Toli_nuo_klasikos_Salvadoro_Dali_0008_R6__3436-1-copy.jpg\" data-elementor-open-lightbox=\"yes\" data-elementor-lightbox-slideshow=\"643dab1\" data-e-action-hash=\"#elementor-action%3Aaction%3Dlightbox%26settings%3DeyJpZCI6MTQ4MSwidXJsIjoiaHR0cHM6XC9cL3RvbGludW9rbGFzaWtvcy5sdFwvd3AtY29udGVudFwvdXBsb2Fkc1wvVG9saV9udW9fa2xhc2lrb3NfU2FsdmFkb3JvX0RhbGlfMDAwOF9SNl9fMzQzNi0xLWNvcHkuanBnIiwic2xpZGVzaG93IjoiNjQzZGFiMSJ9\">\n\t\t\t\t\t<div class=\"e-gallery-image elementor-gallery-item__image\" data-thumbnail=\"https:\/\/tolinuoklasikos.lt\/wp-content\/uploads\/Toli_nuo_klasikos_Salvadoro_Dali_0008_R6__3436-1-copy-630x420.jpg\" data-width=\"630\" data-height=\"420\" aria-label=\"toli nuo klasikos salvadoro dali 0008 r6 3436 1 copy\" role=\"img\" ><\/div>\n\t\t\t\t\t\t\t\t\t\t\t<div class=\"elementor-gallery-item__overlay\"><\/div>\n\t\t\t\t\t\t\t\t\t\t\t\t\t\t<\/a>\n\t\t\t\t\t\t\t<a class=\"e-gallery-item elementor-gallery-item elementor-animated-content\" href=\"https:\/\/tolinuoklasikos.lt\/wp-content\/uploads\/Toli_nuo_klasikos_Salvadoro_Dali_0009_R6__2843-1-copy.jpg\" data-elementor-open-lightbox=\"yes\" data-elementor-lightbox-slideshow=\"643dab1\" data-e-action-hash=\"#elementor-action%3Aaction%3Dlightbox%26settings%3DeyJpZCI6MTQ4MiwidXJsIjoiaHR0cHM6XC9cL3RvbGludW9rbGFzaWtvcy5sdFwvd3AtY29udGVudFwvdXBsb2Fkc1wvVG9saV9udW9fa2xhc2lrb3NfU2FsdmFkb3JvX0RhbGlfMDAwOV9SNl9fMjg0My0xLWNvcHkuanBnIiwic2xpZGVzaG93IjoiNjQzZGFiMSJ9\">\n\t\t\t\t\t<div class=\"e-gallery-image elementor-gallery-item__image\" data-thumbnail=\"https:\/\/tolinuoklasikos.lt\/wp-content\/uploads\/Toli_nuo_klasikos_Salvadoro_Dali_0009_R6__2843-1-copy-630x420.jpg\" data-width=\"630\" data-height=\"420\" aria-label=\"Kaledines vakarienes su Toli nuo klasikos\" role=\"img\" ><\/div>\n\t\t\t\t\t\t\t\t\t\t\t<div class=\"elementor-gallery-item__overlay\"><\/div>\n\t\t\t\t\t\t\t\t\t\t\t\t\t\t<\/a>\n\t\t\t\t\t<\/div>\n\t\t\t\t\t<\/div>\n\t\t\t\t<\/div>\n\t\t\t\t\t<\/div>\n\t\t<\/div>\n\t\t\t\t\t<\/div>\n\t\t<\/section>\n\t\t\t\t<\/div>","protected":false},"excerpt":{"rendered":"<p>Salvador Dali vakarien\u0117 Tik pirmas kartas.Aperityvui visas stalas, kurio nei Salvadorui g\u0117da neb\u016bt\u0173 parodyti. Ir Cava. Kaip judviej\u0173 su Gala vestuvi\u0173 g\u0117rimas.Dali degustacinis j\u016br\u0173 g\u0117rybi\u0173 stalas u\u017e keramikini\u0173 dur\u0173. Pasitikimo taur\u0117 \u2013 Galos ir Salvadoro vestuvi\u0173 g\u0117rimas.Jau\u010dio \u0161irdies ir laukin\u0117s anties ravioli. Psichodelinis pada\u017eas.Kokteilis \u2013 Dali \u016bsai.Kakava, tekila ir juoda puta su vy\u0161niomis ir kardamonu.Nuo [&hellip;]<\/p>","protected":false},"author":1,"featured_media":1368,"parent":0,"menu_order":0,"comment_status":"closed","ping_status":"closed","template":"elementor_header_footer","meta":{"_seopress_robots_primary_cat":"","_seopress_titles_title":"Salvador Dali vakarien\u0117 - ToLi nuo klasikos","_seopress_titles_desc":"","_seopress_robots_index":"","footnotes":""},"class_list":["post-1379","page","type-page","status-publish","has-post-thumbnail","hentry"],"_links":{"self":[{"href":"https:\/\/tolinuoklasikos.lt\/en\/wp-json\/wp\/v2\/pages\/1379","targetHints":{"allow":["GET"]}}],"collection":[{"href":"https:\/\/tolinuoklasikos.lt\/en\/wp-json\/wp\/v2\/pages"}],"about":[{"href":"https:\/\/tolinuoklasikos.lt\/en\/wp-json\/wp\/v2\/types\/page"}],"author":[{"embeddable":true,"href":"https:\/\/tolinuoklasikos.lt\/en\/wp-json\/wp\/v2\/users\/1"}],"replies":[{"embeddable":true,"href":"https:\/\/tolinuoklasikos.lt\/en\/wp-json\/wp\/v2\/comments?post=1379"}],"version-history":[{"count":0,"href":"https:\/\/tolinuoklasikos.lt\/en\/wp-json\/wp\/v2\/pages\/1379\/revisions"}],"wp:featuredmedia":[{"embeddable":true,"href":"https:\/\/tolinuoklasikos.lt\/en\/wp-json\/wp\/v2\/media\/1368"}],"wp:attachment":[{"href":"https:\/\/tolinuoklasikos.lt\/en\/wp-json\/wp\/v2\/media?parent=1379"}],"curies":[{"name":"wp","href":"https:\/\/api.w.org\/{rel}","templated":true}]}}