{"id":1384,"date":"2021-11-19T20:40:31","date_gmt":"2021-11-19T18:40:31","guid":{"rendered":"https:\/\/tolinuoklasikos.lt\/?page_id=1384"},"modified":"2024-06-11T22:21:34","modified_gmt":"2024-06-11T20:21:34","slug":"frida-khalo-vakariene","status":"publish","type":"page","link":"https:\/\/tolinuoklasikos.lt\/en\/frida-khalo-vakariene\/","title":{"rendered":"Frida Khalo vakarien\u0117"},"content":{"rendered":"<div data-elementor-type=\"wp-page\" data-elementor-id=\"1384\" class=\"elementor elementor-1384\" data-elementor-post-type=\"page\">\n\t\t\t\t\t\t<section class=\"elementor-section elementor-top-section elementor-element elementor-element-56cc8f7 elementor-section-boxed elementor-section-height-default elementor-section-height-default\" data-id=\"56cc8f7\" data-element_type=\"section\">\n\t\t\t\t\t\t<div class=\"elementor-container elementor-column-gap-default\">\n\t\t\t\t\t<div class=\"elementor-column elementor-col-100 elementor-top-column elementor-element elementor-element-77fe722\" data-id=\"77fe722\" data-element_type=\"column\">\n\t\t\t<div class=\"elementor-widget-wrap elementor-element-populated\">\n\t\t\t\t\t\t<div class=\"elementor-element elementor-element-5173c05 elementor-widget elementor-widget-heading\" data-id=\"5173c05\" data-element_type=\"widget\" data-widget_type=\"heading.default\">\n\t\t\t\t<div class=\"elementor-widget-container\">\n\t\t\t\t\t<h1 class=\"elementor-heading-title elementor-size-default\">Frida Kahlo dinner<\/h1>\t\t\t\t<\/div>\n\t\t\t\t<\/div>\n\t\t\t\t<div class=\"elementor-element elementor-element-6bdfbb9 elementor-hidden-tablet elementor-hidden-mobile elementor-widget elementor-widget-text-editor\" data-id=\"6bdfbb9\" data-element_type=\"widget\" data-widget_type=\"text-editor.default\">\n\t\t\t\t<div class=\"elementor-widget-container\">\n\t\t\t\t\t\t\t\t\t<p><img fetchpriority=\"high\" decoding=\"async\" class=\"wp-image-1367 size-medium alignright\" src=\"https:\/\/tolinuoklasikos.lt\/wp-content\/uploads\/Galerijos_ikonos_toli_nuo_klasikos_Frida_Khalo-630x524.png\" alt=\"galerijos ikonos toli nuo klasikos frida khalo\" width=\"630\" height=\"524\" srcset=\"https:\/\/tolinuoklasikos.lt\/wp-content\/uploads\/Galerijos_ikonos_toli_nuo_klasikos_Frida_Khalo-630x524.png 630w, https:\/\/tolinuoklasikos.lt\/wp-content\/uploads\/Galerijos_ikonos_toli_nuo_klasikos_Frida_Khalo-768x639.png 768w, https:\/\/tolinuoklasikos.lt\/wp-content\/uploads\/Galerijos_ikonos_toli_nuo_klasikos_Frida_Khalo-900x749.png 900w, https:\/\/tolinuoklasikos.lt\/wp-content\/uploads\/Galerijos_ikonos_toli_nuo_klasikos_Frida_Khalo.png 1200w\" sizes=\"(max-width: 630px) 100vw, 630px\" \/>I sat down alongside the grill. I was waiting for the coal to ignite. Barbecue day.<\/p><p>It\u2019s good that we got the jackets so warm. It helps a lot as it drizzles gradually more and more at the end of autumn. As much as you hate this weather, it still has one indivisible virtue - Sea. This is the time already when the rustling of the sea is so loud that those 100 meters beyond the dune no longer matter. The noise even finds our outdoor kitchenette to please one\u2019s ears. I then slip into my hood and let the sea drops caress my face.<\/p><p>Microscopic droplets, like small blades, starve the skin, and you feel so alive.<\/p><p>I started on such a cold note for some purpose. I meant to share Frida Kahlo\u2019s dinner moments and show how wonderful it is to spark some colours, and joy and reveal the beauty of dining in fantasy.<br>The rain didn\u2019t stop us from hitting the pi\u00f1atas in the forest and laughing our heads off.<br>After all, there is no bad weather. Especially when having a great party.<\/p>\n<p><b>Greetings from our Casa Azul!<\/b><\/p>\t\t\t\t\t\t\t\t<\/div>\n\t\t\t\t<\/div>\n\t\t\t\t<div class=\"elementor-element elementor-element-ae68431 elementor-hidden-desktop elementor-widget elementor-widget-image\" data-id=\"ae68431\" data-element_type=\"widget\" data-widget_type=\"image.default\">\n\t\t\t\t<div class=\"elementor-widget-container\">\n\t\t\t\t\t\t\t\t\t\t\t\t\t\t\t<img decoding=\"async\" width=\"1200\" height=\"998\" src=\"https:\/\/tolinuoklasikos.lt\/wp-content\/uploads\/Galerijos_ikonos_toli_nuo_klasikos_Frida_Khalo.png\" class=\"attachment-full size-full wp-image-1367\" alt=\"galerijos ikonos toli nuo klasikos frida khalo\" srcset=\"https:\/\/tolinuoklasikos.lt\/wp-content\/uploads\/Galerijos_ikonos_toli_nuo_klasikos_Frida_Khalo.png 1200w, https:\/\/tolinuoklasikos.lt\/wp-content\/uploads\/Galerijos_ikonos_toli_nuo_klasikos_Frida_Khalo-630x524.png 630w, https:\/\/tolinuoklasikos.lt\/wp-content\/uploads\/Galerijos_ikonos_toli_nuo_klasikos_Frida_Khalo-768x639.png 768w, https:\/\/tolinuoklasikos.lt\/wp-content\/uploads\/Galerijos_ikonos_toli_nuo_klasikos_Frida_Khalo-900x749.png 900w\" sizes=\"(max-width: 1200px) 100vw, 1200px\" \/>\t\t\t\t\t\t\t\t\t\t\t\t\t\t\t<\/div>\n\t\t\t\t<\/div>\n\t\t\t\t<div class=\"elementor-element elementor-element-465b2d1 elementor-hidden-desktop elementor-widget elementor-widget-text-editor\" data-id=\"465b2d1\" data-element_type=\"widget\" data-widget_type=\"text-editor.default\">\n\t\t\t\t<div class=\"elementor-widget-container\">\n\t\t\t\t\t\t\t\t\t<p>I sat down alongside the grill. I was waiting for the coal to ignite. Barbecue day.<\/p><p>It\u2019s good that we got the jackets so warm. It helps a lot as it drizzles gradually more and more at the end of autumn. As much as you hate this weather, it still has one indivisible virtue - Sea. This is the time already when the rustling of the sea is so loud that those 100 meters beyond the dune no longer matter. The noise even finds our outdoor kitchenette to please one\u2019s ears. I then slip into my hood and let the sea drops caress my face.<\/p><p>I started on such a cold note for some purpose. I meant to share Frida Kahlo\u2019s dinner moments and show how wonderful it is to spark some colours, and joy and reveal the beauty of dining in fantasy.<\/p><p>The rain didn\u2019t stop us from hitting the pi\u00f1atas in the forest and laughing our heads off.<\/p><p>After all, there is no bad weather. Especially when having a great party.<\/p><p><b>Greetings from our Casa Azul!<\/b><\/p>\t\t\t\t\t\t\t\t<\/div>\n\t\t\t\t<\/div>\n\t\t\t\t<div class=\"elementor-element elementor-element-0d6bbd1 elementor-widget elementor-widget-heading\" data-id=\"0d6bbd1\" data-element_type=\"widget\" data-widget_type=\"heading.default\">\n\t\t\t\t<div class=\"elementor-widget-container\">\n\t\t\t\t\t<h2 class=\"elementor-heading-title elementor-size-default\">Moments of Frida Kahlo dinner<\/h2>\t\t\t\t<\/div>\n\t\t\t\t<\/div>\n\t\t\t\t<div class=\"elementor-element elementor-element-643dab1 elementor-widget elementor-widget-gallery\" data-id=\"643dab1\" data-element_type=\"widget\" data-settings=\"{&quot;columns&quot;:5,&quot;columns_tablet&quot;:4,&quot;columns_mobile&quot;:2,&quot;gap&quot;:{&quot;unit&quot;:&quot;px&quot;,&quot;size&quot;:6,&quot;sizes&quot;:[]},&quot;gap_tablet&quot;:{&quot;unit&quot;:&quot;px&quot;,&quot;size&quot;:6,&quot;sizes&quot;:[]},&quot;gap_mobile&quot;:{&quot;unit&quot;:&quot;px&quot;,&quot;size&quot;:6,&quot;sizes&quot;:[]},&quot;lazyload&quot;:&quot;yes&quot;,&quot;gallery_layout&quot;:&quot;grid&quot;,&quot;link_to&quot;:&quot;file&quot;,&quot;aspect_ratio&quot;:&quot;3:2&quot;,&quot;overlay_background&quot;:&quot;yes&quot;,&quot;content_hover_animation&quot;:&quot;fade-in&quot;}\" data-widget_type=\"gallery.default\">\n\t\t\t\t<div class=\"elementor-widget-container\">\n\t\t\t\t\t\t\t<div class=\"elementor-gallery__container\">\n\t\t\t\t\t\t\t<a class=\"e-gallery-item elementor-gallery-item elementor-animated-content\" href=\"https:\/\/tolinuoklasikos.lt\/wp-content\/uploads\/Toli_nuo_klasikos_Frida_0000_R6__1964-1-copy.jpg\" data-elementor-open-lightbox=\"yes\" data-elementor-lightbox-slideshow=\"643dab1\" data-e-action-hash=\"#elementor-action%3Aaction%3Dlightbox%26settings%3DeyJpZCI6MTUwMywidXJsIjoiaHR0cHM6XC9cL3RvbGludW9rbGFzaWtvcy5sdFwvd3AtY29udGVudFwvdXBsb2Fkc1wvVG9saV9udW9fa2xhc2lrb3NfRnJpZGFfMDAwMF9SNl9fMTk2NC0xLWNvcHkuanBnIiwic2xpZGVzaG93IjoiNjQzZGFiMSJ9\">\n\t\t\t\t\t<div class=\"e-gallery-image elementor-gallery-item__image\" data-thumbnail=\"https:\/\/tolinuoklasikos.lt\/wp-content\/uploads\/Toli_nuo_klasikos_Frida_0000_R6__1964-1-copy-630x420.jpg\" data-width=\"630\" data-height=\"420\" aria-label=\"toli nuo klasikos frida 0000 r6 1964 1 copy\" role=\"img\" ><\/div>\n\t\t\t\t\t\t\t\t\t\t\t<div class=\"elementor-gallery-item__overlay\"><\/div>\n\t\t\t\t\t\t\t\t\t\t\t\t\t\t<\/a>\n\t\t\t\t\t\t\t<a class=\"e-gallery-item elementor-gallery-item elementor-animated-content\" href=\"https:\/\/tolinuoklasikos.lt\/wp-content\/uploads\/Toli_nuo_klasikos_Frida_0001_R6__1953-1-copy.jpg\" data-elementor-open-lightbox=\"yes\" data-elementor-lightbox-slideshow=\"643dab1\" data-e-action-hash=\"#elementor-action%3Aaction%3Dlightbox%26settings%3DeyJpZCI6MTUwNCwidXJsIjoiaHR0cHM6XC9cL3RvbGludW9rbGFzaWtvcy5sdFwvd3AtY29udGVudFwvdXBsb2Fkc1wvVG9saV9udW9fa2xhc2lrb3NfRnJpZGFfMDAwMV9SNl9fMTk1My0xLWNvcHkuanBnIiwic2xpZGVzaG93IjoiNjQzZGFiMSJ9\">\n\t\t\t\t\t<div class=\"e-gallery-image elementor-gallery-item__image\" data-thumbnail=\"https:\/\/tolinuoklasikos.lt\/wp-content\/uploads\/Toli_nuo_klasikos_Frida_0001_R6__1953-1-copy-630x420.jpg\" data-width=\"630\" data-height=\"420\" aria-label=\"toli nuo klasikos frida 0001 r6 1953 1 copy\" role=\"img\" ><\/div>\n\t\t\t\t\t\t\t\t\t\t\t<div class=\"elementor-gallery-item__overlay\"><\/div>\n\t\t\t\t\t\t\t\t\t\t\t\t\t\t<\/a>\n\t\t\t\t\t\t\t<a class=\"e-gallery-item elementor-gallery-item elementor-animated-content\" href=\"https:\/\/tolinuoklasikos.lt\/wp-content\/uploads\/Toli_nuo_klasikos_Frida_0001_R6__1954-1-copy.jpg\" data-elementor-open-lightbox=\"yes\" data-elementor-lightbox-slideshow=\"643dab1\" data-e-action-hash=\"#elementor-action%3Aaction%3Dlightbox%26settings%3DeyJpZCI6MTUwNSwidXJsIjoiaHR0cHM6XC9cL3RvbGludW9rbGFzaWtvcy5sdFwvd3AtY29udGVudFwvdXBsb2Fkc1wvVG9saV9udW9fa2xhc2lrb3NfRnJpZGFfMDAwMV9SNl9fMTk1NC0xLWNvcHkuanBnIiwic2xpZGVzaG93IjoiNjQzZGFiMSJ9\">\n\t\t\t\t\t<div class=\"e-gallery-image elementor-gallery-item__image\" data-thumbnail=\"https:\/\/tolinuoklasikos.lt\/wp-content\/uploads\/Toli_nuo_klasikos_Frida_0001_R6__1954-1-copy-630x420.jpg\" data-width=\"630\" data-height=\"420\" aria-label=\"toli nuo klasikos frida 0001 r6 1954 1 copy\" role=\"img\" ><\/div>\n\t\t\t\t\t\t\t\t\t\t\t<div class=\"elementor-gallery-item__overlay\"><\/div>\n\t\t\t\t\t\t\t\t\t\t\t\t\t\t<\/a>\n\t\t\t\t\t\t\t<a class=\"e-gallery-item elementor-gallery-item elementor-animated-content\" href=\"https:\/\/tolinuoklasikos.lt\/wp-content\/uploads\/Toli_nuo_klasikos_Frida_0002_R6__2283-1-copy.jpg\" data-elementor-open-lightbox=\"yes\" data-elementor-lightbox-slideshow=\"643dab1\" data-e-action-hash=\"#elementor-action%3Aaction%3Dlightbox%26settings%3DeyJpZCI6MTUwNiwidXJsIjoiaHR0cHM6XC9cL3RvbGludW9rbGFzaWtvcy5sdFwvd3AtY29udGVudFwvdXBsb2Fkc1wvVG9saV9udW9fa2xhc2lrb3NfRnJpZGFfMDAwMl9SNl9fMjI4My0xLWNvcHkuanBnIiwic2xpZGVzaG93IjoiNjQzZGFiMSJ9\">\n\t\t\t\t\t<div class=\"e-gallery-image elementor-gallery-item__image\" data-thumbnail=\"https:\/\/tolinuoklasikos.lt\/wp-content\/uploads\/Toli_nuo_klasikos_Frida_0002_R6__2283-1-copy-630x420.jpg\" data-width=\"630\" data-height=\"420\" aria-label=\"toli nuo klasikos frida 0002 r6 2283 1 copy\" role=\"img\" ><\/div>\n\t\t\t\t\t\t\t\t\t\t\t<div class=\"elementor-gallery-item__overlay\"><\/div>\n\t\t\t\t\t\t\t\t\t\t\t\t\t\t<\/a>\n\t\t\t\t\t\t\t<a class=\"e-gallery-item elementor-gallery-item elementor-animated-content\" href=\"https:\/\/tolinuoklasikos.lt\/wp-content\/uploads\/Toli_nuo_klasikos_Frida_0003_R6__1918-1-copy.jpg\" data-elementor-open-lightbox=\"yes\" data-elementor-lightbox-slideshow=\"643dab1\" data-e-action-hash=\"#elementor-action%3Aaction%3Dlightbox%26settings%3DeyJpZCI6MTUwNywidXJsIjoiaHR0cHM6XC9cL3RvbGludW9rbGFzaWtvcy5sdFwvd3AtY29udGVudFwvdXBsb2Fkc1wvVG9saV9udW9fa2xhc2lrb3NfRnJpZGFfMDAwM19SNl9fMTkxOC0xLWNvcHkuanBnIiwic2xpZGVzaG93IjoiNjQzZGFiMSJ9\">\n\t\t\t\t\t<div class=\"e-gallery-image elementor-gallery-item__image\" data-thumbnail=\"https:\/\/tolinuoklasikos.lt\/wp-content\/uploads\/Toli_nuo_klasikos_Frida_0003_R6__1918-1-copy-630x420.jpg\" data-width=\"630\" data-height=\"420\" aria-label=\"toli nuo klasikos frida 0003 r6 1918 1 copy\" role=\"img\" ><\/div>\n\t\t\t\t\t\t\t\t\t\t\t<div class=\"elementor-gallery-item__overlay\"><\/div>\n\t\t\t\t\t\t\t\t\t\t\t\t\t\t<\/a>\n\t\t\t\t\t\t\t<a class=\"e-gallery-item elementor-gallery-item elementor-animated-content\" href=\"https:\/\/tolinuoklasikos.lt\/wp-content\/uploads\/Toli_nuo_klasikos_Frida_0004_R6__1997-1-copy.jpg\" data-elementor-open-lightbox=\"yes\" data-elementor-lightbox-slideshow=\"643dab1\" data-e-action-hash=\"#elementor-action%3Aaction%3Dlightbox%26settings%3DeyJpZCI6MTUwOCwidXJsIjoiaHR0cHM6XC9cL3RvbGludW9rbGFzaWtvcy5sdFwvd3AtY29udGVudFwvdXBsb2Fkc1wvVG9saV9udW9fa2xhc2lrb3NfRnJpZGFfMDAwNF9SNl9fMTk5Ny0xLWNvcHkuanBnIiwic2xpZGVzaG93IjoiNjQzZGFiMSJ9\">\n\t\t\t\t\t<div class=\"e-gallery-image elementor-gallery-item__image\" data-thumbnail=\"https:\/\/tolinuoklasikos.lt\/wp-content\/uploads\/Toli_nuo_klasikos_Frida_0004_R6__1997-1-copy-630x420.jpg\" data-width=\"630\" data-height=\"420\" aria-label=\"toli nuo klasikos frida 0004 r6 1997 1 copy\" role=\"img\" ><\/div>\n\t\t\t\t\t\t\t\t\t\t\t<div class=\"elementor-gallery-item__overlay\"><\/div>\n\t\t\t\t\t\t\t\t\t\t\t\t\t\t<\/a>\n\t\t\t\t\t\t\t<a class=\"e-gallery-item elementor-gallery-item elementor-animated-content\" href=\"https:\/\/tolinuoklasikos.lt\/wp-content\/uploads\/Toli_nuo_klasikos_Frida_0005_R6__2578-1-copy.jpg\" data-elementor-open-lightbox=\"yes\" data-elementor-lightbox-slideshow=\"643dab1\" data-e-action-hash=\"#elementor-action%3Aaction%3Dlightbox%26settings%3DeyJpZCI6MTUwOSwidXJsIjoiaHR0cHM6XC9cL3RvbGludW9rbGFzaWtvcy5sdFwvd3AtY29udGVudFwvdXBsb2Fkc1wvVG9saV9udW9fa2xhc2lrb3NfRnJpZGFfMDAwNV9SNl9fMjU3OC0xLWNvcHkuanBnIiwic2xpZGVzaG93IjoiNjQzZGFiMSJ9\">\n\t\t\t\t\t<div class=\"e-gallery-image elementor-gallery-item__image\" data-thumbnail=\"https:\/\/tolinuoklasikos.lt\/wp-content\/uploads\/Toli_nuo_klasikos_Frida_0005_R6__2578-1-copy-630x420.jpg\" data-width=\"630\" data-height=\"420\" aria-label=\"toli nuo klasikos frida 0005 r6 2578 1 copy\" role=\"img\" ><\/div>\n\t\t\t\t\t\t\t\t\t\t\t<div class=\"elementor-gallery-item__overlay\"><\/div>\n\t\t\t\t\t\t\t\t\t\t\t\t\t\t<\/a>\n\t\t\t\t\t\t\t<a class=\"e-gallery-item elementor-gallery-item elementor-animated-content\" href=\"https:\/\/tolinuoklasikos.lt\/wp-content\/uploads\/Toli_nuo_klasikos_Frida_0006_R6__2500-1-copy.jpg\" data-elementor-open-lightbox=\"yes\" data-elementor-lightbox-slideshow=\"643dab1\" data-e-action-hash=\"#elementor-action%3Aaction%3Dlightbox%26settings%3DeyJpZCI6MTUxMCwidXJsIjoiaHR0cHM6XC9cL3RvbGludW9rbGFzaWtvcy5sdFwvd3AtY29udGVudFwvdXBsb2Fkc1wvVG9saV9udW9fa2xhc2lrb3NfRnJpZGFfMDAwNl9SNl9fMjUwMC0xLWNvcHkuanBnIiwic2xpZGVzaG93IjoiNjQzZGFiMSJ9\">\n\t\t\t\t\t<div class=\"e-gallery-image elementor-gallery-item__image\" data-thumbnail=\"https:\/\/tolinuoklasikos.lt\/wp-content\/uploads\/Toli_nuo_klasikos_Frida_0006_R6__2500-1-copy-630x420.jpg\" data-width=\"630\" data-height=\"420\" aria-label=\"toli nuo klasikos frida 0006 r6 2500 1 copy\" role=\"img\" ><\/div>\n\t\t\t\t\t\t\t\t\t\t\t<div class=\"elementor-gallery-item__overlay\"><\/div>\n\t\t\t\t\t\t\t\t\t\t\t\t\t\t<\/a>\n\t\t\t\t\t\t\t<a class=\"e-gallery-item elementor-gallery-item elementor-animated-content\" href=\"https:\/\/tolinuoklasikos.lt\/wp-content\/uploads\/Toli_nuo_klasikos_Frida_0007_R6__2499-1-copy.jpg\" data-elementor-open-lightbox=\"yes\" data-elementor-lightbox-slideshow=\"643dab1\" data-e-action-hash=\"#elementor-action%3Aaction%3Dlightbox%26settings%3DeyJpZCI6MTUxMSwidXJsIjoiaHR0cHM6XC9cL3RvbGludW9rbGFzaWtvcy5sdFwvd3AtY29udGVudFwvdXBsb2Fkc1wvVG9saV9udW9fa2xhc2lrb3NfRnJpZGFfMDAwN19SNl9fMjQ5OS0xLWNvcHkuanBnIiwic2xpZGVzaG93IjoiNjQzZGFiMSJ9\">\n\t\t\t\t\t<div class=\"e-gallery-image elementor-gallery-item__image\" data-thumbnail=\"https:\/\/tolinuoklasikos.lt\/wp-content\/uploads\/Toli_nuo_klasikos_Frida_0007_R6__2499-1-copy-630x420.jpg\" data-width=\"630\" data-height=\"420\" aria-label=\"toli nuo klasikos frida 0007 r6 2499 1 copy\" role=\"img\" ><\/div>\n\t\t\t\t\t\t\t\t\t\t\t<div class=\"elementor-gallery-item__overlay\"><\/div>\n\t\t\t\t\t\t\t\t\t\t\t\t\t\t<\/a>\n\t\t\t\t\t\t\t<a class=\"e-gallery-item elementor-gallery-item elementor-animated-content\" href=\"https:\/\/tolinuoklasikos.lt\/wp-content\/uploads\/Toli_nuo_klasikos_Frida_0007_R6__2520-1-copy.jpg\" data-elementor-open-lightbox=\"yes\" data-elementor-lightbox-slideshow=\"643dab1\" data-e-action-hash=\"#elementor-action%3Aaction%3Dlightbox%26settings%3DeyJpZCI6MTUxMiwidXJsIjoiaHR0cHM6XC9cL3RvbGludW9rbGFzaWtvcy5sdFwvd3AtY29udGVudFwvdXBsb2Fkc1wvVG9saV9udW9fa2xhc2lrb3NfRnJpZGFfMDAwN19SNl9fMjUyMC0xLWNvcHkuanBnIiwic2xpZGVzaG93IjoiNjQzZGFiMSJ9\">\n\t\t\t\t\t<div class=\"e-gallery-image elementor-gallery-item__image\" data-thumbnail=\"https:\/\/tolinuoklasikos.lt\/wp-content\/uploads\/Toli_nuo_klasikos_Frida_0007_R6__2520-1-copy-630x420.jpg\" data-width=\"630\" data-height=\"420\" aria-label=\"toli nuo klasikos frida 0007 r6 2520 1 copy\" role=\"img\" ><\/div>\n\t\t\t\t\t\t\t\t\t\t\t<div class=\"elementor-gallery-item__overlay\"><\/div>\n\t\t\t\t\t\t\t\t\t\t\t\t\t\t<\/a>\n\t\t\t\t\t<\/div>\n\t\t\t\t\t<\/div>\n\t\t\t\t<\/div>\n\t\t\t\t\t<\/div>\n\t\t<\/div>\n\t\t\t\t\t<\/div>\n\t\t<\/section>\n\t\t\t\t<\/div>","protected":false},"excerpt":{"rendered":"<p>Frida Kahlo vakarien\u0117 Atsis\u0117dau prie griliaus. Laukiu, kol anglys \u012fsiliepsnos. \u0160iandien man griliaus diena. Gerai, kad striukes tokias \u0161iltas pasidar\u0117m. Labai padeda po truput\u012f nusistovin\u010dioje rudens pabaigos darganoje. Kaip t\u0105 dargana besibjaur\u0117tum, vistiek ji turi vien\u0105 nedalom\u0105 plius\u0105 &#8211; J\u016br\u0105. Toks jau dabar laikas, kai j\u016bra tokia triuk\u0161minga ir tas 100 metr\u0173 u\u017e kopos nebetenka [&hellip;]<\/p>","protected":false},"author":1,"featured_media":1367,"parent":0,"menu_order":0,"comment_status":"closed","ping_status":"closed","template":"elementor_header_footer","meta":{"_seopress_robots_primary_cat":"","_seopress_titles_title":"Frida Khalo vakarien\u0117 - ToLi nuo klasikos","_seopress_titles_desc":"","_seopress_robots_index":"","footnotes":""},"class_list":["post-1384","page","type-page","status-publish","has-post-thumbnail","hentry"],"_links":{"self":[{"href":"https:\/\/tolinuoklasikos.lt\/en\/wp-json\/wp\/v2\/pages\/1384","targetHints":{"allow":["GET"]}}],"collection":[{"href":"https:\/\/tolinuoklasikos.lt\/en\/wp-json\/wp\/v2\/pages"}],"about":[{"href":"https:\/\/tolinuoklasikos.lt\/en\/wp-json\/wp\/v2\/types\/page"}],"author":[{"embeddable":true,"href":"https:\/\/tolinuoklasikos.lt\/en\/wp-json\/wp\/v2\/users\/1"}],"replies":[{"embeddable":true,"href":"https:\/\/tolinuoklasikos.lt\/en\/wp-json\/wp\/v2\/comments?post=1384"}],"version-history":[{"count":0,"href":"https:\/\/tolinuoklasikos.lt\/en\/wp-json\/wp\/v2\/pages\/1384\/revisions"}],"wp:featuredmedia":[{"embeddable":true,"href":"https:\/\/tolinuoklasikos.lt\/en\/wp-json\/wp\/v2\/media\/1367"}],"wp:attachment":[{"href":"https:\/\/tolinuoklasikos.lt\/en\/wp-json\/wp\/v2\/media?parent=1384"}],"curies":[{"name":"wp","href":"https:\/\/api.w.org\/{rel}","templated":true}]}}