{"id":1390,"date":"2021-11-19T20:43:27","date_gmt":"2021-11-19T18:43:27","guid":{"rendered":"https:\/\/tolinuoklasikos.lt\/?page_id=1390"},"modified":"2024-06-11T22:21:06","modified_gmt":"2024-06-11T20:21:06","slug":"erich-maria-remarque-vakariene","status":"publish","type":"page","link":"https:\/\/tolinuoklasikos.lt\/en\/erich-maria-remarque-vakariene\/","title":{"rendered":"Erich Maria Remarque vakarien\u0117\u200b"},"content":{"rendered":"<div data-elementor-type=\"wp-page\" data-elementor-id=\"1390\" class=\"elementor elementor-1390\" data-elementor-post-type=\"page\">\n\t\t\t\t\t\t<section class=\"elementor-section elementor-top-section elementor-element elementor-element-56cc8f7 elementor-section-boxed elementor-section-height-default elementor-section-height-default\" data-id=\"56cc8f7\" data-element_type=\"section\">\n\t\t\t\t\t\t<div class=\"elementor-container elementor-column-gap-default\">\n\t\t\t\t\t<div class=\"elementor-column elementor-col-100 elementor-top-column elementor-element elementor-element-77fe722\" data-id=\"77fe722\" data-element_type=\"column\">\n\t\t\t<div class=\"elementor-widget-wrap elementor-element-populated\">\n\t\t\t\t\t\t<div class=\"elementor-element elementor-element-5173c05 elementor-widget elementor-widget-heading\" data-id=\"5173c05\" data-element_type=\"widget\" data-widget_type=\"heading.default\">\n\t\t\t\t<div class=\"elementor-widget-container\">\n\t\t\t\t\t<h1 class=\"elementor-heading-title elementor-size-default\">Erich Maria Remarque dinner<\/h1>\t\t\t\t<\/div>\n\t\t\t\t<\/div>\n\t\t\t\t<div class=\"elementor-element elementor-element-3c9ddee elementor-hidden-tablet elementor-hidden-mobile elementor-widget elementor-widget-text-editor\" data-id=\"3c9ddee\" data-element_type=\"widget\" data-widget_type=\"text-editor.default\">\n\t\t\t\t<div class=\"elementor-widget-container\">\n\t\t\t\t\t\t\t\t\t<img fetchpriority=\"high\" decoding=\"async\" class=\"wp-image-1366 size-medium alignright\" src=\"https:\/\/tolinuoklasikos.lt\/wp-content\/uploads\/Galerijos_ikonos_toli_nuo_klasikos_Erich_Maria_Remarque-630x489.png\" alt=\"galerijos ikonos toli nuo klasikos erich maria remarque\" width=\"630\" height=\"489\" srcset=\"https:\/\/tolinuoklasikos.lt\/wp-content\/uploads\/Galerijos_ikonos_toli_nuo_klasikos_Erich_Maria_Remarque-630x489.png 630w, https:\/\/tolinuoklasikos.lt\/wp-content\/uploads\/Galerijos_ikonos_toli_nuo_klasikos_Erich_Maria_Remarque-768x596.png 768w, https:\/\/tolinuoklasikos.lt\/wp-content\/uploads\/Galerijos_ikonos_toli_nuo_klasikos_Erich_Maria_Remarque-900x698.png 900w, https:\/\/tolinuoklasikos.lt\/wp-content\/uploads\/Galerijos_ikonos_toli_nuo_klasikos_Erich_Maria_Remarque.png 1200w\" sizes=\"(max-width: 630px) 100vw, 630px\" \/><i>&#8222;Tai pulsuoj\u0119s joje gyvenimas paslaptingai suformavo j\u0105 toki\u0105, kokia ji yra, susid\u016brus dviems l\u0105stel\u0117ms motinos \u012fs\u010diose.\nTai ta pati nesuvokiama m\u012fsl\u0117, kad smulkioje s\u0117klyt\u0117je gl\u016bdi visas medis, dar nejudantis, mikroskopi\u0161kas, bet jau i\u0161 anksto nulemtas, jau su vir\u0161\u016bne ir vaisiais, su baland\u017eio ryt\u0173 \u017eied\u0173 dvelksmu. Nesuvokiama, kad i\u0161 vienos meil\u0117s nakties ir trupu\u010dio susiliejusi\u0173 gleivi\u0173, gimsta veidas pe\u010diai ir akys.&#8221;<\/i>\n<b>Erich Maria Remarque<br><br><\/b>\n\n\u017di\u016briu album\u0105 ir pa\u010diai keista.\n\u0160i\u0105 citat\u0105 i\u0161sira\u0161iau \u012f dienora\u0161t\u012f, a\u0161tuoniolikos, k\u0105 tik pab\u0117gusi i\u0161 nam\u0173, beproti\u0161kai tik\u0117dama pirm\u0105ja meile ir tetrok\u0161dama meil\u0117s. Ka\u017ekur Andal\u016bzijos pa\u010dioje apa\u010dioje.\nTuomet, visas mano turtas buvo kelios knygos, kelios suknel\u0117s ir jo bu\u010diniai, kada u\u017esigeid\u017eia.\nPlaukiu prisiminimais, kaip knygos puslapiais ir galvoju kaip giliai man \u012f s\u0105mon\u0119 \u012fsi\u0117d\u0117 tas Remarkas ir jo li\u016bdni, i\u0161puosel\u0117ti ir tokie tir\u0161ti apra\u0161ymai. Vistiek man niekas gra\u017eiau ir li\u016bdniau apie meil\u0119 nera\u0161o.\nToks gra\u017eus tas vakaras buvo. Tikrai pavyko sukurti toki\u0105 minimalistin\u0119 dvasi\u0105, kuri\u0105 dar ir sustiprino nelemtas \u012fvykis. Visa vakaro s\u0105saja \u0161okin\u0117jo nuo pasitikimo d\u017eiaugsmo, baim\u0117s, nepasimetimo, negal\u0117jimo i\u0161siduoti ir spektaklio t\u0119simo. Per vien\u0105 vakarien\u0119, kaip per kar\u0105, sugeb\u0117jome visk\u0105 i\u0161gyventi ir atlikti savo vaidmenis tobulai. M\u016bs\u0173 vienam namelio \u0161eimos nariui sutriko sveikata. Palink\u0117kit m\u016bs\u0173 \u017emogui meil\u0117s ir sveikatos.\nErikas sak\u0117 &#8222;Apie laim\u0119 galima kalb\u0117ti penkias minutes, ne ilgiau. \u010cia nieko nepasakysi, i\u0161skyrus tai, kad esi laimingas. O apie nelaim\u0119 \u017emon\u0117s pasakoja i\u0161tisomis naktimis.&#8221;\nNiekad neapsimesiu. Gyvenimas yra visoks. Ir teb\u016bna.\t\t\t\t\t\t\t\t<\/div>\n\t\t\t\t<\/div>\n\t\t\t\t<div class=\"elementor-element elementor-element-bb79521 elementor-hidden-desktop elementor-widget elementor-widget-image\" data-id=\"bb79521\" data-element_type=\"widget\" data-widget_type=\"image.default\">\n\t\t\t\t<div class=\"elementor-widget-container\">\n\t\t\t\t\t\t\t\t\t\t\t\t\t\t\t<img decoding=\"async\" width=\"1200\" height=\"931\" src=\"https:\/\/tolinuoklasikos.lt\/wp-content\/uploads\/Galerijos_ikonos_toli_nuo_klasikos_Erich_Maria_Remarque.png\" class=\"attachment-full size-full wp-image-1366\" alt=\"galerijos ikonos toli nuo klasikos erich maria remarque\" srcset=\"https:\/\/tolinuoklasikos.lt\/wp-content\/uploads\/Galerijos_ikonos_toli_nuo_klasikos_Erich_Maria_Remarque.png 1200w, https:\/\/tolinuoklasikos.lt\/wp-content\/uploads\/Galerijos_ikonos_toli_nuo_klasikos_Erich_Maria_Remarque-630x489.png 630w, https:\/\/tolinuoklasikos.lt\/wp-content\/uploads\/Galerijos_ikonos_toli_nuo_klasikos_Erich_Maria_Remarque-768x596.png 768w, https:\/\/tolinuoklasikos.lt\/wp-content\/uploads\/Galerijos_ikonos_toli_nuo_klasikos_Erich_Maria_Remarque-900x698.png 900w\" sizes=\"(max-width: 1200px) 100vw, 1200px\" \/>\t\t\t\t\t\t\t\t\t\t\t\t\t\t\t<\/div>\n\t\t\t\t<\/div>\n\t\t\t\t<div class=\"elementor-element elementor-element-9442dd8 elementor-hidden-desktop elementor-widget elementor-widget-text-editor\" data-id=\"9442dd8\" data-element_type=\"widget\" data-widget_type=\"text-editor.default\">\n\t\t\t\t<div class=\"elementor-widget-container\">\n\t\t\t\t\t\t\t\t\t<p><i>&#8222;Tai pulsuoj\u0119s joje gyvenimas paslaptingai suformavo j\u0105 toki\u0105, kokia ji yra, susid\u016brus dviems l\u0105stel\u0117ms motinos \u012fs\u010diose.<br \/>Tai ta pati nesuvokiama m\u012fsl\u0117, kad smulkioje s\u0117klyt\u0117je gl\u016bdi visas medis, dar nejudantis, mikroskopi\u0161kas, bet jau i\u0161 anksto nulemtas, jau su vir\u0161\u016bne ir vaisiais, su baland\u017eio ryt\u0173 \u017eied\u0173 dvelksmu. Nesuvokiama, kad i\u0161 vienos meil\u0117s nakties ir trupu\u010dio susiliejusi\u0173 gleivi\u0173, gimsta veidas pe\u010diai ir akys.&#8221;<\/i><br \/><b>Erich Maria Remarque<br><br><\/b><\/p><p>\u017di\u016briu album\u0105 ir pa\u010diai keista.<br \/>\u0160i\u0105 citat\u0105 i\u0161sira\u0161iau \u012f dienora\u0161t\u012f, a\u0161tuoniolikos, k\u0105 tik pab\u0117gusi i\u0161 nam\u0173, beproti\u0161kai tik\u0117dama pirm\u0105ja meile ir tetrok\u0161dama meil\u0117s. Ka\u017ekur Andal\u016bzijos pa\u010dioje apa\u010dioje.<br \/>Tuomet, visas mano turtas buvo kelios knygos, kelios suknel\u0117s ir jo bu\u010diniai, kada u\u017esigeid\u017eia.<br \/>Plaukiu prisiminimais, kaip knygos puslapiais ir galvoju kaip giliai man \u012f s\u0105mon\u0119 \u012fsi\u0117d\u0117 tas Remarkas ir jo li\u016bdni, i\u0161puosel\u0117ti ir tokie tir\u0161ti apra\u0161ymai. Vistiek man niekas gra\u017eiau ir li\u016bdniau apie meil\u0119 nera\u0161o.<br \/>Toks gra\u017eus tas vakaras buvo. Tikrai pavyko sukurti toki\u0105 minimalistin\u0119 dvasi\u0105, kuri\u0105 dar ir sustiprino nelemtas \u012fvykis. Visa vakaro s\u0105saja \u0161okin\u0117jo nuo pasitikimo d\u017eiaugsmo, baim\u0117s, nepasimetimo, negal\u0117jimo i\u0161siduoti ir spektaklio t\u0119simo. Per vien\u0105 vakarien\u0119, kaip per kar\u0105, sugeb\u0117jome visk\u0105 i\u0161gyventi ir atlikti savo vaidmenis tobulai. M\u016bs\u0173 vienam namelio \u0161eimos nariui sutriko sveikata. Palink\u0117kit m\u016bs\u0173 \u017emogui meil\u0117s ir sveikatos.<br \/>Erikas sak\u0117 &#8222;Apie laim\u0119 galima kalb\u0117ti penkias minutes, ne ilgiau. \u010cia nieko nepasakysi, i\u0161skyrus tai, kad esi laimingas. O apie nelaim\u0119 \u017emon\u0117s pasakoja i\u0161tisomis naktimis.&#8221;<br \/>Niekad neapsimesiu. Gyvenimas yra visoks. Ir teb\u016bna.<\/p>\t\t\t\t\t\t\t\t<\/div>\n\t\t\t\t<\/div>\n\t\t\t\t<div class=\"elementor-element elementor-element-0d6bbd1 elementor-widget elementor-widget-heading\" data-id=\"0d6bbd1\" data-element_type=\"widget\" data-widget_type=\"heading.default\">\n\t\t\t\t<div class=\"elementor-widget-container\">\n\t\t\t\t\t<h2 class=\"elementor-heading-title elementor-size-default\">Moments of Erich Maria Remarque dinner<\/h2>\t\t\t\t<\/div>\n\t\t\t\t<\/div>\n\t\t\t\t<div class=\"elementor-element elementor-element-643dab1 elementor-widget elementor-widget-gallery\" data-id=\"643dab1\" data-element_type=\"widget\" data-settings=\"{&quot;columns&quot;:5,&quot;columns_tablet&quot;:4,&quot;columns_mobile&quot;:2,&quot;gap&quot;:{&quot;unit&quot;:&quot;px&quot;,&quot;size&quot;:6,&quot;sizes&quot;:[]},&quot;gap_tablet&quot;:{&quot;unit&quot;:&quot;px&quot;,&quot;size&quot;:6,&quot;sizes&quot;:[]},&quot;gap_mobile&quot;:{&quot;unit&quot;:&quot;px&quot;,&quot;size&quot;:6,&quot;sizes&quot;:[]},&quot;lazyload&quot;:&quot;yes&quot;,&quot;gallery_layout&quot;:&quot;grid&quot;,&quot;link_to&quot;:&quot;file&quot;,&quot;aspect_ratio&quot;:&quot;3:2&quot;,&quot;overlay_background&quot;:&quot;yes&quot;,&quot;content_hover_animation&quot;:&quot;fade-in&quot;}\" data-widget_type=\"gallery.default\">\n\t\t\t\t<div class=\"elementor-widget-container\">\n\t\t\t\t\t\t\t<div class=\"elementor-gallery__container\">\n\t\t\t\t\t\t\t<a class=\"e-gallery-item elementor-gallery-item elementor-animated-content\" href=\"https:\/\/tolinuoklasikos.lt\/wp-content\/uploads\/Toli_nuo_klasikos_Remarque__0001_R6__3429-1.jpg\" data-elementor-open-lightbox=\"yes\" data-elementor-lightbox-slideshow=\"643dab1\" data-e-action-hash=\"#elementor-action%3Aaction%3Dlightbox%26settings%3DeyJpZCI6MTQ4OCwidXJsIjoiaHR0cHM6XC9cL3RvbGludW9rbGFzaWtvcy5sdFwvd3AtY29udGVudFwvdXBsb2Fkc1wvVG9saV9udW9fa2xhc2lrb3NfUmVtYXJxdWVfXzAwMDFfUjZfXzM0MjktMS5qcGciLCJzbGlkZXNob3ciOiI2NDNkYWIxIn0%3D\">\n\t\t\t\t\t<div class=\"e-gallery-image elementor-gallery-item__image\" data-thumbnail=\"https:\/\/tolinuoklasikos.lt\/wp-content\/uploads\/Toli_nuo_klasikos_Remarque__0001_R6__3429-1-630x420.jpg\" data-width=\"630\" data-height=\"420\" aria-label=\"toli nuo klasikos remarque 0001 r6 3429 1\" role=\"img\" ><\/div>\n\t\t\t\t\t\t\t\t\t\t\t<div class=\"elementor-gallery-item__overlay\"><\/div>\n\t\t\t\t\t\t\t\t\t\t\t\t\t\t<\/a>\n\t\t\t\t\t\t\t<a class=\"e-gallery-item elementor-gallery-item elementor-animated-content\" href=\"https:\/\/tolinuoklasikos.lt\/wp-content\/uploads\/Toli_nuo_klasikos_Remarque__0002_R6__3692-1.jpg\" data-elementor-open-lightbox=\"yes\" data-elementor-lightbox-slideshow=\"643dab1\" data-e-action-hash=\"#elementor-action%3Aaction%3Dlightbox%26settings%3DeyJpZCI6MTQ4OSwidXJsIjoiaHR0cHM6XC9cL3RvbGludW9rbGFzaWtvcy5sdFwvd3AtY29udGVudFwvdXBsb2Fkc1wvVG9saV9udW9fa2xhc2lrb3NfUmVtYXJxdWVfXzAwMDJfUjZfXzM2OTItMS5qcGciLCJzbGlkZXNob3ciOiI2NDNkYWIxIn0%3D\">\n\t\t\t\t\t<div class=\"e-gallery-image elementor-gallery-item__image\" data-thumbnail=\"https:\/\/tolinuoklasikos.lt\/wp-content\/uploads\/Toli_nuo_klasikos_Remarque__0002_R6__3692-1-630x420.jpg\" data-width=\"630\" data-height=\"420\" aria-label=\"toli nuo klasikos remarque 0002 r6 3692 1\" role=\"img\" ><\/div>\n\t\t\t\t\t\t\t\t\t\t\t<div class=\"elementor-gallery-item__overlay\"><\/div>\n\t\t\t\t\t\t\t\t\t\t\t\t\t\t<\/a>\n\t\t\t\t\t\t\t<a class=\"e-gallery-item elementor-gallery-item elementor-animated-content\" href=\"https:\/\/tolinuoklasikos.lt\/wp-content\/uploads\/Toli_nuo_klasikos_Remarque__0003_R6__3593-1.jpg\" data-elementor-open-lightbox=\"yes\" data-elementor-lightbox-slideshow=\"643dab1\" data-e-action-hash=\"#elementor-action%3Aaction%3Dlightbox%26settings%3DeyJpZCI6MTQ5MCwidXJsIjoiaHR0cHM6XC9cL3RvbGludW9rbGFzaWtvcy5sdFwvd3AtY29udGVudFwvdXBsb2Fkc1wvVG9saV9udW9fa2xhc2lrb3NfUmVtYXJxdWVfXzAwMDNfUjZfXzM1OTMtMS5qcGciLCJzbGlkZXNob3ciOiI2NDNkYWIxIn0%3D\">\n\t\t\t\t\t<div class=\"e-gallery-image elementor-gallery-item__image\" data-thumbnail=\"https:\/\/tolinuoklasikos.lt\/wp-content\/uploads\/Toli_nuo_klasikos_Remarque__0003_R6__3593-1-630x420.jpg\" data-width=\"630\" data-height=\"420\" aria-label=\"toli nuo klasikos remarque 0003 r6 3593 1\" role=\"img\" ><\/div>\n\t\t\t\t\t\t\t\t\t\t\t<div class=\"elementor-gallery-item__overlay\"><\/div>\n\t\t\t\t\t\t\t\t\t\t\t\t\t\t<\/a>\n\t\t\t\t\t\t\t<a class=\"e-gallery-item elementor-gallery-item elementor-animated-content\" href=\"https:\/\/tolinuoklasikos.lt\/wp-content\/uploads\/Toli_nuo_klasikos_Remarque__0004_R6__2929-1.jpg\" data-elementor-open-lightbox=\"yes\" data-elementor-lightbox-slideshow=\"643dab1\" data-e-action-hash=\"#elementor-action%3Aaction%3Dlightbox%26settings%3DeyJpZCI6MTQ5MSwidXJsIjoiaHR0cHM6XC9cL3RvbGludW9rbGFzaWtvcy5sdFwvd3AtY29udGVudFwvdXBsb2Fkc1wvVG9saV9udW9fa2xhc2lrb3NfUmVtYXJxdWVfXzAwMDRfUjZfXzI5MjktMS5qcGciLCJzbGlkZXNob3ciOiI2NDNkYWIxIn0%3D\">\n\t\t\t\t\t<div class=\"e-gallery-image elementor-gallery-item__image\" data-thumbnail=\"https:\/\/tolinuoklasikos.lt\/wp-content\/uploads\/Toli_nuo_klasikos_Remarque__0004_R6__2929-1-630x420.jpg\" data-width=\"630\" data-height=\"420\" aria-label=\"toli nuo klasikos remarque 0004 r6 2929 1\" role=\"img\" ><\/div>\n\t\t\t\t\t\t\t\t\t\t\t<div class=\"elementor-gallery-item__overlay\"><\/div>\n\t\t\t\t\t\t\t\t\t\t\t\t\t\t<\/a>\n\t\t\t\t\t\t\t<a class=\"e-gallery-item elementor-gallery-item elementor-animated-content\" href=\"https:\/\/tolinuoklasikos.lt\/wp-content\/uploads\/Toli_nuo_klasikos_Remarque__0005_R6__3249-1.jpg\" data-elementor-open-lightbox=\"yes\" data-elementor-lightbox-slideshow=\"643dab1\" data-e-action-hash=\"#elementor-action%3Aaction%3Dlightbox%26settings%3DeyJpZCI6MTQ5MiwidXJsIjoiaHR0cHM6XC9cL3RvbGludW9rbGFzaWtvcy5sdFwvd3AtY29udGVudFwvdXBsb2Fkc1wvVG9saV9udW9fa2xhc2lrb3NfUmVtYXJxdWVfXzAwMDVfUjZfXzMyNDktMS5qcGciLCJzbGlkZXNob3ciOiI2NDNkYWIxIn0%3D\">\n\t\t\t\t\t<div class=\"e-gallery-image elementor-gallery-item__image\" data-thumbnail=\"https:\/\/tolinuoklasikos.lt\/wp-content\/uploads\/Toli_nuo_klasikos_Remarque__0005_R6__3249-1-630x420.jpg\" data-width=\"630\" data-height=\"420\" aria-label=\"toli nuo klasikos remarque 0005 r6 3249 1\" role=\"img\" ><\/div>\n\t\t\t\t\t\t\t\t\t\t\t<div class=\"elementor-gallery-item__overlay\"><\/div>\n\t\t\t\t\t\t\t\t\t\t\t\t\t\t<\/a>\n\t\t\t\t\t\t\t<a class=\"e-gallery-item elementor-gallery-item elementor-animated-content\" href=\"https:\/\/tolinuoklasikos.lt\/wp-content\/uploads\/Toli_nuo_klasikos_Remarque__0006_R6__3167-1.jpg\" data-elementor-open-lightbox=\"yes\" data-elementor-lightbox-slideshow=\"643dab1\" data-e-action-hash=\"#elementor-action%3Aaction%3Dlightbox%26settings%3DeyJpZCI6MTQ5MywidXJsIjoiaHR0cHM6XC9cL3RvbGludW9rbGFzaWtvcy5sdFwvd3AtY29udGVudFwvdXBsb2Fkc1wvVG9saV9udW9fa2xhc2lrb3NfUmVtYXJxdWVfXzAwMDZfUjZfXzMxNjctMS5qcGciLCJzbGlkZXNob3ciOiI2NDNkYWIxIn0%3D\">\n\t\t\t\t\t<div class=\"e-gallery-image elementor-gallery-item__image\" data-thumbnail=\"https:\/\/tolinuoklasikos.lt\/wp-content\/uploads\/Toli_nuo_klasikos_Remarque__0006_R6__3167-1-630x420.jpg\" data-width=\"630\" data-height=\"420\" aria-label=\"toli nuo klasikos remarque 0006 r6 3167 1\" role=\"img\" ><\/div>\n\t\t\t\t\t\t\t\t\t\t\t<div class=\"elementor-gallery-item__overlay\"><\/div>\n\t\t\t\t\t\t\t\t\t\t\t\t\t\t<\/a>\n\t\t\t\t\t\t\t<a class=\"e-gallery-item elementor-gallery-item elementor-animated-content\" href=\"https:\/\/tolinuoklasikos.lt\/wp-content\/uploads\/Toli_nuo_klasikos_Remarque__0007_R6__3336-1.jpg\" data-elementor-open-lightbox=\"yes\" data-elementor-lightbox-slideshow=\"643dab1\" data-e-action-hash=\"#elementor-action%3Aaction%3Dlightbox%26settings%3DeyJpZCI6MTQ5NCwidXJsIjoiaHR0cHM6XC9cL3RvbGludW9rbGFzaWtvcy5sdFwvd3AtY29udGVudFwvdXBsb2Fkc1wvVG9saV9udW9fa2xhc2lrb3NfUmVtYXJxdWVfXzAwMDdfUjZfXzMzMzYtMS5qcGciLCJzbGlkZXNob3ciOiI2NDNkYWIxIn0%3D\">\n\t\t\t\t\t<div class=\"e-gallery-image elementor-gallery-item__image\" data-thumbnail=\"https:\/\/tolinuoklasikos.lt\/wp-content\/uploads\/Toli_nuo_klasikos_Remarque__0007_R6__3336-1-630x420.jpg\" data-width=\"630\" data-height=\"420\" aria-label=\"toli nuo klasikos remarque 0007 r6 3336 1\" role=\"img\" ><\/div>\n\t\t\t\t\t\t\t\t\t\t\t<div class=\"elementor-gallery-item__overlay\"><\/div>\n\t\t\t\t\t\t\t\t\t\t\t\t\t\t<\/a>\n\t\t\t\t\t\t\t<a class=\"e-gallery-item elementor-gallery-item elementor-animated-content\" href=\"https:\/\/tolinuoklasikos.lt\/wp-content\/uploads\/Toli_nuo_klasikos_Remarque__0009_R6__3028-1.jpg\" data-elementor-open-lightbox=\"yes\" data-elementor-lightbox-slideshow=\"643dab1\" data-e-action-hash=\"#elementor-action%3Aaction%3Dlightbox%26settings%3DeyJpZCI6MTQ5NSwidXJsIjoiaHR0cHM6XC9cL3RvbGludW9rbGFzaWtvcy5sdFwvd3AtY29udGVudFwvdXBsb2Fkc1wvVG9saV9udW9fa2xhc2lrb3NfUmVtYXJxdWVfXzAwMDlfUjZfXzMwMjgtMS5qcGciLCJzbGlkZXNob3ciOiI2NDNkYWIxIn0%3D\">\n\t\t\t\t\t<div class=\"e-gallery-image elementor-gallery-item__image\" data-thumbnail=\"https:\/\/tolinuoklasikos.lt\/wp-content\/uploads\/Toli_nuo_klasikos_Remarque__0009_R6__3028-1-630x420.jpg\" data-width=\"630\" data-height=\"420\" aria-label=\"toli nuo klasikos remarque 0009 r6 3028 1\" role=\"img\" ><\/div>\n\t\t\t\t\t\t\t\t\t\t\t<div class=\"elementor-gallery-item__overlay\"><\/div>\n\t\t\t\t\t\t\t\t\t\t\t\t\t\t<\/a>\n\t\t\t\t\t\t\t<a class=\"e-gallery-item elementor-gallery-item elementor-animated-content\" href=\"https:\/\/tolinuoklasikos.lt\/wp-content\/uploads\/Toli_nuo_klasikos_Remarque__0010_R6__3600-1.jpg\" data-elementor-open-lightbox=\"yes\" data-elementor-lightbox-slideshow=\"643dab1\" data-e-action-hash=\"#elementor-action%3Aaction%3Dlightbox%26settings%3DeyJpZCI6MTQ5NiwidXJsIjoiaHR0cHM6XC9cL3RvbGludW9rbGFzaWtvcy5sdFwvd3AtY29udGVudFwvdXBsb2Fkc1wvVG9saV9udW9fa2xhc2lrb3NfUmVtYXJxdWVfXzAwMTBfUjZfXzM2MDAtMS5qcGciLCJzbGlkZXNob3ciOiI2NDNkYWIxIn0%3D\">\n\t\t\t\t\t<div class=\"e-gallery-image elementor-gallery-item__image\" data-thumbnail=\"https:\/\/tolinuoklasikos.lt\/wp-content\/uploads\/Toli_nuo_klasikos_Remarque__0010_R6__3600-1-630x420.jpg\" data-width=\"630\" data-height=\"420\" aria-label=\"toli nuo klasikos remarque 0010 r6 3600 1\" role=\"img\" ><\/div>\n\t\t\t\t\t\t\t\t\t\t\t<div class=\"elementor-gallery-item__overlay\"><\/div>\n\t\t\t\t\t\t\t\t\t\t\t\t\t\t<\/a>\n\t\t\t\t\t\t\t<a class=\"e-gallery-item elementor-gallery-item elementor-animated-content\" href=\"https:\/\/tolinuoklasikos.lt\/wp-content\/uploads\/Toli_nuo_klasikos_Remarque_0000_R6__2730-1.jpg\" data-elementor-open-lightbox=\"yes\" data-elementor-lightbox-slideshow=\"643dab1\" data-e-action-hash=\"#elementor-action%3Aaction%3Dlightbox%26settings%3DeyJpZCI6MTQ5NywidXJsIjoiaHR0cHM6XC9cL3RvbGludW9rbGFzaWtvcy5sdFwvd3AtY29udGVudFwvdXBsb2Fkc1wvVG9saV9udW9fa2xhc2lrb3NfUmVtYXJxdWVfMDAwMF9SNl9fMjczMC0xLmpwZyIsInNsaWRlc2hvdyI6IjY0M2RhYjEifQ%3D%3D\">\n\t\t\t\t\t<div class=\"e-gallery-image elementor-gallery-item__image\" data-thumbnail=\"https:\/\/tolinuoklasikos.lt\/wp-content\/uploads\/Toli_nuo_klasikos_Remarque_0000_R6__2730-1-630x420.jpg\" data-width=\"630\" data-height=\"420\" aria-label=\"toli nuo klasikos remarque 0000 r6 2730 1\" role=\"img\" ><\/div>\n\t\t\t\t\t\t\t\t\t\t\t<div class=\"elementor-gallery-item__overlay\"><\/div>\n\t\t\t\t\t\t\t\t\t\t\t\t\t\t<\/a>\n\t\t\t\t\t<\/div>\n\t\t\t\t\t<\/div>\n\t\t\t\t<\/div>\n\t\t\t\t\t<\/div>\n\t\t<\/div>\n\t\t\t\t\t<\/div>\n\t\t<\/section>\n\t\t\t\t<\/div>","protected":false},"excerpt":{"rendered":"<p>Erich Maria Remarque vakarien\u0117 &#8222;Tai pulsuoj\u0119s joje gyvenimas paslaptingai suformavo j\u0105 toki\u0105, kokia ji yra, susid\u016brus dviems l\u0105stel\u0117ms motinos \u012fs\u010diose. Tai ta pati nesuvokiama m\u012fsl\u0117, kad smulkioje s\u0117klyt\u0117je gl\u016bdi visas medis, dar nejudantis, mikroskopi\u0161kas, bet jau i\u0161 anksto nulemtas, jau su vir\u0161\u016bne ir vaisiais, su baland\u017eio ryt\u0173 \u017eied\u0173 dvelksmu. Nesuvokiama, kad i\u0161 vienos meil\u0117s nakties [&hellip;]<\/p>","protected":false},"author":1,"featured_media":1366,"parent":0,"menu_order":0,"comment_status":"closed","ping_status":"closed","template":"elementor_header_footer","meta":{"_seopress_robots_primary_cat":"","_seopress_titles_title":"Erich Maria Remarque vakarien\u0117\u200b - ToLi nuo klasikos","_seopress_titles_desc":"","_seopress_robots_index":"","footnotes":""},"class_list":["post-1390","page","type-page","status-publish","has-post-thumbnail","hentry"],"_links":{"self":[{"href":"https:\/\/tolinuoklasikos.lt\/en\/wp-json\/wp\/v2\/pages\/1390","targetHints":{"allow":["GET"]}}],"collection":[{"href":"https:\/\/tolinuoklasikos.lt\/en\/wp-json\/wp\/v2\/pages"}],"about":[{"href":"https:\/\/tolinuoklasikos.lt\/en\/wp-json\/wp\/v2\/types\/page"}],"author":[{"embeddable":true,"href":"https:\/\/tolinuoklasikos.lt\/en\/wp-json\/wp\/v2\/users\/1"}],"replies":[{"embeddable":true,"href":"https:\/\/tolinuoklasikos.lt\/en\/wp-json\/wp\/v2\/comments?post=1390"}],"version-history":[{"count":0,"href":"https:\/\/tolinuoklasikos.lt\/en\/wp-json\/wp\/v2\/pages\/1390\/revisions"}],"wp:featuredmedia":[{"embeddable":true,"href":"https:\/\/tolinuoklasikos.lt\/en\/wp-json\/wp\/v2\/media\/1366"}],"wp:attachment":[{"href":"https:\/\/tolinuoklasikos.lt\/en\/wp-json\/wp\/v2\/media?parent=1390"}],"curies":[{"name":"wp","href":"https:\/\/api.w.org\/{rel}","templated":true}]}}