{"id":1594,"date":"2022-01-03T13:11:22","date_gmt":"2022-01-03T11:11:22","guid":{"rendered":"https:\/\/tolinuoklasikos.lt\/?page_id=1594"},"modified":"2024-06-11T22:31:05","modified_gmt":"2024-06-11T20:31:05","slug":"ratatouille-vakariene","status":"publish","type":"page","link":"https:\/\/tolinuoklasikos.lt\/en\/ratatouille-vakariene\/","title":{"rendered":"Ratatouille dinner"},"content":{"rendered":"<div data-elementor-type=\"wp-page\" data-elementor-id=\"1594\" class=\"elementor elementor-1594\" data-elementor-post-type=\"page\">\n\t\t\t\t\t\t<section class=\"elementor-section elementor-top-section elementor-element elementor-element-56cc8f7 elementor-section-boxed elementor-section-height-default elementor-section-height-default\" data-id=\"56cc8f7\" data-element_type=\"section\" data-e-type=\"section\">\n\t\t\t\t\t\t<div class=\"elementor-container elementor-column-gap-default\">\n\t\t\t\t\t<div class=\"elementor-column elementor-col-100 elementor-top-column elementor-element elementor-element-77fe722\" data-id=\"77fe722\" data-element_type=\"column\" data-e-type=\"column\">\n\t\t\t<div class=\"elementor-widget-wrap elementor-element-populated\">\n\t\t\t\t\t\t<div class=\"elementor-element elementor-element-5173c05 elementor-widget elementor-widget-heading\" data-id=\"5173c05\" data-element_type=\"widget\" data-e-type=\"widget\" data-widget_type=\"heading.default\">\n\t\t\t\t<div class=\"elementor-widget-container\">\n\t\t\t\t\t<h1 class=\"elementor-heading-title elementor-size-default\">Ratatouille dinner<\/h1>\t\t\t\t<\/div>\n\t\t\t\t<\/div>\n\t\t\t\t<div class=\"elementor-element elementor-element-3c9ddee elementor-hidden-tablet elementor-hidden-mobile elementor-widget elementor-widget-text-editor\" data-id=\"3c9ddee\" data-element_type=\"widget\" data-e-type=\"widget\" data-widget_type=\"text-editor.default\">\n\t\t\t\t<div class=\"elementor-widget-container\">\n\t\t\t\t\t\t\t\t\t<p><img fetchpriority=\"high\" decoding=\"async\" class=\"wp-image-1616 size-medium alignright\" src=\"https:\/\/tolinuoklasikos.lt\/wp-content\/uploads\/Ratatouille-vakariene\u200b-630x471.png\" alt=\"ratatouille vakarien\u0117\u200b\" width=\"630\" height=\"471\" srcset=\"https:\/\/tolinuoklasikos.lt\/wp-content\/uploads\/Ratatouille-vakariene\u200b-630x471.png 630w, https:\/\/tolinuoklasikos.lt\/wp-content\/uploads\/Ratatouille-vakariene\u200b-768x575.png 768w, https:\/\/tolinuoklasikos.lt\/wp-content\/uploads\/Ratatouille-vakariene\u200b-900x674.png 900w, https:\/\/tolinuoklasikos.lt\/wp-content\/uploads\/Ratatouille-vakariene\u200b.png 1200w\" sizes=\"(max-width: 630px) 100vw, 630px\" \/>I don\u2019t get it \u2013 who stole half of December?<br \/>Among snowy piles, frozen agaves, rain and only a few seconds of sunshine in the dully cloudy sky.<br \/>Half of December was stolen by tireless stirs, roasting of rouge ducks and Christmas carousels that would keep you in up till the very January.<br \/>To quote Remy:<br \/>&#8222;Pasaulis kei\u010diasi, t\u0117ti, ir kiek jis i\u0161 tikr\u0173j\u0173 pasikeis, priklauso tik nuo m\u016bs\u0173&#8221;.<br \/>At Ratatouille\u2019s dinner, I told everyone and reminded myself that our inner child needs to be allowed to play. To awaken that child, swamped with responsibilities, jobs, racing and seriousness. Awaken to fool around, laugh and be curious.<br \/>Give that child some crayons, let him paint over the yard and draw yourself some moustache with a marker.<br \/>Such a wide range of emotions flows over during the festive period. We watch same good movies year after year, laughing at exact favourite lines and crying over the same things and quotes, wrapped cosily in blankets, reminding ourselves each year of what has been forgotten.<br \/>We wish to become better, forgiving, compassionate, and wilder. To apologize to someone, kiss somebody, hug everyone and get crazy in the snow with the kids while it's not melted. The snow. And while they are little. The kids.<br \/>Don\u2019t get lost looking for the right gifts, as they will be put aside in 3 minutes, only to be left with love and the presence of each other, which is so rare. Let the biggest gift be time spent together. Cook together, go for a walk, recollect and build your future. Wrap your smiles into garlands. Forgive and reconcile.<br \/>Those are the most magnificent presents.<br \/>I wish to share the moments of Ratatouille\u2019s dinner and rejoice in our guests\u2019 desire to find themselves kids again.<br \/>Let me to conclude by quoting Gusteau:<br \/>&#8222;Jeigu visada galvosi apie tai, ko netekai, niekada nesu\u017einosi kas dar laukia&#8221;.<\/p>\t\t\t\t\t\t\t\t<\/div>\n\t\t\t\t<\/div>\n\t\t\t\t<div class=\"elementor-element elementor-element-bb79521 elementor-hidden-desktop elementor-widget elementor-widget-image\" data-id=\"bb79521\" data-element_type=\"widget\" data-e-type=\"widget\" data-widget_type=\"image.default\">\n\t\t\t\t<div class=\"elementor-widget-container\">\n\t\t\t\t\t\t\t\t\t\t\t\t\t\t\t<img decoding=\"async\" width=\"1200\" height=\"898\" src=\"https:\/\/tolinuoklasikos.lt\/wp-content\/uploads\/Ratatouille-vakariene\u200b.png\" class=\"attachment-full size-full wp-image-1616\" alt=\"ratatouille vakarien\u0117\u200b\" srcset=\"https:\/\/tolinuoklasikos.lt\/wp-content\/uploads\/Ratatouille-vakariene\u200b.png 1200w, https:\/\/tolinuoklasikos.lt\/wp-content\/uploads\/Ratatouille-vakariene\u200b-630x471.png 630w, https:\/\/tolinuoklasikos.lt\/wp-content\/uploads\/Ratatouille-vakariene\u200b-768x575.png 768w, https:\/\/tolinuoklasikos.lt\/wp-content\/uploads\/Ratatouille-vakariene\u200b-900x674.png 900w\" sizes=\"(max-width: 1200px) 100vw, 1200px\" \/>\t\t\t\t\t\t\t\t\t\t\t\t\t\t\t<\/div>\n\t\t\t\t<\/div>\n\t\t\t\t<div class=\"elementor-element elementor-element-9442dd8 elementor-hidden-desktop elementor-widget elementor-widget-text-editor\" data-id=\"9442dd8\" data-element_type=\"widget\" data-e-type=\"widget\" data-widget_type=\"text-editor.default\">\n\t\t\t\t<div class=\"elementor-widget-container\">\n\t\t\t\t\t\t\t\t\t<p>I don\u2019t get it \u2013 who stole half of December?<br \/>Among snowy piles, frozen agaves, rain and only a few seconds of sunshine in the dully cloudy sky.<br \/>Half of December was stolen by tireless stirs, roasting of rouge ducks and Christmas carousels that would keep you in up till the very January.<br \/>To quote Remy:<br \/>&#8222;Pasaulis kei\u010diasi, t\u0117ti, ir kiek jis i\u0161 tikr\u0173j\u0173 pasikeis, priklauso tik nuo m\u016bs\u0173&#8221;.<br \/>At Ratatouille\u2019s dinner, I told everyone and reminded myself that our inner child needs to be allowed to play. To awaken that child, swamped with responsibilities, jobs, racing and seriousness. Awaken to fool around, laugh and be curious.<br \/>Give that child some crayons, let him paint over the yard and draw yourself some moustache with a marker.<br \/>Such a wide range of emotions flows over during the festive period. We watch same good movies year after year, laughing at exact favourite lines and crying over the same things and quotes, wrapped cosily in blankets, reminding ourselves each year of what has been forgotten.<br \/>We wish to become better, forgiving, compassionate, and wilder. To apologize to someone, kiss somebody, hug everyone and get crazy in the snow with the kids while it's not melted. The snow. And while they are little. The kids.<br \/>Don\u2019t get lost looking for the right gifts, as they will be put aside in 3 minutes, only to be left with love and the presence of each other, which is so rare. Let the biggest gift be time spent together. Cook together, go for a walk, recollect and build your future. Wrap your smiles into garlands. Forgive and reconcile.<br \/>Those are the most magnificent presents.<br \/>I wish to share the moments of Ratatouille\u2019s dinner and rejoice in our guests\u2019 desire to find themselves kids again.<br \/>Pabaigsiu Remio <em>citata:<\/em><br \/>&#8222;Jeigu visada galvosi apie tai, ko netekai, niekada nesu\u017einosi kas dar laukia&#8221;.<\/p>\t\t\t\t\t\t\t\t<\/div>\n\t\t\t\t<\/div>\n\t\t\t\t<div class=\"elementor-element elementor-element-0d6bbd1 elementor-widget elementor-widget-heading\" data-id=\"0d6bbd1\" data-element_type=\"widget\" data-e-type=\"widget\" data-widget_type=\"heading.default\">\n\t\t\t\t<div class=\"elementor-widget-container\">\n\t\t\t\t\t<h2 class=\"elementor-heading-title elementor-size-default\">Moments of Ratatouille dinner<\/h2>\t\t\t\t<\/div>\n\t\t\t\t<\/div>\n\t\t\t\t<div class=\"elementor-element elementor-element-643dab1 elementor-widget elementor-widget-gallery\" data-id=\"643dab1\" data-element_type=\"widget\" data-e-type=\"widget\" data-settings=\"{&quot;columns&quot;:5,&quot;columns_tablet&quot;:4,&quot;columns_mobile&quot;:2,&quot;gap&quot;:{&quot;unit&quot;:&quot;px&quot;,&quot;size&quot;:6,&quot;sizes&quot;:[]},&quot;gap_tablet&quot;:{&quot;unit&quot;:&quot;px&quot;,&quot;size&quot;:6,&quot;sizes&quot;:[]},&quot;gap_mobile&quot;:{&quot;unit&quot;:&quot;px&quot;,&quot;size&quot;:6,&quot;sizes&quot;:[]},&quot;lazyload&quot;:&quot;yes&quot;,&quot;gallery_layout&quot;:&quot;grid&quot;,&quot;link_to&quot;:&quot;file&quot;,&quot;aspect_ratio&quot;:&quot;3:2&quot;,&quot;overlay_background&quot;:&quot;yes&quot;,&quot;content_hover_animation&quot;:&quot;fade-in&quot;}\" data-widget_type=\"gallery.default\">\n\t\t\t\t<div class=\"elementor-widget-container\">\n\t\t\t\t\t\t\t<div class=\"elementor-gallery__container\">\n\t\t\t\t\t\t\t<a class=\"e-gallery-item elementor-gallery-item elementor-animated-content\" href=\"https:\/\/tolinuoklasikos.lt\/wp-content\/uploads\/La_troskinys_gastronominis_teatras_10.jpg\" data-elementor-open-lightbox=\"yes\" data-elementor-lightbox-slideshow=\"643dab1\" data-e-action-hash=\"#elementor-action%3Aaction%3Dlightbox%26settings%3DeyJpZCI6MTYwNywidXJsIjoiaHR0cHM6XC9cL3RvbGludW9rbGFzaWtvcy5sdFwvd3AtY29udGVudFwvdXBsb2Fkc1wvTGFfdHJvc2tpbnlzX2dhc3Ryb25vbWluaXNfdGVhdHJhc18xMC5qcGciLCJzbGlkZXNob3ciOiI2NDNkYWIxIn0%3D\">\n\t\t\t\t\t<div class=\"e-gallery-image elementor-gallery-item__image\" data-thumbnail=\"https:\/\/tolinuoklasikos.lt\/wp-content\/uploads\/La_troskinys_gastronominis_teatras_10-630x420.jpg\" data-width=\"630\" data-height=\"420\" aria-label=\"la troskinys gastronominis teatras 10\" role=\"img\" ><\/div>\n\t\t\t\t\t\t\t\t\t\t\t<div class=\"elementor-gallery-item__overlay\"><\/div>\n\t\t\t\t\t\t\t\t\t\t\t\t\t\t<\/a>\n\t\t\t\t\t\t\t<a class=\"e-gallery-item elementor-gallery-item elementor-animated-content\" href=\"https:\/\/tolinuoklasikos.lt\/wp-content\/uploads\/La_troskinys_gastronominis_teatras_8.jpg\" data-elementor-open-lightbox=\"yes\" data-elementor-lightbox-slideshow=\"643dab1\" data-e-action-hash=\"#elementor-action%3Aaction%3Dlightbox%26settings%3DeyJpZCI6MTYwNiwidXJsIjoiaHR0cHM6XC9cL3RvbGludW9rbGFzaWtvcy5sdFwvd3AtY29udGVudFwvdXBsb2Fkc1wvTGFfdHJvc2tpbnlzX2dhc3Ryb25vbWluaXNfdGVhdHJhc184LmpwZyIsInNsaWRlc2hvdyI6IjY0M2RhYjEifQ%3D%3D\">\n\t\t\t\t\t<div class=\"e-gallery-image elementor-gallery-item__image\" data-thumbnail=\"https:\/\/tolinuoklasikos.lt\/wp-content\/uploads\/La_troskinys_gastronominis_teatras_8-630x420.jpg\" data-width=\"630\" data-height=\"420\" aria-label=\"la troskinys gastronominis teatras 8\" role=\"img\" ><\/div>\n\t\t\t\t\t\t\t\t\t\t\t<div class=\"elementor-gallery-item__overlay\"><\/div>\n\t\t\t\t\t\t\t\t\t\t\t\t\t\t<\/a>\n\t\t\t\t\t\t\t<a class=\"e-gallery-item elementor-gallery-item elementor-animated-content\" href=\"https:\/\/tolinuoklasikos.lt\/wp-content\/uploads\/La_troskinys_gastronominis_teatras_6.jpg\" data-elementor-open-lightbox=\"yes\" data-elementor-lightbox-slideshow=\"643dab1\" data-e-action-hash=\"#elementor-action%3Aaction%3Dlightbox%26settings%3DeyJpZCI6MTYwNCwidXJsIjoiaHR0cHM6XC9cL3RvbGludW9rbGFzaWtvcy5sdFwvd3AtY29udGVudFwvdXBsb2Fkc1wvTGFfdHJvc2tpbnlzX2dhc3Ryb25vbWluaXNfdGVhdHJhc182LmpwZyIsInNsaWRlc2hvdyI6IjY0M2RhYjEifQ%3D%3D\">\n\t\t\t\t\t<div class=\"e-gallery-image elementor-gallery-item__image\" data-thumbnail=\"https:\/\/tolinuoklasikos.lt\/wp-content\/uploads\/La_troskinys_gastronominis_teatras_6-630x420.jpg\" data-width=\"630\" data-height=\"420\" aria-label=\"la troskinys gastronominis teatras 6\" role=\"img\" ><\/div>\n\t\t\t\t\t\t\t\t\t\t\t<div class=\"elementor-gallery-item__overlay\"><\/div>\n\t\t\t\t\t\t\t\t\t\t\t\t\t\t<\/a>\n\t\t\t\t\t\t\t<a class=\"e-gallery-item elementor-gallery-item elementor-animated-content\" href=\"https:\/\/tolinuoklasikos.lt\/wp-content\/uploads\/La_troskinys_gastronominis_teatras_0006_R6__3778-1.jpg\" data-elementor-open-lightbox=\"yes\" data-elementor-lightbox-slideshow=\"643dab1\" data-e-action-hash=\"#elementor-action%3Aaction%3Dlightbox%26settings%3DeyJpZCI6MTYwMywidXJsIjoiaHR0cHM6XC9cL3RvbGludW9rbGFzaWtvcy5sdFwvd3AtY29udGVudFwvdXBsb2Fkc1wvTGFfdHJvc2tpbnlzX2dhc3Ryb25vbWluaXNfdGVhdHJhc18wMDA2X1I2X18zNzc4LTEuanBnIiwic2xpZGVzaG93IjoiNjQzZGFiMSJ9\">\n\t\t\t\t\t<div class=\"e-gallery-image elementor-gallery-item__image\" data-thumbnail=\"https:\/\/tolinuoklasikos.lt\/wp-content\/uploads\/La_troskinys_gastronominis_teatras_0006_R6__3778-1-630x420.jpg\" data-width=\"630\" data-height=\"420\" aria-label=\"la troskinys gastronominis teatras 0006 r6 3778 1\" role=\"img\" ><\/div>\n\t\t\t\t\t\t\t\t\t\t\t<div class=\"elementor-gallery-item__overlay\"><\/div>\n\t\t\t\t\t\t\t\t\t\t\t\t\t\t<\/a>\n\t\t\t\t\t\t\t<a class=\"e-gallery-item elementor-gallery-item elementor-animated-content\" href=\"https:\/\/tolinuoklasikos.lt\/wp-content\/uploads\/La_troskinys_gastronominis_teatras_3.jpg\" data-elementor-open-lightbox=\"yes\" data-elementor-lightbox-slideshow=\"643dab1\" data-e-action-hash=\"#elementor-action%3Aaction%3Dlightbox%26settings%3DeyJpZCI6MTYwMSwidXJsIjoiaHR0cHM6XC9cL3RvbGludW9rbGFzaWtvcy5sdFwvd3AtY29udGVudFwvdXBsb2Fkc1wvTGFfdHJvc2tpbnlzX2dhc3Ryb25vbWluaXNfdGVhdHJhc18zLmpwZyIsInNsaWRlc2hvdyI6IjY0M2RhYjEifQ%3D%3D\">\n\t\t\t\t\t<div class=\"e-gallery-image elementor-gallery-item__image\" data-thumbnail=\"https:\/\/tolinuoklasikos.lt\/wp-content\/uploads\/La_troskinys_gastronominis_teatras_3-630x420.jpg\" data-width=\"630\" data-height=\"420\" aria-label=\"la troskinys gastronominis teatras 3\" role=\"img\" ><\/div>\n\t\t\t\t\t\t\t\t\t\t\t<div class=\"elementor-gallery-item__overlay\"><\/div>\n\t\t\t\t\t\t\t\t\t\t\t\t\t\t<\/a>\n\t\t\t\t\t\t\t<a class=\"e-gallery-item elementor-gallery-item elementor-animated-content\" href=\"https:\/\/tolinuoklasikos.lt\/wp-content\/uploads\/La_troskinys_gastronominis_teatras_1.jpg\" data-elementor-open-lightbox=\"yes\" data-elementor-lightbox-slideshow=\"643dab1\" data-e-action-hash=\"#elementor-action%3Aaction%3Dlightbox%26settings%3DeyJpZCI6MTU5OSwidXJsIjoiaHR0cHM6XC9cL3RvbGludW9rbGFzaWtvcy5sdFwvd3AtY29udGVudFwvdXBsb2Fkc1wvTGFfdHJvc2tpbnlzX2dhc3Ryb25vbWluaXNfdGVhdHJhc18xLmpwZyIsInNsaWRlc2hvdyI6IjY0M2RhYjEifQ%3D%3D\">\n\t\t\t\t\t<div class=\"e-gallery-image elementor-gallery-item__image\" data-thumbnail=\"https:\/\/tolinuoklasikos.lt\/wp-content\/uploads\/La_troskinys_gastronominis_teatras_1-630x420.jpg\" data-width=\"630\" data-height=\"420\" aria-label=\"la troskinys gastronominis teatras 1\" role=\"img\" ><\/div>\n\t\t\t\t\t\t\t\t\t\t\t<div class=\"elementor-gallery-item__overlay\"><\/div>\n\t\t\t\t\t\t\t\t\t\t\t\t\t\t<\/a>\n\t\t\t\t\t\t\t<a class=\"e-gallery-item elementor-gallery-item elementor-animated-content\" href=\"https:\/\/tolinuoklasikos.lt\/wp-content\/uploads\/La_troskinys_gastronominis_teatras_0000_R6__4491-1-copy.jpg\" data-elementor-open-lightbox=\"yes\" data-elementor-lightbox-slideshow=\"643dab1\" data-e-action-hash=\"#elementor-action%3Aaction%3Dlightbox%26settings%3DeyJpZCI6MTU5OCwidXJsIjoiaHR0cHM6XC9cL3RvbGludW9rbGFzaWtvcy5sdFwvd3AtY29udGVudFwvdXBsb2Fkc1wvTGFfdHJvc2tpbnlzX2dhc3Ryb25vbWluaXNfdGVhdHJhc18wMDAwX1I2X180NDkxLTEtY29weS5qcGciLCJzbGlkZXNob3ciOiI2NDNkYWIxIn0%3D\">\n\t\t\t\t\t<div class=\"e-gallery-image elementor-gallery-item__image\" data-thumbnail=\"https:\/\/tolinuoklasikos.lt\/wp-content\/uploads\/La_troskinys_gastronominis_teatras_0000_R6__4491-1-copy-630x420.jpg\" data-width=\"630\" data-height=\"420\" aria-label=\"la troskinys gastronominis teatras 0000 r6 4491 1 copy\" role=\"img\" ><\/div>\n\t\t\t\t\t\t\t\t\t\t\t<div class=\"elementor-gallery-item__overlay\"><\/div>\n\t\t\t\t\t\t\t\t\t\t\t\t\t\t<\/a>\n\t\t\t\t\t\t\t<a class=\"e-gallery-item elementor-gallery-item elementor-animated-content\" href=\"https:\/\/tolinuoklasikos.lt\/wp-content\/uploads\/La_troskinys_gastronominis_teatras__5.jpg\" data-elementor-open-lightbox=\"yes\" data-elementor-lightbox-slideshow=\"643dab1\" data-e-action-hash=\"#elementor-action%3Aaction%3Dlightbox%26settings%3DeyJpZCI6MTU5NywidXJsIjoiaHR0cHM6XC9cL3RvbGludW9rbGFzaWtvcy5sdFwvd3AtY29udGVudFwvdXBsb2Fkc1wvTGFfdHJvc2tpbnlzX2dhc3Ryb25vbWluaXNfdGVhdHJhc19fNS5qcGciLCJzbGlkZXNob3ciOiI2NDNkYWIxIn0%3D\">\n\t\t\t\t\t<div class=\"e-gallery-image elementor-gallery-item__image\" data-thumbnail=\"https:\/\/tolinuoklasikos.lt\/wp-content\/uploads\/La_troskinys_gastronominis_teatras__5-630x420.jpg\" data-width=\"630\" data-height=\"420\" aria-label=\"la troskinys gastronominis teatras 5\" role=\"img\" ><\/div>\n\t\t\t\t\t\t\t\t\t\t\t<div class=\"elementor-gallery-item__overlay\"><\/div>\n\t\t\t\t\t\t\t\t\t\t\t\t\t\t<\/a>\n\t\t\t\t\t\t\t<a class=\"e-gallery-item elementor-gallery-item elementor-animated-content\" href=\"https:\/\/tolinuoklasikos.lt\/wp-content\/uploads\/La_troskinys_gastronominis_teatras_4.jpg\" data-elementor-open-lightbox=\"yes\" data-elementor-lightbox-slideshow=\"643dab1\" data-e-action-hash=\"#elementor-action%3Aaction%3Dlightbox%26settings%3DeyJpZCI6MTYwMiwidXJsIjoiaHR0cHM6XC9cL3RvbGludW9rbGFzaWtvcy5sdFwvd3AtY29udGVudFwvdXBsb2Fkc1wvTGFfdHJvc2tpbnlzX2dhc3Ryb25vbWluaXNfdGVhdHJhc180LmpwZyIsInNsaWRlc2hvdyI6IjY0M2RhYjEifQ%3D%3D\">\n\t\t\t\t\t<div class=\"e-gallery-image elementor-gallery-item__image\" data-thumbnail=\"https:\/\/tolinuoklasikos.lt\/wp-content\/uploads\/La_troskinys_gastronominis_teatras_4-630x420.jpg\" data-width=\"630\" data-height=\"420\" aria-label=\"la troskinys gastronominis teatras 4\" role=\"img\" ><\/div>\n\t\t\t\t\t\t\t\t\t\t\t<div class=\"elementor-gallery-item__overlay\"><\/div>\n\t\t\t\t\t\t\t\t\t\t\t\t\t\t<\/a>\n\t\t\t\t\t\t\t<a class=\"e-gallery-item elementor-gallery-item elementor-animated-content\" href=\"https:\/\/tolinuoklasikos.lt\/wp-content\/uploads\/La_troskinys_gastronominis_teatras__4.jpg\" data-elementor-open-lightbox=\"yes\" data-elementor-lightbox-slideshow=\"643dab1\" data-e-action-hash=\"#elementor-action%3Aaction%3Dlightbox%26settings%3DeyJpZCI6MTU5NiwidXJsIjoiaHR0cHM6XC9cL3RvbGludW9rbGFzaWtvcy5sdFwvd3AtY29udGVudFwvdXBsb2Fkc1wvTGFfdHJvc2tpbnlzX2dhc3Ryb25vbWluaXNfdGVhdHJhc19fNC5qcGciLCJzbGlkZXNob3ciOiI2NDNkYWIxIn0%3D\">\n\t\t\t\t\t<div class=\"e-gallery-image elementor-gallery-item__image\" data-thumbnail=\"https:\/\/tolinuoklasikos.lt\/wp-content\/uploads\/La_troskinys_gastronominis_teatras__4-630x420.jpg\" data-width=\"630\" data-height=\"420\" aria-label=\"la troskinys gastronominis teatras 4\" role=\"img\" ><\/div>\n\t\t\t\t\t\t\t\t\t\t\t<div class=\"elementor-gallery-item__overlay\"><\/div>\n\t\t\t\t\t\t\t\t\t\t\t\t\t\t<\/a>\n\t\t\t\t\t\t\t<a class=\"e-gallery-item elementor-gallery-item elementor-animated-content\" href=\"https:\/\/tolinuoklasikos.lt\/wp-content\/uploads\/La_troskinys_gastronominis_teatras_2.jpg\" data-elementor-open-lightbox=\"yes\" data-elementor-lightbox-slideshow=\"643dab1\" data-e-action-hash=\"#elementor-action%3Aaction%3Dlightbox%26settings%3DeyJpZCI6MTYwMCwidXJsIjoiaHR0cHM6XC9cL3RvbGludW9rbGFzaWtvcy5sdFwvd3AtY29udGVudFwvdXBsb2Fkc1wvTGFfdHJvc2tpbnlzX2dhc3Ryb25vbWluaXNfdGVhdHJhc18yLmpwZyIsInNsaWRlc2hvdyI6IjY0M2RhYjEifQ%3D%3D\">\n\t\t\t\t\t<div class=\"e-gallery-image elementor-gallery-item__image\" data-thumbnail=\"https:\/\/tolinuoklasikos.lt\/wp-content\/uploads\/La_troskinys_gastronominis_teatras_2-630x420.jpg\" data-width=\"630\" data-height=\"420\" aria-label=\"la troskinys gastronominis teatras 2\" role=\"img\" ><\/div>\n\t\t\t\t\t\t\t\t\t\t\t<div class=\"elementor-gallery-item__overlay\"><\/div>\n\t\t\t\t\t\t\t\t\t\t\t\t\t\t<\/a>\n\t\t\t\t\t\t\t<a class=\"e-gallery-item elementor-gallery-item elementor-animated-content\" href=\"https:\/\/tolinuoklasikos.lt\/wp-content\/uploads\/La_troskinys_gastronominis_teatras_7.jpg\" data-elementor-open-lightbox=\"yes\" data-elementor-lightbox-slideshow=\"643dab1\" data-e-action-hash=\"#elementor-action%3Aaction%3Dlightbox%26settings%3DeyJpZCI6MTYwNSwidXJsIjoiaHR0cHM6XC9cL3RvbGludW9rbGFzaWtvcy5sdFwvd3AtY29udGVudFwvdXBsb2Fkc1wvTGFfdHJvc2tpbnlzX2dhc3Ryb25vbWluaXNfdGVhdHJhc183LmpwZyIsInNsaWRlc2hvdyI6IjY0M2RhYjEifQ%3D%3D\">\n\t\t\t\t\t<div class=\"e-gallery-image elementor-gallery-item__image\" data-thumbnail=\"https:\/\/tolinuoklasikos.lt\/wp-content\/uploads\/La_troskinys_gastronominis_teatras_7-630x420.jpg\" data-width=\"630\" data-height=\"420\" aria-label=\"la troskinys gastronominis teatras 7\" role=\"img\" ><\/div>\n\t\t\t\t\t\t\t\t\t\t\t<div class=\"elementor-gallery-item__overlay\"><\/div>\n\t\t\t\t\t\t\t\t\t\t\t\t\t\t<\/a>\n\t\t\t\t\t<\/div>\n\t\t\t\t\t<\/div>\n\t\t\t\t<\/div>\n\t\t\t\t\t<\/div>\n\t\t<\/div>\n\t\t\t\t\t<\/div>\n\t\t<\/section>\n\t\t\t\t<\/div>","protected":false},"excerpt":{"rendered":"<p>Ratatouille vakarien\u0117 Nesuprantu, kas pavog\u0117 pus\u0119 gruod\u017eio?Tarp pusni\u0173, nu\u0161alusi\u0173 agav\u0173, lietaus ir sekund\u0117mis spindin\u010di\u0173 saul\u0117s spinduli\u0173 cepelin\u0173 danguje.Pus\u0119 gruod\u017eio pavog\u0117 besisukantys plaktuvai, skrundan\u010dios rouge antys ir Kal\u0117din\u0117s karusel\u0117s, kurios be sausio neleis i\u0161lipti.Remis sak\u0117:&#8222;Pasaulis kei\u010diasi, t\u0117ti, ir kiek jis i\u0161 tikr\u0173j\u0173 pasikeis, priklauso tik nuo m\u016bs\u0173&#8221;.Ratatouille vakarien\u0117je sakiau visiems ir priminiau sau, kad reikia leisti [&hellip;]<\/p>","protected":false},"author":1,"featured_media":1616,"parent":0,"menu_order":0,"comment_status":"closed","ping_status":"closed","template":"elementor_header_footer","meta":{"_seopress_robots_primary_cat":"","_seopress_titles_title":"Ratatouille vakarien\u0117 - ToLi nuo klasikos","_seopress_titles_desc":"","_seopress_robots_index":"","footnotes":""},"class_list":["post-1594","page","type-page","status-publish","has-post-thumbnail","hentry"],"_links":{"self":[{"href":"https:\/\/tolinuoklasikos.lt\/en\/wp-json\/wp\/v2\/pages\/1594","targetHints":{"allow":["GET"]}}],"collection":[{"href":"https:\/\/tolinuoklasikos.lt\/en\/wp-json\/wp\/v2\/pages"}],"about":[{"href":"https:\/\/tolinuoklasikos.lt\/en\/wp-json\/wp\/v2\/types\/page"}],"author":[{"embeddable":true,"href":"https:\/\/tolinuoklasikos.lt\/en\/wp-json\/wp\/v2\/users\/1"}],"replies":[{"embeddable":true,"href":"https:\/\/tolinuoklasikos.lt\/en\/wp-json\/wp\/v2\/comments?post=1594"}],"version-history":[{"count":0,"href":"https:\/\/tolinuoklasikos.lt\/en\/wp-json\/wp\/v2\/pages\/1594\/revisions"}],"wp:featuredmedia":[{"embeddable":true,"href":"https:\/\/tolinuoklasikos.lt\/en\/wp-json\/wp\/v2\/media\/1616"}],"wp:attachment":[{"href":"https:\/\/tolinuoklasikos.lt\/en\/wp-json\/wp\/v2\/media?parent=1594"}],"curies":[{"name":"wp","href":"https:\/\/api.w.org\/{rel}","templated":true}]}}