{"id":1625,"date":"2022-01-21T08:25:11","date_gmt":"2022-01-21T06:25:11","guid":{"rendered":"https:\/\/tolinuoklasikos.lt\/?page_id=1625"},"modified":"2024-06-11T22:32:29","modified_gmt":"2024-06-11T20:32:29","slug":"studio-54-naujieji-metai","status":"publish","type":"page","link":"https:\/\/tolinuoklasikos.lt\/en\/studio-54-naujieji-metai\/","title":{"rendered":"New Year's Eve: Studio 54"},"content":{"rendered":"<div data-elementor-type=\"wp-page\" data-elementor-id=\"1625\" class=\"elementor elementor-1625\" data-elementor-post-type=\"page\">\n\t\t\t\t\t\t<section class=\"elementor-section elementor-top-section elementor-element elementor-element-56cc8f7 elementor-section-boxed elementor-section-height-default elementor-section-height-default\" data-id=\"56cc8f7\" data-element_type=\"section\">\n\t\t\t\t\t\t<div class=\"elementor-container elementor-column-gap-default\">\n\t\t\t\t\t<div class=\"elementor-column elementor-col-100 elementor-top-column elementor-element elementor-element-77fe722\" data-id=\"77fe722\" data-element_type=\"column\">\n\t\t\t<div class=\"elementor-widget-wrap elementor-element-populated\">\n\t\t\t\t\t\t<div class=\"elementor-element elementor-element-5173c05 elementor-widget elementor-widget-heading\" data-id=\"5173c05\" data-element_type=\"widget\" data-widget_type=\"heading.default\">\n\t\t\t\t<div class=\"elementor-widget-container\">\n\t\t\t\t\t<h1 class=\"elementor-heading-title elementor-size-default\">New Year's Eve: Studio 54<\/h1>\t\t\t\t<\/div>\n\t\t\t\t<\/div>\n\t\t\t\t<div class=\"elementor-element elementor-element-3c9ddee elementor-hidden-tablet elementor-hidden-mobile elementor-widget elementor-widget-text-editor\" data-id=\"3c9ddee\" data-element_type=\"widget\" data-widget_type=\"text-editor.default\">\n\t\t\t\t<div class=\"elementor-widget-container\">\n\t\t\t\t\t\t\t\t\t<p><img fetchpriority=\"high\" decoding=\"async\" class=\"wp-image-1626 size-medium alignright\" src=\"https:\/\/tolinuoklasikos.lt\/wp-content\/uploads\/Naujieji_metai_toli_nuo_klasikos-630x546.png\" alt=\"naujieji metai toli nuo klasikos\" width=\"630\" height=\"546\" srcset=\"https:\/\/tolinuoklasikos.lt\/wp-content\/uploads\/Naujieji_metai_toli_nuo_klasikos-630x546.png 630w, https:\/\/tolinuoklasikos.lt\/wp-content\/uploads\/Naujieji_metai_toli_nuo_klasikos-768x666.png 768w, https:\/\/tolinuoklasikos.lt\/wp-content\/uploads\/Naujieji_metai_toli_nuo_klasikos.png 803w\" sizes=\"(max-width: 630px) 100vw, 630px\" \/>When Rimvydas sent me photos from the New Year's gastronomic theatre, it was so heart touching, as if the soul itself was sweetened with honey. We ended the year wonderfully. Everything was shining, glowing and sounded like the most beautiful, rare and unexperienced flavours.<\/p><p>We were all so pretty, and what a party we had. We didn\u2019t even wait for the main course to hit the dance floor.<\/p><p>I write and rejoice at how we can combine such different ideas: from a sea urchin with wonderful champagne matured in the ocean to a glowing hairspray like at a school disco.<\/p><p>Thank you all for the celebration till dawn and for proudly oversleeping the first day of the year.<\/p><p>We wanted the last appetizer of the year to be extraordinary:<\/p><p><strong>First appetizer:<br \/><\/strong><em>&#8211; M. Hostomme<br \/><\/em><em>&#8211; ABYSSE\/blanc de blanc<br \/><\/em><em>\u2013 Sea urchin<\/em><\/p><p><strong>Second appetizer:<\/strong><br \/><em>&#8211; Jacquesson extra brut<\/em><br \/><em>\u2013 A bite of butterfish<\/em><\/p><p><strong>Third appetizer:<\/strong><br \/><em>&#8211; Ch\u00e2teau le puy retour des \u00eeles AOC 2017<\/em><br \/><em>\u2013 A bite of game<\/em><\/p><p><strong>Dinner:<\/strong><br \/><em>\u2013 Fresh scallop \/ blood orange texture<\/em><br \/><em>\u2013 Venison tartare \/ tarragon mayonnaise \/ pork skin<\/em><br \/><em>\u2013 G5 wagyu snack with forest textures<\/em><br \/><em>\u2013 Wild goose \/ pumpkin \/ cardamom<\/em><br \/><em>\u2013 Sea pebble in the forest \/ Sicilian citrus layers \/ coconut mousse \/ yuzu jelly.<\/em><\/p><p>Thank you, my most creative team of kitchen: Vladimir, R\u016bta, Meda<br \/>The musketeers of the bar: Vygute, Mindaugas, Mantelis and Aistute!<\/p><p>It was a wonderful evening and night.<\/p><p>I love you!<\/p>\t\t\t\t\t\t\t\t<\/div>\n\t\t\t\t<\/div>\n\t\t\t\t<div class=\"elementor-element elementor-element-bb79521 elementor-hidden-desktop elementor-widget elementor-widget-image\" data-id=\"bb79521\" data-element_type=\"widget\" data-widget_type=\"image.default\">\n\t\t\t\t<div class=\"elementor-widget-container\">\n\t\t\t\t\t\t\t\t\t\t\t\t\t\t\t<img decoding=\"async\" width=\"803\" height=\"696\" src=\"https:\/\/tolinuoklasikos.lt\/wp-content\/uploads\/Naujieji_metai_toli_nuo_klasikos.png\" class=\"attachment-full size-full wp-image-1626\" alt=\"naujieji metai toli nuo klasikos\" srcset=\"https:\/\/tolinuoklasikos.lt\/wp-content\/uploads\/Naujieji_metai_toli_nuo_klasikos.png 803w, https:\/\/tolinuoklasikos.lt\/wp-content\/uploads\/Naujieji_metai_toli_nuo_klasikos-630x546.png 630w, https:\/\/tolinuoklasikos.lt\/wp-content\/uploads\/Naujieji_metai_toli_nuo_klasikos-768x666.png 768w\" sizes=\"(max-width: 803px) 100vw, 803px\" \/>\t\t\t\t\t\t\t\t\t\t\t\t\t\t\t<\/div>\n\t\t\t\t<\/div>\n\t\t\t\t<div class=\"elementor-element elementor-element-9442dd8 elementor-hidden-desktop elementor-widget elementor-widget-text-editor\" data-id=\"9442dd8\" data-element_type=\"widget\" data-widget_type=\"text-editor.default\">\n\t\t\t\t<div class=\"elementor-widget-container\">\n\t\t\t\t\t\t\t\t\t<p>When Rimvydas sent me photos from the New Year's gastronomic theatre, it was so heart touching, as if the soul itself was sweetened with honey. We ended the year wonderfully. Everything was shining, glowing and sounded like the most beautiful, rare and unexperienced flavours.<\/p><p>We were all so pretty, and what a party we had. We didn\u2019t even wait for the main course to hit the dance floor.<\/p><p>I write and rejoice at how we can combine such different ideas: from a sea urchin with wonderful champagne matured in the ocean to a glowing hairspray like at a school disco.<\/p><p>Thank you all for the celebration till dawn and for proudly oversleeping the first day of the year.<\/p><p>We wanted the last appetizer of the year to be extraordinary:<\/p><p><strong>First appetizer:<br \/><\/strong><em>&#8211; M. Hostomme<br \/><\/em><em>&#8211; ABYSSE\/blanc de blanc<br \/><\/em><em>\u2013 Sea urchin<\/em><\/p><p><strong>Second appetizer:<\/strong><br \/><em>&#8211; Jacquesson extra brut<\/em><br \/><em>\u2013 A bite of butterfish<\/em><\/p><p><strong>Third appetizer:<\/strong><br \/><em>&#8211; Ch\u00e2teau le puy retour des \u00eeles AOC 2017<\/em><br \/><em>\u2013 A bite of game<\/em><\/p><p><strong>Dinner:<\/strong><br \/><em>\u2013 Fresh scallop \/ blood orange texture<\/em><br \/><em>\u2013 Venison tartare \/ tarragon mayonnaise \/ pork skin<\/em><br \/><em>\u2013 G5 wagyu snack with forest textures<\/em><br \/><em>\u2013 Wild goose \/ pumpkin \/ cardamom<\/em><br \/><em>\u2013 Sea pebble in the forest \/ Sicilian citrus layers \/ coconut mousse \/ yuzu jelly.<\/em><\/p><p>Thank you, my most creative team of kitchen: Vladimir, R\u016bta, Meda<br \/>The musketeers of the bar: Vygute, Mindaugas, Mantelis and Aistute!<\/p><p>It was a wonderful evening and night.<\/p><p>I love you!<\/p>\t\t\t\t\t\t\t\t<\/div>\n\t\t\t\t<\/div>\n\t\t\t\t<div class=\"elementor-element elementor-element-0d6bbd1 elementor-widget elementor-widget-heading\" data-id=\"0d6bbd1\" data-element_type=\"widget\" data-widget_type=\"heading.default\">\n\t\t\t\t<div class=\"elementor-widget-container\">\n\t\t\t\t\t<h2 class=\"elementor-heading-title elementor-size-default\">Moments of Salvador Dali dinner<\/h2>\t\t\t\t<\/div>\n\t\t\t\t<\/div>\n\t\t\t\t<div class=\"elementor-element elementor-element-643dab1 elementor-widget elementor-widget-gallery\" data-id=\"643dab1\" data-element_type=\"widget\" data-settings=\"{&quot;columns&quot;:5,&quot;columns_tablet&quot;:4,&quot;columns_mobile&quot;:2,&quot;gap&quot;:{&quot;unit&quot;:&quot;px&quot;,&quot;size&quot;:6,&quot;sizes&quot;:[]},&quot;gap_tablet&quot;:{&quot;unit&quot;:&quot;px&quot;,&quot;size&quot;:6,&quot;sizes&quot;:[]},&quot;gap_mobile&quot;:{&quot;unit&quot;:&quot;px&quot;,&quot;size&quot;:6,&quot;sizes&quot;:[]},&quot;lazyload&quot;:&quot;yes&quot;,&quot;gallery_layout&quot;:&quot;grid&quot;,&quot;link_to&quot;:&quot;file&quot;,&quot;aspect_ratio&quot;:&quot;3:2&quot;,&quot;overlay_background&quot;:&quot;yes&quot;,&quot;content_hover_animation&quot;:&quot;fade-in&quot;}\" data-widget_type=\"gallery.default\">\n\t\t\t\t<div class=\"elementor-widget-container\">\n\t\t\t\t\t\t\t<div class=\"elementor-gallery__container\">\n\t\t\t\t\t\t\t<a class=\"e-gallery-item elementor-gallery-item elementor-animated-content\" href=\"https:\/\/tolinuoklasikos.lt\/wp-content\/uploads\/Audrute_naujieji_metai_0000_R6__1282-1.jpg\" data-elementor-open-lightbox=\"yes\" data-elementor-lightbox-slideshow=\"643dab1\" data-e-action-hash=\"#elementor-action%3Aaction%3Dlightbox%26settings%3DeyJpZCI6MTYyOCwidXJsIjoiaHR0cHM6XC9cL3RvbGludW9rbGFzaWtvcy5sdFwvd3AtY29udGVudFwvdXBsb2Fkc1wvQXVkcnV0ZV9uYXVqaWVqaV9tZXRhaV8wMDAwX1I2X18xMjgyLTEuanBnIiwic2xpZGVzaG93IjoiNjQzZGFiMSJ9\">\n\t\t\t\t\t<div class=\"e-gallery-image elementor-gallery-item__image\" data-thumbnail=\"https:\/\/tolinuoklasikos.lt\/wp-content\/uploads\/Audrute_naujieji_metai_0000_R6__1282-1-630x473.jpg\" data-width=\"630\" data-height=\"473\" aria-label=\"audrute naujieji metai 0000 r6 1282 1\" role=\"img\" ><\/div>\n\t\t\t\t\t\t\t\t\t\t\t<div class=\"elementor-gallery-item__overlay\"><\/div>\n\t\t\t\t\t\t\t\t\t\t\t\t\t\t<\/a>\n\t\t\t\t\t\t\t<a class=\"e-gallery-item elementor-gallery-item elementor-animated-content\" href=\"https:\/\/tolinuoklasikos.lt\/wp-content\/uploads\/Audrute_naujieji_metai_0001_R6__1243-1.jpg\" data-elementor-open-lightbox=\"yes\" data-elementor-lightbox-slideshow=\"643dab1\" data-e-action-hash=\"#elementor-action%3Aaction%3Dlightbox%26settings%3DeyJpZCI6MTYyOSwidXJsIjoiaHR0cHM6XC9cL3RvbGludW9rbGFzaWtvcy5sdFwvd3AtY29udGVudFwvdXBsb2Fkc1wvQXVkcnV0ZV9uYXVqaWVqaV9tZXRhaV8wMDAxX1I2X18xMjQzLTEuanBnIiwic2xpZGVzaG93IjoiNjQzZGFiMSJ9\">\n\t\t\t\t\t<div class=\"e-gallery-image elementor-gallery-item__image\" data-thumbnail=\"https:\/\/tolinuoklasikos.lt\/wp-content\/uploads\/Audrute_naujieji_metai_0001_R6__1243-1-630x473.jpg\" data-width=\"630\" data-height=\"473\" aria-label=\"audrute naujieji metai 0001 r6 1243 1\" role=\"img\" ><\/div>\n\t\t\t\t\t\t\t\t\t\t\t<div class=\"elementor-gallery-item__overlay\"><\/div>\n\t\t\t\t\t\t\t\t\t\t\t\t\t\t<\/a>\n\t\t\t\t\t\t\t<a class=\"e-gallery-item elementor-gallery-item elementor-animated-content\" href=\"https:\/\/tolinuoklasikos.lt\/wp-content\/uploads\/Audrute_naujieji_metai_0002_R6__1164-1.jpg\" data-elementor-open-lightbox=\"yes\" data-elementor-lightbox-slideshow=\"643dab1\" data-e-action-hash=\"#elementor-action%3Aaction%3Dlightbox%26settings%3DeyJpZCI6MTYzMCwidXJsIjoiaHR0cHM6XC9cL3RvbGludW9rbGFzaWtvcy5sdFwvd3AtY29udGVudFwvdXBsb2Fkc1wvQXVkcnV0ZV9uYXVqaWVqaV9tZXRhaV8wMDAyX1I2X18xMTY0LTEuanBnIiwic2xpZGVzaG93IjoiNjQzZGFiMSJ9\">\n\t\t\t\t\t<div class=\"e-gallery-image elementor-gallery-item__image\" data-thumbnail=\"https:\/\/tolinuoklasikos.lt\/wp-content\/uploads\/Audrute_naujieji_metai_0002_R6__1164-1-630x473.jpg\" data-width=\"630\" data-height=\"473\" aria-label=\"audrute naujieji metai 0002 r6 1164 1\" role=\"img\" ><\/div>\n\t\t\t\t\t\t\t\t\t\t\t<div class=\"elementor-gallery-item__overlay\"><\/div>\n\t\t\t\t\t\t\t\t\t\t\t\t\t\t<\/a>\n\t\t\t\t\t\t\t<a class=\"e-gallery-item elementor-gallery-item elementor-animated-content\" href=\"https:\/\/tolinuoklasikos.lt\/wp-content\/uploads\/Audrute_naujieji_metai_0003_R6__0879-1.jpg\" data-elementor-open-lightbox=\"yes\" data-elementor-lightbox-slideshow=\"643dab1\" data-e-action-hash=\"#elementor-action%3Aaction%3Dlightbox%26settings%3DeyJpZCI6MTYzMSwidXJsIjoiaHR0cHM6XC9cL3RvbGludW9rbGFzaWtvcy5sdFwvd3AtY29udGVudFwvdXBsb2Fkc1wvQXVkcnV0ZV9uYXVqaWVqaV9tZXRhaV8wMDAzX1I2X18wODc5LTEuanBnIiwic2xpZGVzaG93IjoiNjQzZGFiMSJ9\">\n\t\t\t\t\t<div class=\"e-gallery-image elementor-gallery-item__image\" data-thumbnail=\"https:\/\/tolinuoklasikos.lt\/wp-content\/uploads\/Audrute_naujieji_metai_0003_R6__0879-1-630x473.jpg\" data-width=\"630\" data-height=\"473\" aria-label=\"audrute naujieji metai 0003 r6 0879 1\" role=\"img\" ><\/div>\n\t\t\t\t\t\t\t\t\t\t\t<div class=\"elementor-gallery-item__overlay\"><\/div>\n\t\t\t\t\t\t\t\t\t\t\t\t\t\t<\/a>\n\t\t\t\t\t\t\t<a class=\"e-gallery-item elementor-gallery-item elementor-animated-content\" href=\"https:\/\/tolinuoklasikos.lt\/wp-content\/uploads\/Audrute_naujieji_metai_0004_R6__0728-1-copy.jpg\" data-elementor-open-lightbox=\"yes\" data-elementor-lightbox-slideshow=\"643dab1\" data-e-action-hash=\"#elementor-action%3Aaction%3Dlightbox%26settings%3DeyJpZCI6MTYzMiwidXJsIjoiaHR0cHM6XC9cL3RvbGludW9rbGFzaWtvcy5sdFwvd3AtY29udGVudFwvdXBsb2Fkc1wvQXVkcnV0ZV9uYXVqaWVqaV9tZXRhaV8wMDA0X1I2X18wNzI4LTEtY29weS5qcGciLCJzbGlkZXNob3ciOiI2NDNkYWIxIn0%3D\">\n\t\t\t\t\t<div class=\"e-gallery-image elementor-gallery-item__image\" data-thumbnail=\"https:\/\/tolinuoklasikos.lt\/wp-content\/uploads\/Audrute_naujieji_metai_0004_R6__0728-1-copy-630x473.jpg\" data-width=\"630\" data-height=\"473\" aria-label=\"Kaledos su Toli nuoklasikos\" role=\"img\" ><\/div>\n\t\t\t\t\t\t\t\t\t\t\t<div class=\"elementor-gallery-item__overlay\"><\/div>\n\t\t\t\t\t\t\t\t\t\t\t\t\t\t<\/a>\n\t\t\t\t\t\t\t<a class=\"e-gallery-item elementor-gallery-item elementor-animated-content\" href=\"https:\/\/tolinuoklasikos.lt\/wp-content\/uploads\/Audrute_naujieji_metai_0006_R6__0559-1.jpg\" data-elementor-open-lightbox=\"yes\" data-elementor-lightbox-slideshow=\"643dab1\" data-e-action-hash=\"#elementor-action%3Aaction%3Dlightbox%26settings%3DeyJpZCI6MTYzMywidXJsIjoiaHR0cHM6XC9cL3RvbGludW9rbGFzaWtvcy5sdFwvd3AtY29udGVudFwvdXBsb2Fkc1wvQXVkcnV0ZV9uYXVqaWVqaV9tZXRhaV8wMDA2X1I2X18wNTU5LTEuanBnIiwic2xpZGVzaG93IjoiNjQzZGFiMSJ9\">\n\t\t\t\t\t<div class=\"e-gallery-image elementor-gallery-item__image\" data-thumbnail=\"https:\/\/tolinuoklasikos.lt\/wp-content\/uploads\/Audrute_naujieji_metai_0006_R6__0559-1-630x473.jpg\" data-width=\"630\" data-height=\"473\" aria-label=\"audrute naujieji metai 0006 r6 0559 1\" role=\"img\" ><\/div>\n\t\t\t\t\t\t\t\t\t\t\t<div class=\"elementor-gallery-item__overlay\"><\/div>\n\t\t\t\t\t\t\t\t\t\t\t\t\t\t<\/a>\n\t\t\t\t\t\t\t<a class=\"e-gallery-item elementor-gallery-item elementor-animated-content\" href=\"https:\/\/tolinuoklasikos.lt\/wp-content\/uploads\/Audrute_naujieji_metai_0007_R6__0475-1.jpg\" data-elementor-open-lightbox=\"yes\" data-elementor-lightbox-slideshow=\"643dab1\" data-e-action-hash=\"#elementor-action%3Aaction%3Dlightbox%26settings%3DeyJpZCI6MTYzNCwidXJsIjoiaHR0cHM6XC9cL3RvbGludW9rbGFzaWtvcy5sdFwvd3AtY29udGVudFwvdXBsb2Fkc1wvQXVkcnV0ZV9uYXVqaWVqaV9tZXRhaV8wMDA3X1I2X18wNDc1LTEuanBnIiwic2xpZGVzaG93IjoiNjQzZGFiMSJ9\">\n\t\t\t\t\t<div class=\"e-gallery-image elementor-gallery-item__image\" data-thumbnail=\"https:\/\/tolinuoklasikos.lt\/wp-content\/uploads\/Audrute_naujieji_metai_0007_R6__0475-1-630x473.jpg\" data-width=\"630\" data-height=\"473\" aria-label=\"audrute naujieji metai 0007 r6 0475 1\" role=\"img\" ><\/div>\n\t\t\t\t\t\t\t\t\t\t\t<div class=\"elementor-gallery-item__overlay\"><\/div>\n\t\t\t\t\t\t\t\t\t\t\t\t\t\t<\/a>\n\t\t\t\t\t\t\t<a class=\"e-gallery-item elementor-gallery-item elementor-animated-content\" href=\"https:\/\/tolinuoklasikos.lt\/wp-content\/uploads\/Audrute_naujieji_metai_0008_R6__0410-1.jpg\" data-elementor-open-lightbox=\"yes\" data-elementor-lightbox-slideshow=\"643dab1\" data-e-action-hash=\"#elementor-action%3Aaction%3Dlightbox%26settings%3DeyJpZCI6MTYzNSwidXJsIjoiaHR0cHM6XC9cL3RvbGludW9rbGFzaWtvcy5sdFwvd3AtY29udGVudFwvdXBsb2Fkc1wvQXVkcnV0ZV9uYXVqaWVqaV9tZXRhaV8wMDA4X1I2X18wNDEwLTEuanBnIiwic2xpZGVzaG93IjoiNjQzZGFiMSJ9\">\n\t\t\t\t\t<div class=\"e-gallery-image elementor-gallery-item__image\" data-thumbnail=\"https:\/\/tolinuoklasikos.lt\/wp-content\/uploads\/Audrute_naujieji_metai_0008_R6__0410-1-630x473.jpg\" data-width=\"630\" data-height=\"473\" aria-label=\"audrute naujieji metai 0008 r6 0410 1\" role=\"img\" ><\/div>\n\t\t\t\t\t\t\t\t\t\t\t<div class=\"elementor-gallery-item__overlay\"><\/div>\n\t\t\t\t\t\t\t\t\t\t\t\t\t\t<\/a>\n\t\t\t\t\t\t\t<a class=\"e-gallery-item elementor-gallery-item elementor-animated-content\" href=\"https:\/\/tolinuoklasikos.lt\/wp-content\/uploads\/Audrute_naujieji_metai_0009_R6__0386-1.jpg\" data-elementor-open-lightbox=\"yes\" data-elementor-lightbox-slideshow=\"643dab1\" data-e-action-hash=\"#elementor-action%3Aaction%3Dlightbox%26settings%3DeyJpZCI6MTYzNiwidXJsIjoiaHR0cHM6XC9cL3RvbGludW9rbGFzaWtvcy5sdFwvd3AtY29udGVudFwvdXBsb2Fkc1wvQXVkcnV0ZV9uYXVqaWVqaV9tZXRhaV8wMDA5X1I2X18wMzg2LTEuanBnIiwic2xpZGVzaG93IjoiNjQzZGFiMSJ9\">\n\t\t\t\t\t<div class=\"e-gallery-image elementor-gallery-item__image\" data-thumbnail=\"https:\/\/tolinuoklasikos.lt\/wp-content\/uploads\/Audrute_naujieji_metai_0009_R6__0386-1-630x473.jpg\" data-width=\"630\" data-height=\"473\" aria-label=\"audrute naujieji metai 0009 r6 0386 1\" role=\"img\" ><\/div>\n\t\t\t\t\t\t\t\t\t\t\t<div class=\"elementor-gallery-item__overlay\"><\/div>\n\t\t\t\t\t\t\t\t\t\t\t\t\t\t<\/a>\n\t\t\t\t\t\t\t<a class=\"e-gallery-item elementor-gallery-item elementor-animated-content\" href=\"https:\/\/tolinuoklasikos.lt\/wp-content\/uploads\/Audrute_naujieji_metai_0010_R6__0355-1.jpg\" data-elementor-open-lightbox=\"yes\" data-elementor-lightbox-slideshow=\"643dab1\" data-e-action-hash=\"#elementor-action%3Aaction%3Dlightbox%26settings%3DeyJpZCI6MTYzNywidXJsIjoiaHR0cHM6XC9cL3RvbGludW9rbGFzaWtvcy5sdFwvd3AtY29udGVudFwvdXBsb2Fkc1wvQXVkcnV0ZV9uYXVqaWVqaV9tZXRhaV8wMDEwX1I2X18wMzU1LTEuanBnIiwic2xpZGVzaG93IjoiNjQzZGFiMSJ9\">\n\t\t\t\t\t<div class=\"e-gallery-image elementor-gallery-item__image\" data-thumbnail=\"https:\/\/tolinuoklasikos.lt\/wp-content\/uploads\/Audrute_naujieji_metai_0010_R6__0355-1-630x473.jpg\" data-width=\"630\" data-height=\"473\" aria-label=\"audrute naujieji metai 0010 r6 0355 1\" role=\"img\" ><\/div>\n\t\t\t\t\t\t\t\t\t\t\t<div class=\"elementor-gallery-item__overlay\"><\/div>\n\t\t\t\t\t\t\t\t\t\t\t\t\t\t<\/a>\n\t\t\t\t\t\t\t<a class=\"e-gallery-item elementor-gallery-item elementor-animated-content\" href=\"https:\/\/tolinuoklasikos.lt\/wp-content\/uploads\/Audrute_naujieji_metai_0011_R6__0088-1.jpg\" data-elementor-open-lightbox=\"yes\" data-elementor-lightbox-slideshow=\"643dab1\" data-e-action-hash=\"#elementor-action%3Aaction%3Dlightbox%26settings%3DeyJpZCI6MTYzOCwidXJsIjoiaHR0cHM6XC9cL3RvbGludW9rbGFzaWtvcy5sdFwvd3AtY29udGVudFwvdXBsb2Fkc1wvQXVkcnV0ZV9uYXVqaWVqaV9tZXRhaV8wMDExX1I2X18wMDg4LTEuanBnIiwic2xpZGVzaG93IjoiNjQzZGFiMSJ9\">\n\t\t\t\t\t<div class=\"e-gallery-image elementor-gallery-item__image\" data-thumbnail=\"https:\/\/tolinuoklasikos.lt\/wp-content\/uploads\/Audrute_naujieji_metai_0011_R6__0088-1-630x473.jpg\" data-width=\"630\" data-height=\"473\" aria-label=\"audrute naujieji metai 0011 r6 0088 1\" role=\"img\" ><\/div>\n\t\t\t\t\t\t\t\t\t\t\t<div class=\"elementor-gallery-item__overlay\"><\/div>\n\t\t\t\t\t\t\t\t\t\t\t\t\t\t<\/a>\n\t\t\t\t\t\t\t<a class=\"e-gallery-item elementor-gallery-item elementor-animated-content\" href=\"https:\/\/tolinuoklasikos.lt\/wp-content\/uploads\/Audrute_naujieji_metai_0012_R6__0426-1.jpg\" data-elementor-open-lightbox=\"yes\" data-elementor-lightbox-slideshow=\"643dab1\" data-e-action-hash=\"#elementor-action%3Aaction%3Dlightbox%26settings%3DeyJpZCI6MTYzOSwidXJsIjoiaHR0cHM6XC9cL3RvbGludW9rbGFzaWtvcy5sdFwvd3AtY29udGVudFwvdXBsb2Fkc1wvQXVkcnV0ZV9uYXVqaWVqaV9tZXRhaV8wMDEyX1I2X18wNDI2LTEuanBnIiwic2xpZGVzaG93IjoiNjQzZGFiMSJ9\">\n\t\t\t\t\t<div class=\"e-gallery-image elementor-gallery-item__image\" data-thumbnail=\"https:\/\/tolinuoklasikos.lt\/wp-content\/uploads\/Audrute_naujieji_metai_0012_R6__0426-1-630x473.jpg\" data-width=\"630\" data-height=\"473\" aria-label=\"audrute naujieji metai 0012 r6 0426 1\" role=\"img\" ><\/div>\n\t\t\t\t\t\t\t\t\t\t\t<div class=\"elementor-gallery-item__overlay\"><\/div>\n\t\t\t\t\t\t\t\t\t\t\t\t\t\t<\/a>\n\t\t\t\t\t\t\t<a class=\"e-gallery-item elementor-gallery-item elementor-animated-content\" href=\"https:\/\/tolinuoklasikos.lt\/wp-content\/uploads\/Audrute_naujieji_metai_0013_R6__1563-1-2.jpg\" data-elementor-open-lightbox=\"yes\" data-elementor-lightbox-slideshow=\"643dab1\" data-e-action-hash=\"#elementor-action%3Aaction%3Dlightbox%26settings%3DeyJpZCI6MTY0MCwidXJsIjoiaHR0cHM6XC9cL3RvbGludW9rbGFzaWtvcy5sdFwvd3AtY29udGVudFwvdXBsb2Fkc1wvQXVkcnV0ZV9uYXVqaWVqaV9tZXRhaV8wMDEzX1I2X18xNTYzLTEtMi5qcGciLCJzbGlkZXNob3ciOiI2NDNkYWIxIn0%3D\">\n\t\t\t\t\t<div class=\"e-gallery-image elementor-gallery-item__image\" data-thumbnail=\"https:\/\/tolinuoklasikos.lt\/wp-content\/uploads\/Audrute_naujieji_metai_0013_R6__1563-1-2-630x473.jpg\" data-width=\"630\" data-height=\"473\" aria-label=\"audrute naujieji metai 0013 r6 1563 1 2\" role=\"img\" ><\/div>\n\t\t\t\t\t\t\t\t\t\t\t<div class=\"elementor-gallery-item__overlay\"><\/div>\n\t\t\t\t\t\t\t\t\t\t\t\t\t\t<\/a>\n\t\t\t\t\t\t\t<a class=\"e-gallery-item elementor-gallery-item elementor-animated-content\" href=\"https:\/\/tolinuoklasikos.lt\/wp-content\/uploads\/Audrute_naujieji_metai_0014_R6__0565-1.jpg\" data-elementor-open-lightbox=\"yes\" data-elementor-lightbox-slideshow=\"643dab1\" data-e-action-hash=\"#elementor-action%3Aaction%3Dlightbox%26settings%3DeyJpZCI6MTY0MSwidXJsIjoiaHR0cHM6XC9cL3RvbGludW9rbGFzaWtvcy5sdFwvd3AtY29udGVudFwvdXBsb2Fkc1wvQXVkcnV0ZV9uYXVqaWVqaV9tZXRhaV8wMDE0X1I2X18wNTY1LTEuanBnIiwic2xpZGVzaG93IjoiNjQzZGFiMSJ9\">\n\t\t\t\t\t<div class=\"e-gallery-image elementor-gallery-item__image\" data-thumbnail=\"https:\/\/tolinuoklasikos.lt\/wp-content\/uploads\/Audrute_naujieji_metai_0014_R6__0565-1-630x473.jpg\" data-width=\"630\" data-height=\"473\" aria-label=\"audrute naujieji metai 0014 r6 0565 1\" role=\"img\" ><\/div>\n\t\t\t\t\t\t\t\t\t\t\t<div class=\"elementor-gallery-item__overlay\"><\/div>\n\t\t\t\t\t\t\t\t\t\t\t\t\t\t<\/a>\n\t\t\t\t\t\t\t<a class=\"e-gallery-item elementor-gallery-item elementor-animated-content\" href=\"https:\/\/tolinuoklasikos.lt\/wp-content\/uploads\/Audrute_naujieji_metai_0016_R6__1608-1.jpg\" data-elementor-open-lightbox=\"yes\" data-elementor-lightbox-slideshow=\"643dab1\" data-e-action-hash=\"#elementor-action%3Aaction%3Dlightbox%26settings%3DeyJpZCI6MTY0MiwidXJsIjoiaHR0cHM6XC9cL3RvbGludW9rbGFzaWtvcy5sdFwvd3AtY29udGVudFwvdXBsb2Fkc1wvQXVkcnV0ZV9uYXVqaWVqaV9tZXRhaV8wMDE2X1I2X18xNjA4LTEuanBnIiwic2xpZGVzaG93IjoiNjQzZGFiMSJ9\">\n\t\t\t\t\t<div class=\"e-gallery-image elementor-gallery-item__image\" data-thumbnail=\"https:\/\/tolinuoklasikos.lt\/wp-content\/uploads\/Audrute_naujieji_metai_0016_R6__1608-1-630x473.jpg\" data-width=\"630\" data-height=\"473\" aria-label=\"audrute naujieji metai 0016 r6 1608 1\" role=\"img\" ><\/div>\n\t\t\t\t\t\t\t\t\t\t\t<div class=\"elementor-gallery-item__overlay\"><\/div>\n\t\t\t\t\t\t\t\t\t\t\t\t\t\t<\/a>\n\t\t\t\t\t<\/div>\n\t\t\t\t\t<\/div>\n\t\t\t\t<\/div>\n\t\t\t\t\t<\/div>\n\t\t<\/div>\n\t\t\t\t\t<\/div>\n\t\t<\/section>\n\t\t\t\t<\/div>","protected":false},"excerpt":{"rendered":"<p>Studio 54 Naujieji Metai Rimvydui atsiuntus nuotraukas i\u0161 naujametinio gastronominio teatro taip man saldu kr\u016btin\u0117je buvo it medumi i\u0161maliavota pati siela b\u016bt\u0173. Nuostabiai baig\u0117m metus. Viskas \u017e\u0117r\u0117jo, spind\u0117jo ir grojo man gra\u017eiausiais, retais ir nepatirtais skoniais. Kokie gra\u017e\u016bs buvom visi ir kokie nuostab\u016bs buvo \u0161okiai. Dar gerokai prie\u0161 pagrindin\u012f patiekal\u0105 prasid\u0117j\u0119. Ra\u0161au ir d\u017eiaugiuosi, kaip [&hellip;]<\/p>","protected":false},"author":1,"featured_media":1626,"parent":0,"menu_order":0,"comment_status":"closed","ping_status":"closed","template":"elementor_header_footer","meta":{"_seopress_robots_primary_cat":"","_seopress_titles_title":"Studio 54 Naujieji Metai - ToLi nuo klasikos","_seopress_titles_desc":"","_seopress_robots_index":"","footnotes":""},"class_list":["post-1625","page","type-page","status-publish","has-post-thumbnail","hentry"],"_links":{"self":[{"href":"https:\/\/tolinuoklasikos.lt\/en\/wp-json\/wp\/v2\/pages\/1625","targetHints":{"allow":["GET"]}}],"collection":[{"href":"https:\/\/tolinuoklasikos.lt\/en\/wp-json\/wp\/v2\/pages"}],"about":[{"href":"https:\/\/tolinuoklasikos.lt\/en\/wp-json\/wp\/v2\/types\/page"}],"author":[{"embeddable":true,"href":"https:\/\/tolinuoklasikos.lt\/en\/wp-json\/wp\/v2\/users\/1"}],"replies":[{"embeddable":true,"href":"https:\/\/tolinuoklasikos.lt\/en\/wp-json\/wp\/v2\/comments?post=1625"}],"version-history":[{"count":0,"href":"https:\/\/tolinuoklasikos.lt\/en\/wp-json\/wp\/v2\/pages\/1625\/revisions"}],"wp:featuredmedia":[{"embeddable":true,"href":"https:\/\/tolinuoklasikos.lt\/en\/wp-json\/wp\/v2\/media\/1626"}],"wp:attachment":[{"href":"https:\/\/tolinuoklasikos.lt\/en\/wp-json\/wp\/v2\/media?parent=1625"}],"curies":[{"name":"wp","href":"https:\/\/api.w.org\/{rel}","templated":true}]}}