{"id":2014,"date":"2022-05-23T10:25:49","date_gmt":"2022-05-23T08:25:49","guid":{"rendered":"https:\/\/tolinuoklasikos.lt\/?page_id=2014"},"modified":"2024-06-11T22:23:51","modified_gmt":"2024-06-11T20:23:51","slug":"klaipedos-krasto-skoniu-zemelapis","status":"publish","type":"page","link":"https:\/\/tolinuoklasikos.lt\/en\/klaipedos-krasto-skoniu-zemelapis\/","title":{"rendered":"Klaip\u0117dos kra\u0161to skoni\u0173 \u017eem\u0117lapis"},"content":{"rendered":"<div data-elementor-type=\"wp-page\" data-elementor-id=\"2014\" class=\"elementor elementor-2014\" data-elementor-post-type=\"page\">\n\t\t\t\t\t\t<section class=\"elementor-section elementor-top-section elementor-element elementor-element-56cc8f7 elementor-section-boxed elementor-section-height-default elementor-section-height-default\" data-id=\"56cc8f7\" data-element_type=\"section\">\n\t\t\t\t\t\t<div class=\"elementor-container elementor-column-gap-default\">\n\t\t\t\t\t<div class=\"elementor-column elementor-col-100 elementor-top-column elementor-element elementor-element-77fe722\" data-id=\"77fe722\" data-element_type=\"column\">\n\t\t\t<div class=\"elementor-widget-wrap elementor-element-populated\">\n\t\t\t\t\t\t<div class=\"elementor-element elementor-element-5173c05 elementor-widget elementor-widget-heading\" data-id=\"5173c05\" data-element_type=\"widget\" data-widget_type=\"heading.default\">\n\t\t\t\t<div class=\"elementor-widget-container\">\n\t\t\t\t\t<h1 class=\"elementor-heading-title elementor-size-default\">Klaip\u0117dos kra\u0161to skoni\u0173 \u017eem\u0117lapis<\/h1>\t\t\t\t<\/div>\n\t\t\t\t<\/div>\n\t\t\t\t<div class=\"elementor-element elementor-element-3c9ddee elementor-hidden-tablet elementor-hidden-mobile elementor-widget elementor-widget-text-editor\" data-id=\"3c9ddee\" data-element_type=\"widget\" data-widget_type=\"text-editor.default\">\n\t\t\t\t<div class=\"elementor-widget-container\">\n\t\t\t\t\t\t\t\t\t<p><img fetchpriority=\"high\" decoding=\"async\" class=\"wp-image-2016 size-medium alignright\" src=\"https:\/\/tolinuoklasikos.lt\/wp-content\/uploads\/Klaipedos-krasto-gastronominis-teatras-630x491.png\" alt=\"klaipedos kra\u0161to gastronominis teatras\" width=\"630\" height=\"491\" srcset=\"https:\/\/tolinuoklasikos.lt\/wp-content\/uploads\/Klaipedos-krasto-gastronominis-teatras-630x491.png 630w, https:\/\/tolinuoklasikos.lt\/wp-content\/uploads\/Klaipedos-krasto-gastronominis-teatras-768x599.png 768w, https:\/\/tolinuoklasikos.lt\/wp-content\/uploads\/Klaipedos-krasto-gastronominis-teatras-15x12.png 15w, https:\/\/tolinuoklasikos.lt\/wp-content\/uploads\/Klaipedos-krasto-gastronominis-teatras.png 900w\" sizes=\"(max-width: 630px) 100vw, 630px\" \/><\/p><p>Kokia \u0161ilta ir gra\u017ei buvo Klaip\u0117dos kra\u0161to vakarien\u0117. Negal\u0117jau nustoti \u0161ypsotis. Ne taip, kaip pavasaris. Toks aik\u0161tingas ir pykstantis v\u0117jais.<br \/>\u017dyd\u0117jo vis\u0173 l\u016bpos skirtingais \u017eiedais, emocijoms ir skoniais besikei\u010diant. Ka\u017ekas draug\u0173 susirado, ka\u017ekas tramd\u0117 emocijas karvel\u012f ragaudamas. Daug juoko, nepatirt\u0173 skoni\u0173 ir alu\u010dio.<br \/>Atskiri ditirambai Jonui. Jis toks vitali\u0161kas ir tekantis, kaip up\u0117 pasakotojas. Su juo lengva kurti, dirbti, spalvinti skoni\u0173 spalvomis. \u012esivaizduokit, meniu su Jonu kantriai derininom telefonu. Po skon\u012f, po prieskon\u012f i\u0161 jo ir i\u0161 m\u016bs\u0173 pus\u0117s. Ir tikrai, kaip nuostabiai pavyko. <br \/>Skyr\u0117me su komanda daug valand\u0173 surasti geriausiai skamban\u010di\u0173 derini\u0173 ir istorij\u0173, kokia buvo nuostabi ta istorijos gija ir kaip mes privalome j\u0105 vyti toliau. J\u0105 austi ir megzti, kad auk\u0161tai i\u0161k\u0117l\u0119 galvas did\u017eiuotum\u0117m\u0117s savo kra\u0161to istorija.<\/p><p>Meniu atrod\u0117 taip:<br \/>&#8211; Kiaulienos kumpio abese \/ kepto r\u016bgin\u0117je te\u0161loje<br \/>&#8211; Dekonstruota cibulyn\u0117<br \/>&#8211; Klaip\u0117dos kra\u0161to strim\u0117li\u0173 tefteliai, pomidor\u0173 tekst\u016bros \/ rytieti\u0161ki prieskoniai<br \/>&#8211; Memelio karvelis \/ vynuog\u0117s \/ foie gras \/ mangai<br \/>&#8211; Klaip\u0117dos kra\u0161to karali\u0161kas \u0161trudelis \/ vy\u0161niomis \/ lazdyno rie\u0161utai<br \/>&#8211; Naminis s\u016bris \/ spanguol\u0117s \/ medus<\/p><p>Norim dar!<br \/>Labai tikiuosi vasar\u0105 sp\u0117ti ka\u017ek\u0105 sugalvoti!<\/p>\t\t\t\t\t\t\t\t<\/div>\n\t\t\t\t<\/div>\n\t\t\t\t<div class=\"elementor-element elementor-element-bb79521 elementor-hidden-desktop elementor-widget elementor-widget-image\" data-id=\"bb79521\" data-element_type=\"widget\" data-widget_type=\"image.default\">\n\t\t\t\t<div class=\"elementor-widget-container\">\n\t\t\t\t\t\t\t\t\t\t\t\t\t\t\t<img decoding=\"async\" width=\"900\" height=\"702\" src=\"https:\/\/tolinuoklasikos.lt\/wp-content\/uploads\/Klaipedos-krasto-gastronominis-teatras.png\" class=\"attachment-full size-full wp-image-2016\" alt=\"klaipedos kra\u0161to gastronominis teatras\" srcset=\"https:\/\/tolinuoklasikos.lt\/wp-content\/uploads\/Klaipedos-krasto-gastronominis-teatras.png 900w, https:\/\/tolinuoklasikos.lt\/wp-content\/uploads\/Klaipedos-krasto-gastronominis-teatras-630x491.png 630w, https:\/\/tolinuoklasikos.lt\/wp-content\/uploads\/Klaipedos-krasto-gastronominis-teatras-768x599.png 768w, https:\/\/tolinuoklasikos.lt\/wp-content\/uploads\/Klaipedos-krasto-gastronominis-teatras-15x12.png 15w\" sizes=\"(max-width: 900px) 100vw, 900px\" \/>\t\t\t\t\t\t\t\t\t\t\t\t\t\t\t<\/div>\n\t\t\t\t<\/div>\n\t\t\t\t<div class=\"elementor-element elementor-element-9442dd8 elementor-hidden-desktop elementor-widget elementor-widget-text-editor\" data-id=\"9442dd8\" data-element_type=\"widget\" data-widget_type=\"text-editor.default\">\n\t\t\t\t<div class=\"elementor-widget-container\">\n\t\t\t\t\t\t\t\t\t<p>Kokia \u0161ilta ir gra\u017ei buvo Klaip\u0117dos kra\u0161to vakarien\u0117. Negal\u0117jau nustoti \u0161ypsotis. Ne taip, kaip pavasaris. Toks aik\u0161tingas ir pykstantis v\u0117jais.<br \/>\u017dyd\u0117jo vis\u0173 l\u016bpos skirtingais \u017eiedais, emocijoms ir skoniais besikei\u010diant. Ka\u017ekas draug\u0173 susirado, ka\u017ekas tramd\u0117 emocijas karvel\u012f ragaudamas. Daug juoko, nepatirt\u0173 skoni\u0173 ir alu\u010dio.<br \/>Atskiri ditirambai Jonui. Jis toks vitali\u0161kas ir tekantis, kaip up\u0117 pasakotojas. Su juo lengva kurti, dirbti, spalvinti skoni\u0173 spalvomis. \u012esivaizduokit, meniu su Jonu kantriai derininom telefonu. Po skon\u012f, po prieskon\u012f i\u0161 jo ir i\u0161 m\u016bs\u0173 pus\u0117s. Ir tikrai, kaip nuostabiai pavyko. <br \/>Skyr\u0117me su komanda daug valand\u0173 surasti geriausiai skamban\u010di\u0173 derini\u0173 ir istorij\u0173, kokia buvo nuostabi ta istorijos gija ir kaip mes privalome j\u0105 vyti toliau. J\u0105 austi ir megzti, kad auk\u0161tai i\u0161k\u0117l\u0119 galvas did\u017eiuotum\u0117m\u0117s savo kra\u0161to istorija.<\/p><p>Meniu atrod\u0117 taip:<br \/>&#8211; Kiaulienos kumpio abese \/ kepto r\u016bgin\u0117je te\u0161loje<br \/>&#8211; Dekonstruota cibulyn\u0117<br \/>&#8211; Klaip\u0117dos kra\u0161to strim\u0117li\u0173 tefteliai, pomidor\u0173 tekst\u016bros \/ rytieti\u0161ki prieskoniai<br \/>&#8211; Memelio karvelis \/ vynuog\u0117s \/ foie gras \/ mangai<br \/>&#8211; Klaip\u0117dos kra\u0161to karali\u0161kas \u0161trudelis \/ vy\u0161niomis \/ lazdyno rie\u0161utai<br \/>&#8211; Naminis s\u016bris \/ spanguol\u0117s \/ medus<\/p><p>Norim dar!<br \/>Labai tikiuosi vasar\u0105 sp\u0117ti ka\u017ek\u0105 sugalvoti!<\/p>\t\t\t\t\t\t\t\t<\/div>\n\t\t\t\t<\/div>\n\t\t\t\t<div class=\"elementor-element elementor-element-0d6bbd1 elementor-widget elementor-widget-heading\" data-id=\"0d6bbd1\" data-element_type=\"widget\" data-widget_type=\"heading.default\">\n\t\t\t\t<div class=\"elementor-widget-container\">\n\t\t\t\t\t<h2 class=\"elementor-heading-title elementor-size-default\">Klaip\u0117dos kra\u0161to skoni\u0173 \u017eem\u0117lapio akimirkos<\/h2>\t\t\t\t<\/div>\n\t\t\t\t<\/div>\n\t\t\t\t<div class=\"elementor-element elementor-element-643dab1 elementor-widget elementor-widget-gallery\" data-id=\"643dab1\" data-element_type=\"widget\" data-settings=\"{&quot;columns&quot;:5,&quot;columns_tablet&quot;:4,&quot;columns_mobile&quot;:2,&quot;gap&quot;:{&quot;unit&quot;:&quot;px&quot;,&quot;size&quot;:6,&quot;sizes&quot;:[]},&quot;gap_tablet&quot;:{&quot;unit&quot;:&quot;px&quot;,&quot;size&quot;:6,&quot;sizes&quot;:[]},&quot;gap_mobile&quot;:{&quot;unit&quot;:&quot;px&quot;,&quot;size&quot;:6,&quot;sizes&quot;:[]},&quot;lazyload&quot;:&quot;yes&quot;,&quot;gallery_layout&quot;:&quot;grid&quot;,&quot;link_to&quot;:&quot;file&quot;,&quot;aspect_ratio&quot;:&quot;3:2&quot;,&quot;overlay_background&quot;:&quot;yes&quot;,&quot;content_hover_animation&quot;:&quot;fade-in&quot;}\" data-widget_type=\"gallery.default\">\n\t\t\t\t<div class=\"elementor-widget-container\">\n\t\t\t\t\t\t\t<div class=\"elementor-gallery__container\">\n\t\t\t\t\t\t\t<a class=\"e-gallery-item elementor-gallery-item elementor-animated-content\" href=\"https:\/\/tolinuoklasikos.lt\/wp-content\/uploads\/Klaipedos-krasto-skoniu-zemelapis-2.jpg\" data-elementor-open-lightbox=\"yes\" data-elementor-lightbox-slideshow=\"643dab1\" data-e-action-hash=\"#elementor-action%3Aaction%3Dlightbox%26settings%3DeyJpZCI6MjAxNywidXJsIjoiaHR0cHM6XC9cL3RvbGludW9rbGFzaWtvcy5sdFwvd3AtY29udGVudFwvdXBsb2Fkc1wvS2xhaXBlZG9zLWtyYXN0by1za29uaXUtemVtZWxhcGlzLTIuanBnIiwic2xpZGVzaG93IjoiNjQzZGFiMSJ9\">\n\t\t\t\t\t<div class=\"e-gallery-image elementor-gallery-item__image\" data-thumbnail=\"https:\/\/tolinuoklasikos.lt\/wp-content\/uploads\/Klaipedos-krasto-skoniu-zemelapis-2-630x420.jpg\" data-width=\"630\" data-height=\"420\" aria-label=\"klaip\u0117dos kra\u0161to skoni\u0173 \u017eem\u0117lapis 2\" role=\"img\" ><\/div>\n\t\t\t\t\t\t\t\t\t\t\t<div class=\"elementor-gallery-item__overlay\"><\/div>\n\t\t\t\t\t\t\t\t\t\t\t\t\t\t<\/a>\n\t\t\t\t\t\t\t<a class=\"e-gallery-item elementor-gallery-item elementor-animated-content\" href=\"https:\/\/tolinuoklasikos.lt\/wp-content\/uploads\/Klaipedos-krasto-skoniu-zemelapis-1.jpg\" data-elementor-open-lightbox=\"yes\" data-elementor-lightbox-slideshow=\"643dab1\" data-e-action-hash=\"#elementor-action%3Aaction%3Dlightbox%26settings%3DeyJpZCI6MjAxOCwidXJsIjoiaHR0cHM6XC9cL3RvbGludW9rbGFzaWtvcy5sdFwvd3AtY29udGVudFwvdXBsb2Fkc1wvS2xhaXBlZG9zLWtyYXN0by1za29uaXUtemVtZWxhcGlzLTEuanBnIiwic2xpZGVzaG93IjoiNjQzZGFiMSJ9\">\n\t\t\t\t\t<div class=\"e-gallery-image elementor-gallery-item__image\" data-thumbnail=\"https:\/\/tolinuoklasikos.lt\/wp-content\/uploads\/Klaipedos-krasto-skoniu-zemelapis-1-630x420.jpg\" data-width=\"630\" data-height=\"420\" aria-label=\"klaip\u0117dos kra\u0161to skoni\u0173 \u017eem\u0117lapis 1\" role=\"img\" ><\/div>\n\t\t\t\t\t\t\t\t\t\t\t<div class=\"elementor-gallery-item__overlay\"><\/div>\n\t\t\t\t\t\t\t\t\t\t\t\t\t\t<\/a>\n\t\t\t\t\t\t\t<a class=\"e-gallery-item elementor-gallery-item elementor-animated-content\" href=\"https:\/\/tolinuoklasikos.lt\/wp-content\/uploads\/Klaipedos-krasto-skoniu-zemelapis-3.jpg\" data-elementor-open-lightbox=\"yes\" data-elementor-lightbox-slideshow=\"643dab1\" data-e-action-hash=\"#elementor-action%3Aaction%3Dlightbox%26settings%3DeyJpZCI6MjAxOSwidXJsIjoiaHR0cHM6XC9cL3RvbGludW9rbGFzaWtvcy5sdFwvd3AtY29udGVudFwvdXBsb2Fkc1wvS2xhaXBlZG9zLWtyYXN0by1za29uaXUtemVtZWxhcGlzLTMuanBnIiwic2xpZGVzaG93IjoiNjQzZGFiMSJ9\">\n\t\t\t\t\t<div class=\"e-gallery-image elementor-gallery-item__image\" data-thumbnail=\"https:\/\/tolinuoklasikos.lt\/wp-content\/uploads\/Klaipedos-krasto-skoniu-zemelapis-3-630x420.jpg\" data-width=\"630\" data-height=\"420\" aria-label=\"klaip\u0117dos kra\u0161to skoni\u0173 \u017eem\u0117lapis 3\" role=\"img\" ><\/div>\n\t\t\t\t\t\t\t\t\t\t\t<div class=\"elementor-gallery-item__overlay\"><\/div>\n\t\t\t\t\t\t\t\t\t\t\t\t\t\t<\/a>\n\t\t\t\t\t\t\t<a class=\"e-gallery-item elementor-gallery-item elementor-animated-content\" href=\"https:\/\/tolinuoklasikos.lt\/wp-content\/uploads\/Klaipedos-krasto-skoniu-zemelapis-4.jpg\" data-elementor-open-lightbox=\"yes\" data-elementor-lightbox-slideshow=\"643dab1\" data-e-action-hash=\"#elementor-action%3Aaction%3Dlightbox%26settings%3DeyJpZCI6MjAyMCwidXJsIjoiaHR0cHM6XC9cL3RvbGludW9rbGFzaWtvcy5sdFwvd3AtY29udGVudFwvdXBsb2Fkc1wvS2xhaXBlZG9zLWtyYXN0by1za29uaXUtemVtZWxhcGlzLTQuanBnIiwic2xpZGVzaG93IjoiNjQzZGFiMSJ9\">\n\t\t\t\t\t<div class=\"e-gallery-image elementor-gallery-item__image\" data-thumbnail=\"https:\/\/tolinuoklasikos.lt\/wp-content\/uploads\/Klaipedos-krasto-skoniu-zemelapis-4-630x420.jpg\" data-width=\"630\" data-height=\"420\" aria-label=\"klaip\u0117dos kra\u0161to skoni\u0173 \u017eem\u0117lapis 4\" role=\"img\" ><\/div>\n\t\t\t\t\t\t\t\t\t\t\t<div class=\"elementor-gallery-item__overlay\"><\/div>\n\t\t\t\t\t\t\t\t\t\t\t\t\t\t<\/a>\n\t\t\t\t\t\t\t<a class=\"e-gallery-item elementor-gallery-item elementor-animated-content\" href=\"https:\/\/tolinuoklasikos.lt\/wp-content\/uploads\/Klaipedos-krasto-skoniu-zemelapis-5.jpg\" data-elementor-open-lightbox=\"yes\" data-elementor-lightbox-slideshow=\"643dab1\" data-e-action-hash=\"#elementor-action%3Aaction%3Dlightbox%26settings%3DeyJpZCI6MjAyMSwidXJsIjoiaHR0cHM6XC9cL3RvbGludW9rbGFzaWtvcy5sdFwvd3AtY29udGVudFwvdXBsb2Fkc1wvS2xhaXBlZG9zLWtyYXN0by1za29uaXUtemVtZWxhcGlzLTUuanBnIiwic2xpZGVzaG93IjoiNjQzZGFiMSJ9\">\n\t\t\t\t\t<div class=\"e-gallery-image elementor-gallery-item__image\" data-thumbnail=\"https:\/\/tolinuoklasikos.lt\/wp-content\/uploads\/Klaipedos-krasto-skoniu-zemelapis-5-630x420.jpg\" data-width=\"630\" data-height=\"420\" aria-label=\"klaip\u0117dos kra\u0161to skoni\u0173 \u017eem\u0117lapis 5\" role=\"img\" ><\/div>\n\t\t\t\t\t\t\t\t\t\t\t<div class=\"elementor-gallery-item__overlay\"><\/div>\n\t\t\t\t\t\t\t\t\t\t\t\t\t\t<\/a>\n\t\t\t\t\t\t\t<a class=\"e-gallery-item elementor-gallery-item elementor-animated-content\" href=\"https:\/\/tolinuoklasikos.lt\/wp-content\/uploads\/Klaipedos-krasto-skoniu-zemelapis-6.jpg\" data-elementor-open-lightbox=\"yes\" data-elementor-lightbox-slideshow=\"643dab1\" data-e-action-hash=\"#elementor-action%3Aaction%3Dlightbox%26settings%3DeyJpZCI6MjAyMiwidXJsIjoiaHR0cHM6XC9cL3RvbGludW9rbGFzaWtvcy5sdFwvd3AtY29udGVudFwvdXBsb2Fkc1wvS2xhaXBlZG9zLWtyYXN0by1za29uaXUtemVtZWxhcGlzLTYuanBnIiwic2xpZGVzaG93IjoiNjQzZGFiMSJ9\">\n\t\t\t\t\t<div class=\"e-gallery-image elementor-gallery-item__image\" data-thumbnail=\"https:\/\/tolinuoklasikos.lt\/wp-content\/uploads\/Klaipedos-krasto-skoniu-zemelapis-6-630x420.jpg\" data-width=\"630\" data-height=\"420\" aria-label=\"klaip\u0117dos kra\u0161to skoni\u0173 \u017eem\u0117lapis 6\" role=\"img\" ><\/div>\n\t\t\t\t\t\t\t\t\t\t\t<div class=\"elementor-gallery-item__overlay\"><\/div>\n\t\t\t\t\t\t\t\t\t\t\t\t\t\t<\/a>\n\t\t\t\t\t\t\t<a class=\"e-gallery-item elementor-gallery-item elementor-animated-content\" href=\"https:\/\/tolinuoklasikos.lt\/wp-content\/uploads\/Klaipedos-krasto-skoniu-zemelapis-7.jpg\" data-elementor-open-lightbox=\"yes\" data-elementor-lightbox-slideshow=\"643dab1\" data-e-action-hash=\"#elementor-action%3Aaction%3Dlightbox%26settings%3DeyJpZCI6MjAyMywidXJsIjoiaHR0cHM6XC9cL3RvbGludW9rbGFzaWtvcy5sdFwvd3AtY29udGVudFwvdXBsb2Fkc1wvS2xhaXBlZG9zLWtyYXN0by1za29uaXUtemVtZWxhcGlzLTcuanBnIiwic2xpZGVzaG93IjoiNjQzZGFiMSJ9\">\n\t\t\t\t\t<div class=\"e-gallery-image elementor-gallery-item__image\" data-thumbnail=\"https:\/\/tolinuoklasikos.lt\/wp-content\/uploads\/Klaipedos-krasto-skoniu-zemelapis-7-630x420.jpg\" data-width=\"630\" data-height=\"420\" aria-label=\"klaip\u0117dos kra\u0161to skoni\u0173 \u017eem\u0117lapis 7\" role=\"img\" ><\/div>\n\t\t\t\t\t\t\t\t\t\t\t<div class=\"elementor-gallery-item__overlay\"><\/div>\n\t\t\t\t\t\t\t\t\t\t\t\t\t\t<\/a>\n\t\t\t\t\t\t\t<a class=\"e-gallery-item elementor-gallery-item elementor-animated-content\" href=\"https:\/\/tolinuoklasikos.lt\/wp-content\/uploads\/Klaipedos-krasto-skoniu-zemelapis-8.jpg\" data-elementor-open-lightbox=\"yes\" data-elementor-lightbox-slideshow=\"643dab1\" data-e-action-hash=\"#elementor-action%3Aaction%3Dlightbox%26settings%3DeyJpZCI6MjAyNCwidXJsIjoiaHR0cHM6XC9cL3RvbGludW9rbGFzaWtvcy5sdFwvd3AtY29udGVudFwvdXBsb2Fkc1wvS2xhaXBlZG9zLWtyYXN0by1za29uaXUtemVtZWxhcGlzLTguanBnIiwic2xpZGVzaG93IjoiNjQzZGFiMSJ9\">\n\t\t\t\t\t<div class=\"e-gallery-image elementor-gallery-item__image\" data-thumbnail=\"https:\/\/tolinuoklasikos.lt\/wp-content\/uploads\/Klaipedos-krasto-skoniu-zemelapis-8-630x420.jpg\" data-width=\"630\" data-height=\"420\" aria-label=\"klaip\u0117dos kra\u0161to skoni\u0173 \u017eem\u0117lapis 8\" role=\"img\" ><\/div>\n\t\t\t\t\t\t\t\t\t\t\t<div class=\"elementor-gallery-item__overlay\"><\/div>\n\t\t\t\t\t\t\t\t\t\t\t\t\t\t<\/a>\n\t\t\t\t\t\t\t<a class=\"e-gallery-item elementor-gallery-item elementor-animated-content\" href=\"https:\/\/tolinuoklasikos.lt\/wp-content\/uploads\/Klaipedos-krasto-skoniu-zemelapis-9.jpg\" data-elementor-open-lightbox=\"yes\" data-elementor-lightbox-slideshow=\"643dab1\" data-e-action-hash=\"#elementor-action%3Aaction%3Dlightbox%26settings%3DeyJpZCI6MjAyNSwidXJsIjoiaHR0cHM6XC9cL3RvbGludW9rbGFzaWtvcy5sdFwvd3AtY29udGVudFwvdXBsb2Fkc1wvS2xhaXBlZG9zLWtyYXN0by1za29uaXUtemVtZWxhcGlzLTkuanBnIiwic2xpZGVzaG93IjoiNjQzZGFiMSJ9\">\n\t\t\t\t\t<div class=\"e-gallery-image elementor-gallery-item__image\" data-thumbnail=\"https:\/\/tolinuoklasikos.lt\/wp-content\/uploads\/Klaipedos-krasto-skoniu-zemelapis-9-630x420.jpg\" data-width=\"630\" data-height=\"420\" aria-label=\"klaip\u0117dos kra\u0161to skoni\u0173 \u017eem\u0117lapis 9\" role=\"img\" ><\/div>\n\t\t\t\t\t\t\t\t\t\t\t<div class=\"elementor-gallery-item__overlay\"><\/div>\n\t\t\t\t\t\t\t\t\t\t\t\t\t\t<\/a>\n\t\t\t\t\t\t\t<a class=\"e-gallery-item elementor-gallery-item elementor-animated-content\" href=\"https:\/\/tolinuoklasikos.lt\/wp-content\/uploads\/Klaipedos-krasto-skoniu-zemelapis-10.jpg\" data-elementor-open-lightbox=\"yes\" data-elementor-lightbox-slideshow=\"643dab1\" data-e-action-hash=\"#elementor-action%3Aaction%3Dlightbox%26settings%3DeyJpZCI6MjAyNiwidXJsIjoiaHR0cHM6XC9cL3RvbGludW9rbGFzaWtvcy5sdFwvd3AtY29udGVudFwvdXBsb2Fkc1wvS2xhaXBlZG9zLWtyYXN0by1za29uaXUtemVtZWxhcGlzLTEwLmpwZyIsInNsaWRlc2hvdyI6IjY0M2RhYjEifQ%3D%3D\">\n\t\t\t\t\t<div class=\"e-gallery-image elementor-gallery-item__image\" data-thumbnail=\"https:\/\/tolinuoklasikos.lt\/wp-content\/uploads\/Klaipedos-krasto-skoniu-zemelapis-10-630x420.jpg\" data-width=\"630\" data-height=\"420\" aria-label=\"klaip\u0117dos kra\u0161to skoni\u0173 \u017eem\u0117lapis 10\" role=\"img\" ><\/div>\n\t\t\t\t\t\t\t\t\t\t\t<div class=\"elementor-gallery-item__overlay\"><\/div>\n\t\t\t\t\t\t\t\t\t\t\t\t\t\t<\/a>\n\t\t\t\t\t<\/div>\n\t\t\t\t\t<\/div>\n\t\t\t\t<\/div>\n\t\t\t\t\t<\/div>\n\t\t<\/div>\n\t\t\t\t\t<\/div>\n\t\t<\/section>\n\t\t\t\t<\/div>","protected":false},"excerpt":{"rendered":"<p>Klaip\u0117dos kra\u0161to skoni\u0173 \u017eem\u0117lapis Kokia \u0161ilta ir gra\u017ei buvo Klaip\u0117dos kra\u0161to vakarien\u0117. Negal\u0117jau nustoti \u0161ypsotis. Ne taip, kaip pavasaris. Toks aik\u0161tingas ir pykstantis v\u0117jais.\u017dyd\u0117jo vis\u0173 l\u016bpos skirtingais \u017eiedais, emocijoms ir skoniais besikei\u010diant. Ka\u017ekas draug\u0173 susirado, ka\u017ekas tramd\u0117 emocijas karvel\u012f ragaudamas. Daug juoko, nepatirt\u0173 skoni\u0173 ir alu\u010dio.Atskiri ditirambai Jonui. Jis toks vitali\u0161kas ir tekantis, kaip up\u0117 [&hellip;]<\/p>","protected":false},"author":1,"featured_media":2016,"parent":0,"menu_order":0,"comment_status":"closed","ping_status":"closed","template":"elementor_header_footer","meta":{"_seopress_robots_primary_cat":"","_seopress_titles_title":"Klaip\u0117dos kra\u0161to skoni\u0173 \u017eem\u0117lapis - ToLi nuo klasikos","_seopress_titles_desc":"","_seopress_robots_index":"","footnotes":""},"class_list":["post-2014","page","type-page","status-publish","has-post-thumbnail","hentry"],"_links":{"self":[{"href":"https:\/\/tolinuoklasikos.lt\/en\/wp-json\/wp\/v2\/pages\/2014","targetHints":{"allow":["GET"]}}],"collection":[{"href":"https:\/\/tolinuoklasikos.lt\/en\/wp-json\/wp\/v2\/pages"}],"about":[{"href":"https:\/\/tolinuoklasikos.lt\/en\/wp-json\/wp\/v2\/types\/page"}],"author":[{"embeddable":true,"href":"https:\/\/tolinuoklasikos.lt\/en\/wp-json\/wp\/v2\/users\/1"}],"replies":[{"embeddable":true,"href":"https:\/\/tolinuoklasikos.lt\/en\/wp-json\/wp\/v2\/comments?post=2014"}],"version-history":[{"count":0,"href":"https:\/\/tolinuoklasikos.lt\/en\/wp-json\/wp\/v2\/pages\/2014\/revisions"}],"wp:featuredmedia":[{"embeddable":true,"href":"https:\/\/tolinuoklasikos.lt\/en\/wp-json\/wp\/v2\/media\/2016"}],"wp:attachment":[{"href":"https:\/\/tolinuoklasikos.lt\/en\/wp-json\/wp\/v2\/media?parent=2014"}],"curies":[{"name":"wp","href":"https:\/\/api.w.org\/{rel}","templated":true}]}}