{"id":528,"date":"2021-06-01T13:56:16","date_gmt":"2021-06-01T11:56:16","guid":{"rendered":"https:\/\/testingyourweb.tk\/tolinuoklasikos\/?page_id=528"},"modified":"2025-09-12T13:48:55","modified_gmt":"2025-09-12T11:48:55","slug":"apie","status":"publish","type":"page","link":"https:\/\/tolinuoklasikos.lt\/en\/apie\/","title":{"rendered":"ToLi nuo klasikos"},"content":{"rendered":"<div data-elementor-type=\"wp-page\" data-elementor-id=\"528\" class=\"elementor elementor-528\" data-elementor-post-type=\"page\">\n\t\t\t\t\t\t<section class=\"elementor-section elementor-top-section elementor-element elementor-element-56cc8f7 elementor-section-boxed elementor-section-height-default elementor-section-height-default\" data-id=\"56cc8f7\" data-element_type=\"section\" data-settings=\"{&quot;background_background&quot;:&quot;classic&quot;}\">\n\t\t\t\t\t\t<div class=\"elementor-container elementor-column-gap-default\">\n\t\t\t\t\t<div class=\"elementor-column elementor-col-100 elementor-top-column elementor-element elementor-element-77fe722\" data-id=\"77fe722\" data-element_type=\"column\">\n\t\t\t<div class=\"elementor-widget-wrap elementor-element-populated\">\n\t\t\t\t\t\t<div class=\"elementor-element elementor-element-84f4714 elementor-widget elementor-widget-heading\" data-id=\"84f4714\" data-element_type=\"widget\" data-widget_type=\"heading.default\">\n\t\t\t\t<div class=\"elementor-widget-container\">\n\t\t\t\t\t<h1 class=\"elementor-heading-title elementor-size-default\">Apie ToLi<\/h1>\t\t\t\t<\/div>\n\t\t\t\t<\/div>\n\t\t\t\t<div class=\"elementor-element elementor-element-459e565 elementor-widget elementor-widget-image\" data-id=\"459e565\" data-element_type=\"widget\" data-widget_type=\"image.default\">\n\t\t\t\t<div class=\"elementor-widget-container\">\n\t\t\t\t\t\t\t\t\t\t\t\t\t\t\t<img fetchpriority=\"high\" decoding=\"async\" width=\"2560\" height=\"1707\" src=\"https:\/\/tolinuoklasikos.lt\/wp-content\/uploads\/IMG_8366-1-scaled.jpg\" class=\"attachment-full size-full wp-image-6069\" alt=\"Lina ir Tomas \u017dilevi\u010diai\" srcset=\"https:\/\/tolinuoklasikos.lt\/wp-content\/uploads\/IMG_8366-1-scaled.jpg 2560w, https:\/\/tolinuoklasikos.lt\/wp-content\/uploads\/IMG_8366-1-630x420.jpg 630w, https:\/\/tolinuoklasikos.lt\/wp-content\/uploads\/IMG_8366-1-1200x800.jpg 1200w, https:\/\/tolinuoklasikos.lt\/wp-content\/uploads\/IMG_8366-1-768x512.jpg 768w, https:\/\/tolinuoklasikos.lt\/wp-content\/uploads\/IMG_8366-1-1536x1024.jpg 1536w, https:\/\/tolinuoklasikos.lt\/wp-content\/uploads\/IMG_8366-1-2048x1365.jpg 2048w, https:\/\/tolinuoklasikos.lt\/wp-content\/uploads\/IMG_8366-1-18x12.jpg 18w, https:\/\/tolinuoklasikos.lt\/wp-content\/uploads\/IMG_8366-1-900x600.jpg 900w\" sizes=\"(max-width: 2560px) 100vw, 2560px\" \/>\t\t\t\t\t\t\t\t\t\t\t\t\t\t\t<\/div>\n\t\t\t\t<\/div>\n\t\t\t\t<div class=\"elementor-element elementor-element-e3b4554 elementor-widget elementor-widget-heading\" data-id=\"e3b4554\" data-element_type=\"widget\" data-widget_type=\"heading.default\">\n\t\t\t\t<div class=\"elementor-widget-container\">\n\t\t\t\t\t<h4 class=\"elementor-heading-title elementor-size-default\">Yours \u2013 To. Yours \u2013 Li.<\/h4>\t\t\t\t<\/div>\n\t\t\t\t<\/div>\n\t\t\t\t<div class=\"elementor-element elementor-element-1c5d99d elementor-widget elementor-widget-text-editor\" data-id=\"1c5d99d\" data-element_type=\"widget\" data-widget_type=\"text-editor.default\">\n\t\t\t\t<div class=\"elementor-widget-container\">\n\t\t\t\t\t\t\t\t\t<p><span style=\"color: #000000;\">Taip atrodydavo m\u016bs\u0173 meil\u0117s lai\u0161k\u0173 pabaigos. ToLi vienam nuo kito. Ilgainiui, jau sukant meil\u0117s lizd\u0105, Tomas kartodavo, kaip toli a\u0161 nuo klasikos. Su savo trimitais ir b\u016bgnais ir skoni\u0173 deriniais ir spalv\u0173 palet\u0117mis. Kai prie\u0161 a\u0161tuonerius metus prad\u0117jau ra\u0161yti papra\u0161\u010diausias m\u016bs\u0173 \u0161eimos istorijas ir dalintis receptais, net negal\u0117jau pasvajoti kur ta dr\u0105sa mudu nuves.<\/span><\/p>\t\t\t\t\t\t\t\t<\/div>\n\t\t\t\t<\/div>\n\t\t\t\t<div class=\"elementor-element elementor-element-df8e7f9 elementor-widget elementor-widget-heading\" data-id=\"df8e7f9\" data-element_type=\"widget\" data-widget_type=\"heading.default\">\n\t\t\t\t<div class=\"elementor-widget-container\">\n\t\t\t\t\t<h4 class=\"elementor-heading-title elementor-size-default\">Welcome to ToLi nuo klasikos!<\/h4>\t\t\t\t<\/div>\n\t\t\t\t<\/div>\n\t\t\t\t<div class=\"elementor-element elementor-element-9fea852 elementor-widget elementor-widget-text-editor\" data-id=\"9fea852\" data-element_type=\"widget\" data-widget_type=\"text-editor.default\">\n\t\t\t\t<div class=\"elementor-widget-container\">\n\t\t\t\t\t\t\t\t\t<p><span style=\"color: #000000;\">We were creating a phenomenon, not a catering business\u2014a bubble of family, friends, food and love. We launched with a tiny studio in the old town, with private dinners, excellent outside catering, and open tasting dine-ins.<\/span><\/p><p><span style=\"color: #000000;\">Two years after, we introduced hedonistic journeys to Italy, where the rest of our family's hearts were kept. The project was held back due to pandemics, but we soon developed a new way to travel, even while in quarantine: taste travelling!<\/span><\/p><p><span style=\"color: #000000;\">Taip gim\u0117 ToLi nuo klasikos skoni\u0173 \u017eem\u0117lapiai, kurie keliaudavo po vis\u0105 \u0161al\u012f! Prie\u0161 penkis metus mane i\u0161tiko sapnas, kuris atved\u0117 prie apleisto namelio prie j\u016bros. Taip ToLi nuo klasikos persik\u0117l\u0117 \u012f Melnrag\u0119 ir tapo vyno, skoni\u0173 ir draug\u0173 namais! M\u0117lyn\u0105 namel\u012f pakrik\u0161tijome &#8211; Audrut\u0117. <\/span><\/p><p><span style=\"color: #000000;\">Dabar, kai jau esame pajut\u0119 k\u0105 rei\u0161kia valdyti didel\u012f lainer\u012f ir i\u0161gyven\u0119 visus jo skendimo etapus kylame i\u0161 tamsiausio dugno link raibuluojan\u010dios saul\u0117s \u0161viesos &#8211; kvie\u010diame Jus atsigr\u0119\u017eti \u012f tai kas paprasta ir labiausiai \u012fsimintina. Buvim\u0105 drauge, pa\u017einim\u0105 per ragavim\u0105 ir laim\u0119 per \u017eiupsnel\u012f a\u0161triausi\u0173 pipir\u0173.<\/span><\/p><p><span style=\"color: #000000;\">M\u016bs\u0173 mintyse jau auginami nauj\u0173 projekt\u0173 daigai, bet iki tol mums reikia J\u016bs\u0173, tad sakome:<\/span><\/p><ul><li><span style=\"color: #000000;\">galite u\u017esisakyti mus savo priva\u010diam renginiui.<\/span><\/li><li><span style=\"color: #000000;\">galime sukurti edukacines programas pagal poreik\u012f.<\/span><\/li><li><span style=\"color: #000000;\">galime sukurti meniu J\u016bs\u0173 verslui.<\/span><\/li><li><span style=\"color: #000000;\">galite vykti su mumis \u012f gastro keliones.<\/span><\/li><\/ul><div>\u00a0<\/div><div><span style=\"color: #000000;\">Svajok neatsargiai, nes svajon\u0117s nesipildo! Jos yra u\u017edirbamos! Ir mes pasiruo\u0161\u0119 toliau atkakliai statyti savo svajones. Ar keliausite kartu?<\/span><\/div>\t\t\t\t\t\t\t\t<\/div>\n\t\t\t\t<\/div>\n\t\t\t\t\t<\/div>\n\t\t<\/div>\n\t\t\t\t\t<\/div>\n\t\t<\/section>\n\t\t\t\t<section class=\"elementor-section elementor-top-section elementor-element elementor-element-2dbec3d elementor-section-boxed elementor-section-height-default elementor-section-height-default\" data-id=\"2dbec3d\" data-element_type=\"section\" data-settings=\"{&quot;background_background&quot;:&quot;classic&quot;}\">\n\t\t\t\t\t\t<div class=\"elementor-container elementor-column-gap-default\">\n\t\t\t\t\t<div class=\"elementor-column elementor-col-100 elementor-top-column elementor-element elementor-element-714fa80\" data-id=\"714fa80\" data-element_type=\"column\">\n\t\t\t<div class=\"elementor-widget-wrap elementor-element-populated\">\n\t\t\t\t\t\t<div class=\"elementor-element elementor-element-91aa9f7 elementor-widget elementor-widget-heading\" data-id=\"91aa9f7\" data-element_type=\"widget\" data-widget_type=\"heading.default\">\n\t\t\t\t<div class=\"elementor-widget-container\">\n\t\t\t\t\t<h2 class=\"elementor-heading-title elementor-size-default\">ToLi nuo klasikos laiko juosta<\/h2>\t\t\t\t<\/div>\n\t\t\t\t<\/div>\n\t\t\t\t<div class=\"elementor-element elementor-element-c03003e elementor-widget elementor-widget-image\" data-id=\"c03003e\" data-element_type=\"widget\" data-widget_type=\"image.default\">\n\t\t\t\t<div class=\"elementor-widget-container\">\n\t\t\t\t\t\t\t\t\t\t\t\t\t\t\t<img decoding=\"async\" width=\"800\" height=\"250\" src=\"https:\/\/tolinuoklasikos.lt\/wp-content\/uploads\/Your-paragraph-text2-1200x375.png\" class=\"attachment-large size-large wp-image-6062\" alt=\"Toli nuo klasikos istorija\" srcset=\"https:\/\/tolinuoklasikos.lt\/wp-content\/uploads\/Your-paragraph-text2-1200x375.png 1200w, https:\/\/tolinuoklasikos.lt\/wp-content\/uploads\/Your-paragraph-text2-630x197.png 630w, https:\/\/tolinuoklasikos.lt\/wp-content\/uploads\/Your-paragraph-text2-768x240.png 768w, https:\/\/tolinuoklasikos.lt\/wp-content\/uploads\/Your-paragraph-text2-18x6.png 18w, https:\/\/tolinuoklasikos.lt\/wp-content\/uploads\/Your-paragraph-text2-900x281.png 900w, https:\/\/tolinuoklasikos.lt\/wp-content\/uploads\/Your-paragraph-text2.png 1280w\" sizes=\"(max-width: 800px) 100vw, 800px\" \/>\t\t\t\t\t\t\t\t\t\t\t\t\t\t\t<\/div>\n\t\t\t\t<\/div>\n\t\t\t\t\t<\/div>\n\t\t<\/div>\n\t\t\t\t\t<\/div>\n\t\t<\/section>\n\t\t\t\t<section class=\"elementor-section elementor-top-section elementor-element elementor-element-78175d9 elementor-section-boxed elementor-section-height-default elementor-section-height-default\" data-id=\"78175d9\" data-element_type=\"section\" data-settings=\"{&quot;background_background&quot;:&quot;classic&quot;}\">\n\t\t\t\t\t\t<div class=\"elementor-container elementor-column-gap-default\">\n\t\t\t\t\t<div class=\"elementor-column elementor-col-100 elementor-top-column elementor-element elementor-element-5b91b44\" data-id=\"5b91b44\" data-element_type=\"column\">\n\t\t\t<div class=\"elementor-widget-wrap elementor-element-populated\">\n\t\t\t\t\t\t<div class=\"elementor-element elementor-element-ff954ea elementor-widget elementor-widget-heading\" data-id=\"ff954ea\" data-element_type=\"widget\" data-widget_type=\"heading.default\">\n\t\t\t\t<div class=\"elementor-widget-container\">\n\t\t\t\t\t<style>.elementor-element-ff954ea{display:none !important}<\/style>\t\t\t\t<\/div>\n\t\t\t\t<\/div>\n\t\t\t\t<div class=\"elementor-element elementor-element-e11d1a9 elementor-widget elementor-widget-text-editor\" data-id=\"e11d1a9\" data-element_type=\"widget\" data-widget_type=\"text-editor.default\">\n\t\t\t\t<div class=\"elementor-widget-container\">\n\t\t\t\t\t<style>.elementor-element-e11d1a9{display:none !important}<\/style>\t\t\t\t<\/div>\n\t\t\t\t<\/div>\n\t\t\t\t\t<\/div>\n\t\t<\/div>\n\t\t\t\t\t<\/div>\n\t\t<\/section>\n\t\t\t\t<\/div>","protected":false},"excerpt":{"rendered":"<p>Apie ToLi Tavo To. Tavo Li. Taip atrodydavo m\u016bs\u0173 meil\u0117s lai\u0161k\u0173 pabaigos. ToLi vienam nuo kito. Ilgainiui, jau sukant meil\u0117s lizd\u0105, Tomas kartodavo, kaip toli a\u0161 nuo klasikos. Su savo trimitais ir b\u016bgnais ir skoni\u0173 deriniais ir spalv\u0173 palet\u0117mis. Kai prie\u0161 a\u0161tuonerius metus prad\u0117jau ra\u0161yti papra\u0161\u010diausias m\u016bs\u0173 \u0161eimos istorijas ir dalintis receptais, net negal\u0117jau pasvajoti [&hellip;]<\/p>","protected":false},"author":1,"featured_media":0,"parent":0,"menu_order":0,"comment_status":"closed","ping_status":"closed","template":"elementor_header_footer","meta":{"_seopress_robots_primary_cat":"","_seopress_titles_title":"M\u016bs\u0173 istorija - ToLi nuo klasikos","_seopress_titles_desc":"","_seopress_robots_index":"","footnotes":""},"class_list":["post-528","page","type-page","status-publish","hentry"],"_links":{"self":[{"href":"https:\/\/tolinuoklasikos.lt\/en\/wp-json\/wp\/v2\/pages\/528","targetHints":{"allow":["GET"]}}],"collection":[{"href":"https:\/\/tolinuoklasikos.lt\/en\/wp-json\/wp\/v2\/pages"}],"about":[{"href":"https:\/\/tolinuoklasikos.lt\/en\/wp-json\/wp\/v2\/types\/page"}],"author":[{"embeddable":true,"href":"https:\/\/tolinuoklasikos.lt\/en\/wp-json\/wp\/v2\/users\/1"}],"replies":[{"embeddable":true,"href":"https:\/\/tolinuoklasikos.lt\/en\/wp-json\/wp\/v2\/comments?post=528"}],"version-history":[{"count":61,"href":"https:\/\/tolinuoklasikos.lt\/en\/wp-json\/wp\/v2\/pages\/528\/revisions"}],"predecessor-version":[{"id":6337,"href":"https:\/\/tolinuoklasikos.lt\/en\/wp-json\/wp\/v2\/pages\/528\/revisions\/6337"}],"wp:attachment":[{"href":"https:\/\/tolinuoklasikos.lt\/en\/wp-json\/wp\/v2\/media?parent=528"}],"curies":[{"name":"wp","href":"https:\/\/api.w.org\/{rel}","templated":true}]}}