{"id":5864,"date":"2025-06-14T11:38:37","date_gmt":"2025-06-14T09:38:37","guid":{"rendered":"https:\/\/tolinuoklasikos.lt\/?page_id=5864"},"modified":"2025-09-12T13:41:36","modified_gmt":"2025-09-12T11:41:36","slug":"nesakyk-kad-toli-kulinarines-keliones-europoje","status":"publish","type":"page","link":"https:\/\/tolinuoklasikos.lt\/en\/apie\/nesakyk-kad-toli-kulinarines-keliones-europoje\/","title":{"rendered":"Nesakyk, kad ToLi"},"content":{"rendered":"<div data-elementor-type=\"wp-page\" data-elementor-id=\"5864\" class=\"elementor elementor-5864\" data-elementor-post-type=\"page\">\n\t\t\t\t\t\t<section class=\"elementor-section elementor-top-section elementor-element elementor-element-8cb077c elementor-section-boxed elementor-section-height-default elementor-section-height-default\" data-id=\"8cb077c\" data-element_type=\"section\" data-settings=\"{&quot;background_background&quot;:&quot;classic&quot;}\">\n\t\t\t\t\t\t<div class=\"elementor-container elementor-column-gap-default\">\n\t\t\t\t\t<div class=\"elementor-column elementor-col-100 elementor-top-column elementor-element elementor-element-42585e6\" data-id=\"42585e6\" data-element_type=\"column\" data-settings=\"{&quot;background_background&quot;:&quot;classic&quot;}\">\n\t\t\t<div class=\"elementor-widget-wrap elementor-element-populated\">\n\t\t\t\t\t\t<div class=\"elementor-element elementor-element-dc3f734 elementor-nav-menu--dropdown-tablet elementor-nav-menu__text-align-aside elementor-nav-menu--toggle elementor-nav-menu--burger elementor-widget elementor-widget-nav-menu\" data-id=\"dc3f734\" data-element_type=\"widget\" data-settings=\"{&quot;layout&quot;:&quot;horizontal&quot;,&quot;submenu_icon&quot;:{&quot;value&quot;:&quot;&lt;svg class=\\&quot;e-font-icon-svg e-fas-caret-down\\&quot; viewBox=\\&quot;0 0 320 512\\&quot; xmlns=\\&quot;http:\\\/\\\/www.w3.org\\\/2000\\\/svg\\&quot;&gt;&lt;path d=\\&quot;M31.3 192h257.3c17.8 0 26.7 21.5 14.1 34.1L174.1 354.8c-7.8 7.8-20.5 7.8-28.3 0L17.2 226.1C4.6 213.5 13.5 192 31.3 192z\\&quot;&gt;&lt;\\\/path&gt;&lt;\\\/svg&gt;&quot;,&quot;library&quot;:&quot;fa-solid&quot;},&quot;toggle&quot;:&quot;burger&quot;}\" data-widget_type=\"nav-menu.default\">\n\t\t\t\t<div class=\"elementor-widget-container\">\n\t\t\t\t\t\t\t\t<nav aria-label=\"Menu\" class=\"elementor-nav-menu--main elementor-nav-menu__container elementor-nav-menu--layout-horizontal e--pointer-underline e--animation-fade\">\n\t\t\t\t<ul id=\"menu-1-dc3f734\" class=\"elementor-nav-menu\"><li class=\"menu-item menu-item-type-post_type menu-item-object-page menu-item-has-children menu-item-5888\"><a href=\"https:\/\/tolinuoklasikos.lt\/en\/apie\/nesakyk-kad-toli-kulinarines-keliones-europoje\/\" title=\"Gastronomin\u0117s stovyklos ma\u017eose grup\u0117se\" class=\"elementor-item\">Nesakyk, kad ToLi &#8211; stovyklos<\/a>\n<ul class=\"sub-menu elementor-nav-menu--dropdown\">\n\t<li class=\"menu-item menu-item-type-post_type menu-item-object-page menu-item-6696\"><a href=\"https:\/\/tolinuoklasikos.lt\/en\/kulinarine-stovykla-veneto\/\" class=\"elementor-sub-item\">Kulinarin\u0117 stovykla Veneto regione<\/a><\/li>\n\t<li class=\"menu-item menu-item-type-post_type menu-item-object-page menu-item-6488\"><a href=\"https:\/\/tolinuoklasikos.lt\/en\/marokas-kulinarine-stovykla-2026-pavasaris\/\" class=\"elementor-sub-item\">Maroko stovykla: nuo Marake\u0161o iki Sacharos<\/a><\/li>\n<\/ul>\n<\/li>\n<li class=\"menu-item menu-item-type-post_type menu-item-object-page menu-item-has-children menu-item-6627\"><a href=\"https:\/\/tolinuoklasikos.lt\/en\/linos-zilevices-receptai\/\" class=\"elementor-item\">Linos \u017dilevi\u010d\u0117s receptai<\/a>\n<ul class=\"sub-menu elementor-nav-menu--dropdown\">\n\t<li class=\"menu-item menu-item-type-post_type menu-item-object-post menu-item-6740\"><a href=\"https:\/\/tolinuoklasikos.lt\/en\/sarde-in-saor-baltijos-versija-su-stintomis\/\" class=\"elementor-sub-item\">Sarde in saor Baltijos versija su stintomis!<\/a><\/li>\n\t<li class=\"menu-item menu-item-type-post_type menu-item-object-post menu-item-6646\"><a href=\"https:\/\/tolinuoklasikos.lt\/en\/kepta-vista-su-azijietisku-kokosu-padazu-moliuge-rudens-receptas\/\" class=\"elementor-sub-item\">Kepta vi\u0161ta su azijieti\u0161ku kokos\u0173 pada\u017eu (moli\u016bge) \u2013 rudens receptas<\/a><\/li>\n\t<li class=\"menu-item menu-item-type-post_type menu-item-object-post menu-item-6666\"><a href=\"https:\/\/tolinuoklasikos.lt\/en\/marselio-zveju-uztepele-is-bacalao-kremine-kvapni-ir-tobula-ant-skrudintos-duonos\/\" class=\"elementor-sub-item\">Marselio \u017evej\u0173 u\u017etep\u0117l\u0117 i\u0161 bacalao: kremin\u0117, kvapni ir tobula ant skrudintos duonos<\/a><\/li>\n<\/ul>\n<\/li>\n<li class=\"menu-item menu-item-type-post_type menu-item-object-page menu-item-5992\"><a href=\"https:\/\/tolinuoklasikos.lt\/en\/privacios-vakarienes\/\" class=\"elementor-item\">Priva\u010dios vakarien\u0117s<\/a><\/li>\n<li class=\"menu-item menu-item-type-post_type menu-item-object-page menu-item-478\"><a href=\"https:\/\/tolinuoklasikos.lt\/en\/kontaktai\/\" class=\"elementor-item\">Contact<\/a><\/li>\n<\/ul>\t\t\t<\/nav>\n\t\t\t\t\t<div class=\"elementor-menu-toggle\" role=\"button\" tabindex=\"0\" aria-label=\"Menu Toggle\" aria-expanded=\"false\">\n\t\t\t<svg aria-hidden=\"true\" role=\"presentation\" class=\"elementor-menu-toggle__icon--open e-font-icon-svg e-eicon-menu-bar\" viewbox=\"0 0 1000 1000\" xmlns=\"http:\/\/www.w3.org\/2000\/svg\"><path d=\"M104 333H896C929 333 958 304 958 271S929 208 896 208H104C71 208 42 237 42 271S71 333 104 333ZM104 583H896C929 583 958 554 958 521S929 458 896 458H104C71 458 42 487 42 521S71 583 104 583ZM104 833H896C929 833 958 804 958 771S929 708 896 708H104C71 708 42 737 42 771S71 833 104 833Z\"><\/path><\/svg><svg aria-hidden=\"true\" role=\"presentation\" class=\"elementor-menu-toggle__icon--close e-font-icon-svg e-eicon-close\" viewbox=\"0 0 1000 1000\" xmlns=\"http:\/\/www.w3.org\/2000\/svg\"><path d=\"M742 167L500 408 258 167C246 154 233 150 217 150 196 150 179 158 167 167 154 179 150 196 150 212 150 229 154 242 171 254L408 500 167 742C138 771 138 800 167 829 196 858 225 858 254 829L496 587 738 829C750 842 767 846 783 846 800 846 817 842 829 829 842 817 846 804 846 783 846 767 842 750 829 737L588 500 833 258C863 229 863 200 833 171 804 137 775 137 742 167Z\"><\/path><\/svg>\t\t<\/div>\n\t\t\t\t\t<nav class=\"elementor-nav-menu--dropdown elementor-nav-menu__container\" aria-hidden=\"true\">\n\t\t\t\t<ul id=\"menu-2-dc3f734\" class=\"elementor-nav-menu\"><li class=\"menu-item menu-item-type-post_type menu-item-object-page menu-item-has-children menu-item-5888\"><a href=\"https:\/\/tolinuoklasikos.lt\/en\/apie\/nesakyk-kad-toli-kulinarines-keliones-europoje\/\" title=\"Gastronomin\u0117s stovyklos ma\u017eose grup\u0117se\" class=\"elementor-item\" tabindex=\"-1\">Nesakyk, kad ToLi &#8211; stovyklos<\/a>\n<ul class=\"sub-menu elementor-nav-menu--dropdown\">\n\t<li class=\"menu-item menu-item-type-post_type menu-item-object-page menu-item-6696\"><a href=\"https:\/\/tolinuoklasikos.lt\/en\/kulinarine-stovykla-veneto\/\" class=\"elementor-sub-item\" tabindex=\"-1\">Kulinarin\u0117 stovykla Veneto regione<\/a><\/li>\n\t<li class=\"menu-item menu-item-type-post_type menu-item-object-page menu-item-6488\"><a href=\"https:\/\/tolinuoklasikos.lt\/en\/marokas-kulinarine-stovykla-2026-pavasaris\/\" class=\"elementor-sub-item\" tabindex=\"-1\">Maroko stovykla: nuo Marake\u0161o iki Sacharos<\/a><\/li>\n<\/ul>\n<\/li>\n<li class=\"menu-item menu-item-type-post_type menu-item-object-page menu-item-has-children menu-item-6627\"><a href=\"https:\/\/tolinuoklasikos.lt\/en\/linos-zilevices-receptai\/\" class=\"elementor-item\" tabindex=\"-1\">Linos \u017dilevi\u010d\u0117s receptai<\/a>\n<ul class=\"sub-menu elementor-nav-menu--dropdown\">\n\t<li class=\"menu-item menu-item-type-post_type menu-item-object-post menu-item-6740\"><a href=\"https:\/\/tolinuoklasikos.lt\/en\/sarde-in-saor-baltijos-versija-su-stintomis\/\" class=\"elementor-sub-item\" tabindex=\"-1\">Sarde in saor Baltijos versija su stintomis!<\/a><\/li>\n\t<li class=\"menu-item menu-item-type-post_type menu-item-object-post menu-item-6646\"><a href=\"https:\/\/tolinuoklasikos.lt\/en\/kepta-vista-su-azijietisku-kokosu-padazu-moliuge-rudens-receptas\/\" class=\"elementor-sub-item\" tabindex=\"-1\">Kepta vi\u0161ta su azijieti\u0161ku kokos\u0173 pada\u017eu (moli\u016bge) \u2013 rudens receptas<\/a><\/li>\n\t<li class=\"menu-item menu-item-type-post_type menu-item-object-post menu-item-6666\"><a href=\"https:\/\/tolinuoklasikos.lt\/en\/marselio-zveju-uztepele-is-bacalao-kremine-kvapni-ir-tobula-ant-skrudintos-duonos\/\" class=\"elementor-sub-item\" tabindex=\"-1\">Marselio \u017evej\u0173 u\u017etep\u0117l\u0117 i\u0161 bacalao: kremin\u0117, kvapni ir tobula ant skrudintos duonos<\/a><\/li>\n<\/ul>\n<\/li>\n<li class=\"menu-item menu-item-type-post_type menu-item-object-page menu-item-5992\"><a href=\"https:\/\/tolinuoklasikos.lt\/en\/privacios-vakarienes\/\" class=\"elementor-item\" tabindex=\"-1\">Priva\u010dios vakarien\u0117s<\/a><\/li>\n<li class=\"menu-item menu-item-type-post_type menu-item-object-page menu-item-478\"><a href=\"https:\/\/tolinuoklasikos.lt\/en\/kontaktai\/\" class=\"elementor-item\" tabindex=\"-1\">Contact<\/a><\/li>\n<\/ul>\t\t\t<\/nav>\n\t\t\t\t\t\t<\/div>\n\t\t\t\t<\/div>\n\t\t\t\t\t<\/div>\n\t\t<\/div>\n\t\t\t\t\t<\/div>\n\t\t<\/section>\n\t\t\t\t<section class=\"elementor-section elementor-top-section elementor-element elementor-element-4c7eaa9 elementor-section-boxed elementor-section-height-default elementor-section-height-default\" data-id=\"4c7eaa9\" data-element_type=\"section\" data-settings=\"{&quot;background_background&quot;:&quot;classic&quot;}\">\n\t\t\t\t\t\t<div class=\"elementor-container elementor-column-gap-default\">\n\t\t\t\t\t<div class=\"elementor-column elementor-col-100 elementor-top-column elementor-element elementor-element-5447823\" data-id=\"5447823\" data-element_type=\"column\" data-settings=\"{&quot;background_background&quot;:&quot;classic&quot;}\">\n\t\t\t<div class=\"elementor-widget-wrap elementor-element-populated\">\n\t\t\t\t\t\t<div class=\"elementor-element elementor-element-f9693a1 elementor-widget__width-initial elementor-widget elementor-widget-heading\" data-id=\"f9693a1\" data-element_type=\"widget\" data-widget_type=\"heading.default\">\n\t\t\t\t<div class=\"elementor-widget-container\">\n\t\t\t\t\t<h2 class=\"elementor-heading-title elementor-size-default\">Nesakyk, kad ToLi \u2013 prabangios ir i\u0161skirtin\u0117s kelion\u0117s ma\u017eoms grup\u0117ms<\/h2>\t\t\t\t<\/div>\n\t\t\t\t<\/div>\n\t\t\t\t\t<\/div>\n\t\t<\/div>\n\t\t\t\t\t<\/div>\n\t\t<\/section>\n\t\t\t\t<section class=\"elementor-section elementor-top-section elementor-element elementor-element-17e7d7a elementor-section-boxed elementor-section-height-default elementor-section-height-default\" data-id=\"17e7d7a\" data-element_type=\"section\" data-settings=\"{&quot;background_background&quot;:&quot;classic&quot;}\">\n\t\t\t\t\t\t<div class=\"elementor-container elementor-column-gap-default\">\n\t\t\t\t\t<div class=\"elementor-column elementor-col-33 elementor-top-column elementor-element elementor-element-8f7aab8\" data-id=\"8f7aab8\" data-element_type=\"column\">\n\t\t\t<div class=\"elementor-widget-wrap elementor-element-populated\">\n\t\t\t\t\t\t<div class=\"elementor-element elementor-element-1584fb4 elementor-widget elementor-widget-image\" data-id=\"1584fb4\" data-element_type=\"widget\" data-widget_type=\"image.default\">\n\t\t\t\t<div class=\"elementor-widget-container\">\n\t\t\t\t\t\t\t\t\t\t\t\t\t\t\t<img fetchpriority=\"high\" decoding=\"async\" width=\"800\" height=\"1200\" src=\"https:\/\/tolinuoklasikos.lt\/wp-content\/uploads\/R6__2251-1-800x1200.jpg\" class=\"attachment-large size-large wp-image-6017\" alt=\"ToLi nuo Klasikos - gastro kelion\u0117s\" srcset=\"https:\/\/tolinuoklasikos.lt\/wp-content\/uploads\/R6__2251-1-800x1200.jpg 800w, https:\/\/tolinuoklasikos.lt\/wp-content\/uploads\/R6__2251-1-420x630.jpg 420w, https:\/\/tolinuoklasikos.lt\/wp-content\/uploads\/R6__2251-1-768x1152.jpg 768w, https:\/\/tolinuoklasikos.lt\/wp-content\/uploads\/R6__2251-1-1024x1536.jpg 1024w, https:\/\/tolinuoklasikos.lt\/wp-content\/uploads\/R6__2251-1-1365x2048.jpg 1365w, https:\/\/tolinuoklasikos.lt\/wp-content\/uploads\/R6__2251-1-8x12.jpg 8w, https:\/\/tolinuoklasikos.lt\/wp-content\/uploads\/R6__2251-1-900x1350.jpg 900w, https:\/\/tolinuoklasikos.lt\/wp-content\/uploads\/R6__2251-1-scaled.jpg 1707w\" sizes=\"(max-width: 800px) 100vw, 800px\" \/>\t\t\t\t\t\t\t\t\t\t\t\t\t\t\t<\/div>\n\t\t\t\t<\/div>\n\t\t\t\t\t<\/div>\n\t\t<\/div>\n\t\t\t\t<div class=\"elementor-column elementor-col-33 elementor-top-column elementor-element elementor-element-e970f98\" data-id=\"e970f98\" data-element_type=\"column\">\n\t\t\t<div class=\"elementor-widget-wrap elementor-element-populated\">\n\t\t\t\t\t\t<div class=\"elementor-element elementor-element-81b002f elementor-widget elementor-widget-image\" data-id=\"81b002f\" data-element_type=\"widget\" data-widget_type=\"image.default\">\n\t\t\t\t<div class=\"elementor-widget-container\">\n\t\t\t\t\t\t\t\t\t\t\t\t\t\t\t<img decoding=\"async\" width=\"800\" height=\"1200\" src=\"https:\/\/tolinuoklasikos.lt\/wp-content\/uploads\/R6__2654-1-800x1200.jpg\" class=\"attachment-large size-large wp-image-6014\" alt=\"Toli nuo klasikos\" srcset=\"https:\/\/tolinuoklasikos.lt\/wp-content\/uploads\/R6__2654-1-800x1200.jpg 800w, https:\/\/tolinuoklasikos.lt\/wp-content\/uploads\/R6__2654-1-420x630.jpg 420w, https:\/\/tolinuoklasikos.lt\/wp-content\/uploads\/R6__2654-1-768x1152.jpg 768w, https:\/\/tolinuoklasikos.lt\/wp-content\/uploads\/R6__2654-1-1024x1536.jpg 1024w, https:\/\/tolinuoklasikos.lt\/wp-content\/uploads\/R6__2654-1-1365x2048.jpg 1365w, https:\/\/tolinuoklasikos.lt\/wp-content\/uploads\/R6__2654-1-8x12.jpg 8w, https:\/\/tolinuoklasikos.lt\/wp-content\/uploads\/R6__2654-1-900x1350.jpg 900w, https:\/\/tolinuoklasikos.lt\/wp-content\/uploads\/R6__2654-1-scaled.jpg 1707w\" sizes=\"(max-width: 800px) 100vw, 800px\" \/>\t\t\t\t\t\t\t\t\t\t\t\t\t\t\t<\/div>\n\t\t\t\t<\/div>\n\t\t\t\t\t<\/div>\n\t\t<\/div>\n\t\t\t\t<div class=\"elementor-column elementor-col-33 elementor-top-column elementor-element elementor-element-fc75f3d\" data-id=\"fc75f3d\" data-element_type=\"column\">\n\t\t\t<div class=\"elementor-widget-wrap elementor-element-populated\">\n\t\t\t\t\t\t<div class=\"elementor-element elementor-element-52dcf3b elementor-widget elementor-widget-image\" data-id=\"52dcf3b\" data-element_type=\"widget\" data-widget_type=\"image.default\">\n\t\t\t\t<div class=\"elementor-widget-container\">\n\t\t\t\t\t\t\t\t\t\t\t\t\t\t\t<img decoding=\"async\" width=\"800\" height=\"1200\" src=\"https:\/\/tolinuoklasikos.lt\/wp-content\/uploads\/R6__2465-1-800x1200.jpg\" class=\"attachment-large size-large wp-image-6016\" alt=\"Nesakyk kad ToLi\" srcset=\"https:\/\/tolinuoklasikos.lt\/wp-content\/uploads\/R6__2465-1-800x1200.jpg 800w, https:\/\/tolinuoklasikos.lt\/wp-content\/uploads\/R6__2465-1-420x630.jpg 420w, https:\/\/tolinuoklasikos.lt\/wp-content\/uploads\/R6__2465-1-768x1152.jpg 768w, https:\/\/tolinuoklasikos.lt\/wp-content\/uploads\/R6__2465-1-1024x1536.jpg 1024w, https:\/\/tolinuoklasikos.lt\/wp-content\/uploads\/R6__2465-1-1365x2048.jpg 1365w, https:\/\/tolinuoklasikos.lt\/wp-content\/uploads\/R6__2465-1-8x12.jpg 8w, https:\/\/tolinuoklasikos.lt\/wp-content\/uploads\/R6__2465-1-900x1350.jpg 900w, https:\/\/tolinuoklasikos.lt\/wp-content\/uploads\/R6__2465-1-scaled.jpg 1707w\" sizes=\"(max-width: 800px) 100vw, 800px\" \/>\t\t\t\t\t\t\t\t\t\t\t\t\t\t\t<\/div>\n\t\t\t\t<\/div>\n\t\t\t\t\t<\/div>\n\t\t<\/div>\n\t\t\t\t\t<\/div>\n\t\t<\/section>\n\t\t\t\t<section class=\"elementor-section elementor-top-section elementor-element elementor-element-5aab0f9 elementor-section-boxed elementor-section-height-default elementor-section-height-default\" data-id=\"5aab0f9\" data-element_type=\"section\" data-settings=\"{&quot;background_background&quot;:&quot;classic&quot;}\">\n\t\t\t\t\t\t<div class=\"elementor-container elementor-column-gap-default\">\n\t\t\t\t\t<div class=\"elementor-column elementor-col-100 elementor-top-column elementor-element elementor-element-7b723263\" data-id=\"7b723263\" data-element_type=\"column\" data-settings=\"{&quot;background_background&quot;:&quot;classic&quot;}\">\n\t\t\t<div class=\"elementor-widget-wrap elementor-element-populated\">\n\t\t\t\t\t<div class=\"elementor-background-overlay\"><\/div>\n\t\t\t\t\t\t<div class=\"elementor-element elementor-element-77fd5174 elementor-widget elementor-widget-text-editor\" data-id=\"77fd5174\" data-element_type=\"widget\" data-widget_type=\"text-editor.default\">\n\t\t\t\t<div class=\"elementor-widget-container\">\n\t\t\t\t\t\t\t\t\t<p><\/p>\n<p>Naujas kelioni\u0173 ir pasaulio pajautimo formatas su Lina ir Tomu.<\/p>\n<p><\/p>\n<p>Ra\u0161ydami pirmuosius savo \u0161eimos istorijos puslapius, mes da\u017enai s\u0117sdavome \u012f automobil\u012f ir leisdavom\u0117s \u012f nuotyki\u0173 kupinas keliones Europoje \u2013 nuo Gruzijos kaln\u0173 iki Alp\u0117se pasitinkan\u010di\u0173 vir\u0161\u016bni\u0173, nuo Berlyno reivo iki romanti\u0161k\u0173 Venecijos kanal\u0173. Kiekviena kelion\u0117 virsdavo atradimais: autenti\u0161ki skoniai, netik\u0117ti susitikimai, slapti kampeliai, kurie \u012fsimena visam gyvenimui.<\/p>\n<p><\/p>\n<p>Tomui vairuojant, valandos ir keliai tampa jam pavald\u016bs. O a\u0161, da\u017eniausiai lotoso poza \u012fsitaisius \u0161alia, ie\u0161kau visko, kas \u012fdomu ir skanu \u2013 gastronomini\u0173 atradim\u0173, vietini\u0173 tradicij\u0173 ir istorij\u0173, kuri\u0173 nerasi turistiniuose giduose. A\u0161 atsakinga u\u017e nuotykius. Ir u\u017e audio knygas.<\/p>\n<p><\/p>\n<p data-start=\"1616\" data-end=\"1782\">Kai gyvenimas mus nublo\u0161k\u0117 \u012f nauj\u0105 prad\u017ei\u0105, supratome vien\u0105 \u2013 kelion\u0117s gydo, kelion\u0117s \u012fkvepia, kelion\u0117s suteikia sparnus. Ir dabar mes norime dalintis tuo su Jumis.<\/p>\n<p data-start=\"1784\" data-end=\"2070\"><strong data-start=\"1784\" data-end=\"1941\">\u201eNesakyk, kad ToLi\u201c \u2013 tai prabangios ir i\u0161skirtin\u0117s kelion\u0117s moterims bei ma\u017eoms grup\u0117ms, kuriose susipina gastronomija, kult\u016bra ir autenti\u0161kos patirtys.<\/strong> Tai daugiau nei kelion\u0117s \u2013 tai nauja gyvenimo pajautimo forma, kur pasaulis tampa namais, o kiekviena akimirka \u2013 nepamir\u0161tama. M\u016bs\u0173 programos primena viskas \u012fskai\u010diuota keliones \u012f Italij\u0105, ta\u010diau su i\u0161skirtiniu akcentu \u2013 autenti\u0161komis patirtimis, kulinarin\u0117mis paslaptimis ir tikru gyvenimo skoniu.<\/p>\n<p>Juokaujame, kad m\u016bs\u0173 venose teka dr\u0105si\u0173j\u0173 ir smalsi\u0173j\u0173 klajokli\u0173 kraujas. Visur kaip namie, nes pasaulis mums visiems priklauso.\u00a0Kvie\u010diame Jus patirti keliones kitaip \u2013 l\u0117\u010diau, giliau, autenti\u0161kiau.\u00a0<strong data-start=\"2147\" data-end=\"2199\">Atraskite m\u016bs\u0173 prabangias gastronomines keliones<\/strong> ir leiskite skoniais ir r\u016bpes\u010diu nutapyti J\u016bs\u0173 kelioni\u0173 istorijas.<\/p>\n<p>\u00a0<\/p>\n<p><\/p>\t\t\t\t\t\t\t\t<\/div>\n\t\t\t\t<\/div>\n\t\t\t\t\t<\/div>\n\t\t<\/div>\n\t\t\t\t\t<\/div>\n\t\t<\/section>\n\t\t\t\t<section class=\"elementor-section elementor-top-section elementor-element elementor-element-54a1024 elementor-section-boxed elementor-section-height-default elementor-section-height-default\" data-id=\"54a1024\" data-element_type=\"section\">\n\t\t\t\t\t\t<div class=\"elementor-container elementor-column-gap-default\">\n\t\t\t\t\t<div class=\"elementor-column elementor-col-100 elementor-top-column elementor-element elementor-element-c8cf410\" data-id=\"c8cf410\" data-element_type=\"column\">\n\t\t\t<div class=\"elementor-widget-wrap elementor-element-populated\">\n\t\t\t\t\t\t<div class=\"elementor-element elementor-element-79721bc elementor-widget elementor-widget-image\" data-id=\"79721bc\" data-element_type=\"widget\" data-widget_type=\"image.default\">\n\t\t\t\t<div class=\"elementor-widget-container\">\n\t\t\t\t\t\t\t\t\t\t\t\t\t\t\t<img loading=\"lazy\" decoding=\"async\" width=\"800\" height=\"531\" src=\"https:\/\/tolinuoklasikos.lt\/wp-content\/uploads\/R6__2604-1-1200x796.jpg\" class=\"attachment-large size-large wp-image-6021\" alt=\"Gastronomin\u0117s patirtys\" srcset=\"https:\/\/tolinuoklasikos.lt\/wp-content\/uploads\/R6__2604-1-1200x796.jpg 1200w, https:\/\/tolinuoklasikos.lt\/wp-content\/uploads\/R6__2604-1-630x418.jpg 630w, https:\/\/tolinuoklasikos.lt\/wp-content\/uploads\/R6__2604-1-768x509.jpg 768w, https:\/\/tolinuoklasikos.lt\/wp-content\/uploads\/R6__2604-1-1536x1018.jpg 1536w, https:\/\/tolinuoklasikos.lt\/wp-content\/uploads\/R6__2604-1-2048x1358.jpg 2048w, https:\/\/tolinuoklasikos.lt\/wp-content\/uploads\/R6__2604-1-18x12.jpg 18w, https:\/\/tolinuoklasikos.lt\/wp-content\/uploads\/R6__2604-1-900x597.jpg 900w\" sizes=\"(max-width: 800px) 100vw, 800px\" \/>\t\t\t\t\t\t\t\t\t\t\t\t\t\t\t<\/div>\n\t\t\t\t<\/div>\n\t\t\t\t\t<\/div>\n\t\t<\/div>\n\t\t\t\t\t<\/div>\n\t\t<\/section>\n\t\t\t\t<\/div>","protected":false},"excerpt":{"rendered":"<p>Nesakyk, kad ToLi \u2013 prabangios ir i\u0161skirtin\u0117s kelion\u0117s ma\u017eoms grup\u0117ms Naujas kelioni\u0173 ir pasaulio pajautimo formatas su Lina ir Tomu. Ra\u0161ydami pirmuosius savo \u0161eimos istorijos puslapius, mes da\u017enai s\u0117sdavome \u012f automobil\u012f ir leisdavom\u0117s \u012f nuotyki\u0173 kupinas keliones Europoje \u2013 nuo Gruzijos kaln\u0173 iki Alp\u0117se pasitinkan\u010di\u0173 vir\u0161\u016bni\u0173, nuo Berlyno reivo iki romanti\u0161k\u0173 Venecijos kanal\u0173. Kiekviena kelion\u0117 [&hellip;]<\/p>","protected":false},"author":1,"featured_media":0,"parent":528,"menu_order":0,"comment_status":"closed","ping_status":"closed","template":"elementor_canvas","meta":{"_seopress_robots_primary_cat":"","_seopress_titles_title":"Gastronomin\u0117s kelion\u0117s su ToLi nuo klasikos","_seopress_titles_desc":"Moter\u0173 stovykla u\u017esienyje su gastronomijos ikona Lina \u017dilevi\u010de","_seopress_robots_index":"","footnotes":""},"class_list":["post-5864","page","type-page","status-publish","hentry"],"_links":{"self":[{"href":"https:\/\/tolinuoklasikos.lt\/en\/wp-json\/wp\/v2\/pages\/5864","targetHints":{"allow":["GET"]}}],"collection":[{"href":"https:\/\/tolinuoklasikos.lt\/en\/wp-json\/wp\/v2\/pages"}],"about":[{"href":"https:\/\/tolinuoklasikos.lt\/en\/wp-json\/wp\/v2\/types\/page"}],"author":[{"embeddable":true,"href":"https:\/\/tolinuoklasikos.lt\/en\/wp-json\/wp\/v2\/users\/1"}],"replies":[{"embeddable":true,"href":"https:\/\/tolinuoklasikos.lt\/en\/wp-json\/wp\/v2\/comments?post=5864"}],"version-history":[{"count":43,"href":"https:\/\/tolinuoklasikos.lt\/en\/wp-json\/wp\/v2\/pages\/5864\/revisions"}],"predecessor-version":[{"id":6336,"href":"https:\/\/tolinuoklasikos.lt\/en\/wp-json\/wp\/v2\/pages\/5864\/revisions\/6336"}],"up":[{"embeddable":true,"href":"https:\/\/tolinuoklasikos.lt\/en\/wp-json\/wp\/v2\/pages\/528"}],"wp:attachment":[{"href":"https:\/\/tolinuoklasikos.lt\/en\/wp-json\/wp\/v2\/media?parent=5864"}],"curies":[{"name":"wp","href":"https:\/\/api.w.org\/{rel}","templated":true}]}}