{"id":5983,"date":"2025-06-14T21:14:21","date_gmt":"2025-06-14T19:14:21","guid":{"rendered":"https:\/\/tolinuoklasikos.lt\/?page_id=5983"},"modified":"2026-03-02T15:27:57","modified_gmt":"2026-03-02T13:27:57","slug":"privacios-vakarienes","status":"publish","type":"page","link":"https:\/\/tolinuoklasikos.lt\/en\/privacios-vakarienes\/","title":{"rendered":"Priva\u010dios vakarien\u0117s"},"content":{"rendered":"<div data-elementor-type=\"wp-page\" data-elementor-id=\"5983\" class=\"elementor elementor-5983\" data-elementor-post-type=\"page\">\n\t\t\t\t\t\t<section class=\"elementor-section elementor-top-section elementor-element elementor-element-1047aa5 elementor-section-boxed elementor-section-height-default elementor-section-height-default\" data-id=\"1047aa5\" data-element_type=\"section\" data-settings=\"{&quot;background_background&quot;:&quot;classic&quot;}\">\n\t\t\t\t\t\t<div class=\"elementor-container elementor-column-gap-default\">\n\t\t\t\t\t<div class=\"elementor-column elementor-col-100 elementor-top-column elementor-element elementor-element-0eb75f1\" data-id=\"0eb75f1\" data-element_type=\"column\">\n\t\t\t<div class=\"elementor-widget-wrap elementor-element-populated\">\n\t\t\t\t\t\t<div class=\"elementor-element elementor-element-95d700b elementor-widget elementor-widget-heading\" data-id=\"95d700b\" data-element_type=\"widget\" data-widget_type=\"heading.default\">\n\t\t\t\t<div class=\"elementor-widget-container\">\n\t\t\t\t\t<h2 class=\"elementor-heading-title elementor-size-default\">Priva\u010dios vakarien\u0117s - \u0161vent\u0117s<\/h2>\t\t\t\t<\/div>\n\t\t\t\t<\/div>\n\t\t\t\t\t<\/div>\n\t\t<\/div>\n\t\t\t\t\t<\/div>\n\t\t<\/section>\n\t\t\t\t<section class=\"elementor-section elementor-top-section elementor-element elementor-element-1c707414 elementor-section-boxed elementor-section-height-default elementor-section-height-default\" data-id=\"1c707414\" data-element_type=\"section\" data-settings=\"{&quot;background_background&quot;:&quot;classic&quot;}\">\n\t\t\t\t\t\t<div class=\"elementor-container elementor-column-gap-default\">\n\t\t\t\t\t<div class=\"elementor-column elementor-col-100 elementor-top-column elementor-element elementor-element-182a3684\" data-id=\"182a3684\" data-element_type=\"column\">\n\t\t\t<div class=\"elementor-widget-wrap elementor-element-populated\">\n\t\t\t\t\t\t<div class=\"elementor-element elementor-element-4270ef9e elementor-widget elementor-widget-text-editor\" data-id=\"4270ef9e\" data-element_type=\"widget\" data-widget_type=\"text-editor.default\">\n\t\t\t\t<div class=\"elementor-widget-container\">\n\t\t\t\t\t\t\t\t\t<p><span style=\"color: #000000;\"><\/span><\/p>\n<p><span style=\"color: #000000;\">Art\u0117jant \u0161ilt\u0105jam met\u0173 sezonui skelbiu, kad galite mus kviesti pas save ir mes sukursime Jums \u0161ventin\u012f skoni\u0173 stebukl\u0105. <\/span><\/p>\n<p><span style=\"color: #000000;\">Kurti man yra taip pat svarbu kaip kv\u0117puoti. O mano k\u016bryb\u0105 tarpsta, saldumu pritvinkusiose uogose, su pagarba u\u017eaugintoje ir ant stalo atne\u0161toje m\u0117soje, ilgus t\u016bkstan\u010dius kilometr\u0173 sukorusiuose prieskoniuose ir tyruose surinkto pieno up\u0117se u\u017egimusiuose s\u016briuose. Man norisi uosti, ragauti, pir\u0161tais i\u0161jausti ir marinatais u\u017ekloti produktus tik\u0117tus ir nuostab\u0105 kelian\u010dius. A\u0161 d\u016bstu be J\u016bs\u0173 aki\u0173 ir \u0161ypsen\u0173, be juoko ir netik\u0117tumo \u0161\u016bksni\u0173, be vienyb\u0117s ir meil\u0117s prie stalo susirinkus.<\/span><\/p>\n<p><span style=\"color: #000000;\"><\/span><\/p>\n<p><span style=\"color: #000000;\">Su malonumu <span style=\"color: #800000;\">atvyksime \u012f J\u016bs\u0173 pasirinkt\u0105 viet\u0105,<\/span> namus ar vakar\u0117l\u012f sklepe, dvaro men\u0119 ar kit\u0105 netik\u0117t\u0105 lokacij\u0105 bei spalvingais skoniais nutapysime J\u016bs\u0173 \u0161ventes.\u00a0<\/span><\/p>\n<p><span style=\"color: #000000;\"><\/span><\/p>\n<p><span style=\"color: #000000;\">Geriausiai jausiuosi r\u016bpindamasi \u0161vent\u0117mis iki 20 asmen\u0173. Tai kaip, ar pasimatome?<\/span><\/p>\n<p><span style=\"color: #000000;\"><\/span><\/p>\n<p><span style=\"color: #000000;\">J\u016bs\u0173 Li.<\/span><span style=\"color: #000000;\"><img alt=\"\" \/><\/span><\/p>\n<p><span style=\"color: #000000;\"><\/span><\/p>\t\t\t\t\t\t\t\t<\/div>\n\t\t\t\t<\/div>\n\t\t\t\t\t<\/div>\n\t\t<\/div>\n\t\t\t\t\t<\/div>\n\t\t<\/section>\n\t\t\t\t<section class=\"elementor-section elementor-top-section elementor-element elementor-element-922b243 elementor-section-boxed elementor-section-height-default elementor-section-height-default\" data-id=\"922b243\" data-element_type=\"section\">\n\t\t\t\t\t\t<div class=\"elementor-container elementor-column-gap-default\">\n\t\t\t\t\t<div class=\"elementor-column elementor-col-50 elementor-top-column elementor-element elementor-element-7288dd9\" data-id=\"7288dd9\" data-element_type=\"column\">\n\t\t\t<div class=\"elementor-widget-wrap elementor-element-populated\">\n\t\t\t\t\t\t<div class=\"elementor-element elementor-element-2b8a186 elementor-widget elementor-widget-image\" data-id=\"2b8a186\" data-element_type=\"widget\" data-widget_type=\"image.default\">\n\t\t\t\t<div class=\"elementor-widget-container\">\n\t\t\t\t\t\t\t\t\t\t\t\t\t\t\t<img fetchpriority=\"high\" decoding=\"async\" width=\"800\" height=\"533\" src=\"https:\/\/tolinuoklasikos.lt\/wp-content\/uploads\/ToLi-Queen-12.jpg\" class=\"attachment-large size-large wp-image-4649\" alt=\"toli nuo klasikos kaledos\" srcset=\"https:\/\/tolinuoklasikos.lt\/wp-content\/uploads\/ToLi-Queen-12.jpg 1200w, https:\/\/tolinuoklasikos.lt\/wp-content\/uploads\/ToLi-Queen-12-630x420.jpg 630w, https:\/\/tolinuoklasikos.lt\/wp-content\/uploads\/ToLi-Queen-12-768x512.jpg 768w, https:\/\/tolinuoklasikos.lt\/wp-content\/uploads\/ToLi-Queen-12-18x12.jpg 18w, https:\/\/tolinuoklasikos.lt\/wp-content\/uploads\/ToLi-Queen-12-900x600.jpg 900w\" sizes=\"(max-width: 800px) 100vw, 800px\" \/>\t\t\t\t\t\t\t\t\t\t\t\t\t\t\t<\/div>\n\t\t\t\t<\/div>\n\t\t\t\t\t<\/div>\n\t\t<\/div>\n\t\t\t\t<div class=\"elementor-column elementor-col-50 elementor-top-column elementor-element elementor-element-0afbbd3\" data-id=\"0afbbd3\" data-element_type=\"column\">\n\t\t\t<div class=\"elementor-widget-wrap elementor-element-populated\">\n\t\t\t\t\t\t<div class=\"elementor-element elementor-element-28e0e11 elementor-widget__width-initial elementor-button-align-stretch elementor-widget elementor-widget-form\" data-id=\"28e0e11\" data-element_type=\"widget\" data-settings=\"{&quot;step_previous_label&quot;:&quot;Previous&quot;,&quot;button_width&quot;:&quot;100&quot;,&quot;step_type&quot;:&quot;number_text&quot;,&quot;step_icon_shape&quot;:&quot;circle&quot;}\" data-widget_type=\"form.default\">\n\t\t\t\t<div class=\"elementor-widget-container\">\n\t\t\t\t\t\t\t<form class=\"elementor-form\" method=\"post\" name=\"Priva\u010dios vakarien\u0117s\" action=\"\">\n\t\t\t<input type=\"hidden\" name=\"post_id\" value=\"5983\"\/>\n\t\t\t<input type=\"hidden\" name=\"form_id\" value=\"28e0e11\"\/>\n\t\t\t<input type=\"hidden\" name=\"referer_title\" value=\"Priva\u010dios vakarien\u0117s\" \/>\n\n\t\t\t\t\t\t\t<input type=\"hidden\" name=\"queried_id\" value=\"5983\"\/>\n\t\t\t\n\t\t\t<div class=\"elementor-form-fields-wrapper elementor-labels-above\">\n\t\t\t\t\t\t\t\t<div class=\"elementor-field-type-text elementor-field-group elementor-column elementor-field-group-name elementor-col-100 elementor-field-required\">\n\t\t\t\t\t\t\t\t\t\t\t\t<label for=\"form-field-name\" class=\"elementor-field-label\">\n\t\t\t\t\t\t\t\tVardas Pavard\u0117\t\t\t\t\t\t\t<\/label>\n\t\t\t\t\t\t\t\t\t\t\t\t\t\t<input size=\"1\" type=\"text\" name=\"form_fields[name]\" id=\"form-field-name\" class=\"elementor-field elementor-size-sm  elementor-field-textual\" required=\"required\">\n\t\t\t\t\t\t\t\t\t\t\t<\/div>\n\t\t\t\t\t\t\t\t<div class=\"elementor-field-type-date elementor-field-group elementor-column elementor-field-group-field_c6732eb elementor-col-100\">\n\t\t\t\t\t\t\t\t\t\t\t\t<label for=\"form-field-field_c6732eb\" class=\"elementor-field-label\">\n\t\t\t\t\t\t\t\tData\t\t\t\t\t\t\t<\/label>\n\t\t\t\t\t\t\n\t\t<input type=\"date\" name=\"form_fields[field_c6732eb]\" id=\"form-field-field_c6732eb\" class=\"elementor-field elementor-size-sm  elementor-field-textual elementor-date-field\" pattern=\"[0-9]{4}-[0-9]{2}-[0-9]{2}\" min=\"2025-11-10\" max=\"2025-12-14\">\n\t\t\t\t\t\t<\/div>\n\t\t\t\t\t\t\t\t<div class=\"elementor-field-type-email elementor-field-group elementor-column elementor-field-group-email elementor-col-100 elementor-field-required\">\n\t\t\t\t\t\t\t\t\t\t\t\t<label for=\"form-field-email\" class=\"elementor-field-label\">\n\t\t\t\t\t\t\t\tEl. pa\u0161tas\t\t\t\t\t\t\t<\/label>\n\t\t\t\t\t\t\t\t\t\t\t\t\t\t<input size=\"1\" type=\"email\" name=\"form_fields[email]\" id=\"form-field-email\" class=\"elementor-field elementor-size-sm  elementor-field-textual\" required=\"required\">\n\t\t\t\t\t\t\t\t\t\t\t<\/div>\n\t\t\t\t\t\t\t\t<div class=\"elementor-field-type-textarea elementor-field-group elementor-column elementor-field-group-message elementor-col-100 elementor-field-required\">\n\t\t\t\t\t\t\t\t\t\t\t\t<label for=\"form-field-message\" class=\"elementor-field-label\">\n\t\t\t\t\t\t\t\tJ\u016bs\u0173 \u017einut\u0117 mums\t\t\t\t\t\t\t<\/label>\n\t\t\t\t\t\t<textarea class=\"elementor-field-textual elementor-field  elementor-size-sm\" name=\"form_fields[message]\" id=\"form-field-message\" rows=\"4\" required=\"required\"><\/textarea>\t\t\t\t<\/div>\n\t\t\t\t\t\t\t\t<div class=\"elementor-field-group elementor-column elementor-field-type-submit elementor-col-100 e-form__buttons\">\n\t\t\t\t\t<button class=\"elementor-button elementor-size-md\" type=\"submit\">\n\t\t\t\t\t\t<span class=\"elementor-button-content-wrapper\">\n\t\t\t\t\t\t\t\t\t\t\t\t\t\t\t\t\t\t\t\t\t\t<span class=\"elementor-button-text\">Si\u0173sti u\u017eklaus\u0105 priva\u010diam renginiui<\/span>\n\t\t\t\t\t\t\t\t\t\t\t\t\t<\/span>\n\t\t\t\t\t<\/button>\n\t\t\t\t<\/div>\n\t\t\t<\/div>\n\t\t<label class=\"apbct_special_field\" id=\"apbct_label_id24179\" for=\"apbct__email_id__elementor_form_24179\">24179<\/label><input\n            id=\"apbct__email_id__elementor_form_24179\"\n            class=\"apbct_special_field apbct__email_id__elementor_form\"\n            name=\"apbct__email_id__elementor_form_24179\"\n            type=\"text\" size=\"30\" maxlength=\"200\" autocomplete=\"off\"\n            value=\"24179\" apbct_event_id=\"24179\"\n            \/><input id=\"apbct_event_id_elementor_form_24179\"\n                class=\"apbct_special_field\" name=\"apbct_event_id\" type=\"hidden\" value=\"24179\" \/><input type=\"hidden\" name=\"trp-form-language\" value=\"en\"\/><\/form>\n\t\t\t\t\t\t<\/div>\n\t\t\t\t<\/div>\n\t\t\t\t\t<\/div>\n\t\t<\/div>\n\t\t\t\t\t<\/div>\n\t\t<\/section>\n\t\t\t\t<\/div>","protected":false},"excerpt":{"rendered":"<p>Priva\u010dios vakarien\u0117s &#8211; \u0161vent\u0117s Art\u0117jant \u0161ilt\u0105jam met\u0173 sezonui skelbiu, kad galite mus kviesti pas save ir mes sukursime Jums \u0161ventin\u012f skoni\u0173 stebukl\u0105. Kurti man yra taip pat svarbu kaip kv\u0117puoti. O mano k\u016bryb\u0105 tarpsta, saldumu pritvinkusiose uogose, su pagarba u\u017eaugintoje ir ant stalo atne\u0161toje m\u0117soje, ilgus t\u016bkstan\u010dius kilometr\u0173 sukorusiuose prieskoniuose ir tyruose surinkto pieno up\u0117se [&hellip;]<\/p>","protected":false},"author":1,"featured_media":0,"parent":0,"menu_order":0,"comment_status":"closed","ping_status":"closed","template":"","meta":{"_seopress_robots_primary_cat":"","_seopress_titles_title":"","_seopress_titles_desc":"","_seopress_robots_index":"","footnotes":""},"class_list":["post-5983","page","type-page","status-publish","hentry"],"_links":{"self":[{"href":"https:\/\/tolinuoklasikos.lt\/en\/wp-json\/wp\/v2\/pages\/5983","targetHints":{"allow":["GET"]}}],"collection":[{"href":"https:\/\/tolinuoklasikos.lt\/en\/wp-json\/wp\/v2\/pages"}],"about":[{"href":"https:\/\/tolinuoklasikos.lt\/en\/wp-json\/wp\/v2\/types\/page"}],"author":[{"embeddable":true,"href":"https:\/\/tolinuoklasikos.lt\/en\/wp-json\/wp\/v2\/users\/1"}],"replies":[{"embeddable":true,"href":"https:\/\/tolinuoklasikos.lt\/en\/wp-json\/wp\/v2\/comments?post=5983"}],"version-history":[{"count":28,"href":"https:\/\/tolinuoklasikos.lt\/en\/wp-json\/wp\/v2\/pages\/5983\/revisions"}],"predecessor-version":[{"id":6802,"href":"https:\/\/tolinuoklasikos.lt\/en\/wp-json\/wp\/v2\/pages\/5983\/revisions\/6802"}],"wp:attachment":[{"href":"https:\/\/tolinuoklasikos.lt\/en\/wp-json\/wp\/v2\/media?parent=5983"}],"curies":[{"name":"wp","href":"https:\/\/api.w.org\/{rel}","templated":true}]}}