{"id":6604,"date":"2025-12-07T13:08:39","date_gmt":"2025-12-07T11:08:39","guid":{"rendered":"https:\/\/tolinuoklasikos.lt\/?page_id=6604"},"modified":"2025-12-07T15:24:37","modified_gmt":"2025-12-07T13:24:37","slug":"linos-zilevices-receptai","status":"publish","type":"page","link":"https:\/\/tolinuoklasikos.lt\/en\/linos-zilevices-receptai\/","title":{"rendered":"Linos \u017dilevi\u010d\u0117s receptai"},"content":{"rendered":"<div data-elementor-type=\"wp-page\" data-elementor-id=\"6604\" class=\"elementor elementor-6604\" data-elementor-post-type=\"page\">\n\t\t\t\t\t\t<section class=\"elementor-section elementor-top-section elementor-element elementor-element-756e49bd elementor-section-boxed elementor-section-height-default elementor-section-height-default\" data-id=\"756e49bd\" data-element_type=\"section\">\n\t\t\t\t\t\t<div class=\"elementor-container elementor-column-gap-default\">\n\t\t\t\t\t<div class=\"elementor-column elementor-col-100 elementor-top-column elementor-element elementor-element-2dcc7205\" data-id=\"2dcc7205\" data-element_type=\"column\">\n\t\t\t<div class=\"elementor-widget-wrap elementor-element-populated\">\n\t\t\t\t\t\t<div class=\"elementor-element elementor-element-adbf6b elementor-widget__width-initial elementor-widget elementor-widget-text-editor\" data-id=\"adbf6b\" data-element_type=\"widget\" data-widget_type=\"text-editor.default\">\n\t\t\t\t<div class=\"elementor-widget-container\">\n\t\t\t\t\t\t\t\t\t<p><span style=\"color: #000000;\"><\/span><\/p>\n<p><span style=\"color: #000000;\">Sveiki u\u017esuk\u0119 \u012f mano ma\u017e\u0105, bet labai gyv\u0105 kulinarin\u012f pasaul\u012f. \u010cia pasistengsiu apgyvendinti visk\u0105, kas man brangiausia: sezon\u0173 kvapus, nam\u0173 \u0161ilum\u0105, trumpas istorijas tarp eilu\u010di\u0173 ir tuos patiekalus, kurie u\u017esilieka atmintyje ilgiau nei vakarien\u0117. Noriu, kad jaustum\u0117t\u0117s taip, lyg s\u0117d\u0117tum\u0117te mano virtuv\u0117je \u2013 ten, kur skoniai tampa pasakojimais, o paprasti ingredientai \u012fgauna visai kit\u0105 charakter\u012f.<\/span><\/p>\n<p><span style=\"color: #000000;\"><\/span><\/p>\n<p><span style=\"color: #000000;\">Kiekvienas receptas \u0161iame puslapyje yra tarsi mano ma\u017eas lai\u0161kas jums. Kartais \u2013 lengvas, kasdieni\u0161kas, sukurtas tam, kad nereik\u0117t\u0173 sukti galvos. Kartais \u2013 \u0161venti\u0161kas, l\u0117tas, su daugiau ritual\u0173 nei \u017eingsni\u0173. Visada \u2013 nuo\u0161irdus. \u010cia rasite <strong>sezoninius patiekalus<\/strong>, <strong>lengvus \u0161eimos receptus<\/strong>, <strong>\u0161varesni\u0173 ingredient\u0173 id\u0117jas<\/strong>, <strong>\u0161velnius desertus<\/strong>, <strong>slow cooking nuotaikas<\/strong> ir tuos mano m\u0117gstamiausius, fotografi\u0161kai gra\u017eius derinius, kuriems sunku atsispirti.<\/span><\/p>\n<p><span style=\"color: #000000;\"><\/span><\/p>\n<figure class=\"wp-block-image size-large\"><span style=\"color: #000000;\"><img fetchpriority=\"high\" decoding=\"async\" width=\"1200\" height=\"800\" class=\"wp-image-5869\" src=\"https:\/\/tolinuoklasikos.lt\/wp-content\/uploads\/R6__5833-1-copy-1200x800.jpg\" alt=\"Lina \u017dilevi\u010d\u0117 ir jos unikal\u016bs receptai\" srcset=\"https:\/\/tolinuoklasikos.lt\/wp-content\/uploads\/R6__5833-1-copy-1200x800.jpg 1200w, https:\/\/tolinuoklasikos.lt\/wp-content\/uploads\/R6__5833-1-copy-630x420.jpg 630w, https:\/\/tolinuoklasikos.lt\/wp-content\/uploads\/R6__5833-1-copy-768x512.jpg 768w, https:\/\/tolinuoklasikos.lt\/wp-content\/uploads\/R6__5833-1-copy-1536x1024.jpg 1536w, https:\/\/tolinuoklasikos.lt\/wp-content\/uploads\/R6__5833-1-copy-2048x1365.jpg 2048w, https:\/\/tolinuoklasikos.lt\/wp-content\/uploads\/R6__5833-1-copy-18x12.jpg 18w, https:\/\/tolinuoklasikos.lt\/wp-content\/uploads\/R6__5833-1-copy-900x600.jpg 900w\" sizes=\"(max-width: 1200px) 100vw, 1200px\" \/><\/span><\/figure>\n<p><span style=\"color: #000000;\"><\/span><\/p>\n<p><span style=\"color: #000000;\">Kvie\u010diu jus pasilikti ilgiau.<\/span><br \/><span style=\"color: #000000;\">Atsiversti t\u0105 recept\u0105, kuris kalba garsiausiai.<\/span><br \/><span style=\"color: #000000;\">Ir, jei tik norisi, leisti mano virtuvei \u012fkv\u0117pti savi\u0161k\u0119.<\/span><\/p>\n<p><span style=\"color: #000000;\"><\/span><\/p>\n<p><span style=\"color: #000000;\"><\/span><\/p>\t\t\t\t\t\t\t\t<\/div>\n\t\t\t\t<\/div>\n\t\t\t\t\t<\/div>\n\t\t<\/div>\n\t\t\t\t\t<\/div>\n\t\t<\/section>\n\t\t\t\t<section class=\"elementor-section elementor-top-section elementor-element elementor-element-7809351 elementor-section-boxed elementor-section-height-default elementor-section-height-default\" data-id=\"7809351\" data-element_type=\"section\">\n\t\t\t\t\t\t<div class=\"elementor-container elementor-column-gap-default\">\n\t\t\t\t\t<div class=\"elementor-column elementor-col-100 elementor-top-column elementor-element elementor-element-9b9b150\" data-id=\"9b9b150\" data-element_type=\"column\">\n\t\t\t<div class=\"elementor-widget-wrap elementor-element-populated\">\n\t\t\t\t\t\t<div class=\"elementor-element elementor-element-3ca0a74 elementor-view-stacked elementor-shape-circle elementor-widget elementor-widget-icon\" data-id=\"3ca0a74\" data-element_type=\"widget\" data-widget_type=\"icon.default\">\n\t\t\t\t<div class=\"elementor-widget-container\">\n\t\t\t\t\t\t\t<div class=\"elementor-icon-wrapper\">\n\t\t\t<div class=\"elementor-icon\">\n\t\t\t<svg aria-hidden=\"true\" class=\"e-font-icon-svg e-far-lemon\" viewbox=\"0 0 512 512\" xmlns=\"http:\/\/www.w3.org\/2000\/svg\"><path d=\"M484.112 27.889C455.989-.233 416.108-8.057 387.059 8.865 347.604 31.848 223.504-41.111 91.196 91.197-41.277 223.672 31.923 347.472 8.866 387.058c-16.922 29.051-9.1 68.932 19.022 97.054 28.135 28.135 68.011 35.938 97.057 19.021 39.423-22.97 163.557 49.969 295.858-82.329 132.474-132.477 59.273-256.277 82.331-295.861 16.922-29.05 9.1-68.931-19.022-97.054zm-22.405 72.894c-38.8 66.609 45.6 165.635-74.845 286.08-120.44 120.443-219.475 36.048-286.076 74.843-22.679 13.207-64.035-27.241-50.493-50.488 38.8-66.609-45.6-165.635 74.845-286.08C245.573 4.702 344.616 89.086 411.219 50.292c22.73-13.24 64.005 27.288 50.488 50.491zm-169.861 8.736c1.37 10.96-6.404 20.957-17.365 22.327-54.846 6.855-135.779 87.787-142.635 142.635-1.373 10.989-11.399 18.734-22.326 17.365-10.961-1.37-18.735-11.366-17.365-22.326 9.162-73.286 104.167-168.215 177.365-177.365 10.953-1.368 20.956 6.403 22.326 17.364z\"><\/path><\/svg>\t\t\t<\/div>\n\t\t<\/div>\n\t\t\t\t\t\t<\/div>\n\t\t\t\t<\/div>\n\t\t\t\t\t<\/div>\n\t\t<\/div>\n\t\t\t\t\t<\/div>\n\t\t<\/section>\n\t\t\t\t<section class=\"elementor-section elementor-top-section elementor-element elementor-element-c57abd3 elementor-section-boxed elementor-section-height-default elementor-section-height-default\" data-id=\"c57abd3\" data-element_type=\"section\">\n\t\t\t\t\t\t<div class=\"elementor-container elementor-column-gap-default\">\n\t\t\t\t\t<div class=\"elementor-column elementor-col-100 elementor-top-column elementor-element elementor-element-4b99d78\" data-id=\"4b99d78\" data-element_type=\"column\">\n\t\t\t<div class=\"elementor-widget-wrap elementor-element-populated\">\n\t\t\t\t\t\t<div class=\"elementor-element elementor-element-4a2df30 elementor-grid-2 elementor-grid-tablet-2 elementor-grid-mobile-1 elementor-posts--thumbnail-top elementor-widget elementor-widget-posts\" data-id=\"4a2df30\" data-element_type=\"widget\" data-settings=\"{&quot;classic_columns&quot;:&quot;2&quot;,&quot;classic_columns_tablet&quot;:&quot;2&quot;,&quot;classic_columns_mobile&quot;:&quot;1&quot;,&quot;classic_row_gap&quot;:{&quot;unit&quot;:&quot;px&quot;,&quot;size&quot;:35,&quot;sizes&quot;:[]},&quot;classic_row_gap_tablet&quot;:{&quot;unit&quot;:&quot;px&quot;,&quot;size&quot;:&quot;&quot;,&quot;sizes&quot;:[]},&quot;classic_row_gap_mobile&quot;:{&quot;unit&quot;:&quot;px&quot;,&quot;size&quot;:&quot;&quot;,&quot;sizes&quot;:[]}}\" data-widget_type=\"posts.classic\">\n\t\t\t\t<div class=\"elementor-widget-container\">\n\t\t\t\t\t\t\t<div class=\"elementor-posts-container elementor-posts elementor-posts--skin-classic elementor-grid\">\n\t\t\t\t<article class=\"elementor-post elementor-grid-item post-6719 post type-post status-publish format-standard has-post-thumbnail hentry category-lz-r\">\n\t\t\t\t<a class=\"elementor-post__thumbnail__link\" href=\"https:\/\/tolinuoklasikos.lt\/en\/sarde-in-saor-baltijos-versija-su-stintomis\/\" tabindex=\"-1\" >\n\t\t\t<div class=\"elementor-post__thumbnail\"><img decoding=\"async\" width=\"473\" height=\"630\" src=\"https:\/\/tolinuoklasikos.lt\/wp-content\/uploads\/537f3b56-a2f7-8c26-b49c-a9676a7d34e4-473x630.jpg\" class=\"attachment-medium size-medium wp-image-6722\" alt=\"Kaip marinuoti stintas?\" srcset=\"https:\/\/tolinuoklasikos.lt\/wp-content\/uploads\/537f3b56-a2f7-8c26-b49c-a9676a7d34e4-473x630.jpg 473w, https:\/\/tolinuoklasikos.lt\/wp-content\/uploads\/537f3b56-a2f7-8c26-b49c-a9676a7d34e4-9x12.jpg 9w, https:\/\/tolinuoklasikos.lt\/wp-content\/uploads\/537f3b56-a2f7-8c26-b49c-a9676a7d34e4.jpg 736w\" sizes=\"(max-width: 473px) 100vw, 473px\" \/><\/div>\n\t\t<\/a>\n\t\t\t\t<div class=\"elementor-post__text\">\n\t\t\t\t<h3 class=\"elementor-post__title\">\n\t\t\t<a href=\"https:\/\/tolinuoklasikos.lt\/en\/sarde-in-saor-baltijos-versija-su-stintomis\/\" >\n\t\t\t\tSarde in saor Baltijos versija su stintomis!\t\t\t<\/a>\n\t\t<\/h3>\n\t\t\t\t<div class=\"elementor-post__meta-data\">\n\t\t\t\t\t<span class=\"elementor-post-date\">\n\t\t\tJanuary 14, 2026\t\t<\/span>\n\t\t\t\t<span class=\"elementor-post-avatar\">\n\t\t\tNo Comments\t\t<\/span>\n\t\t\t\t<\/div>\n\t\t\t\t<div class=\"elementor-post__excerpt\">\n\t\t\t<p>Sarde in soar &#8211; Baltijos versija su stintomis! Keliaudama Venete, dievinu sarde in saor. Ra\u0161au ir seili\u0173 pilna burna. Receptas labai senas ir labai mums<\/p>\n\t\t<\/div>\n\t\t\n\t\t<a class=\"elementor-post__read-more\" href=\"https:\/\/tolinuoklasikos.lt\/en\/sarde-in-saor-baltijos-versija-su-stintomis\/\" aria-label=\"Read more about Sarde in saor Baltijos versija su stintomis!\" tabindex=\"-1\" >\n\t\t\tRead More \u00bb\t\t<\/a>\n\n\t\t\t\t<\/div>\n\t\t\t\t<\/article>\n\t\t\t\t<article class=\"elementor-post elementor-grid-item post-6652 post type-post status-publish format-standard hentry category-lz-r\">\n\t\t\t\t<div class=\"elementor-post__text\">\n\t\t\t\t<h3 class=\"elementor-post__title\">\n\t\t\t<a href=\"https:\/\/tolinuoklasikos.lt\/en\/marselio-zveju-uztepele-is-bacalao-kremine-kvapni-ir-tobula-ant-skrudintos-duonos\/\" >\n\t\t\t\tMarselio \u017evej\u0173 u\u017etep\u0117l\u0117 i\u0161 bacalao: kremin\u0117, kvapni ir tobula ant skrudintos duonos\t\t\t<\/a>\n\t\t<\/h3>\n\t\t\t\t<div class=\"elementor-post__meta-data\">\n\t\t\t\t\t<span class=\"elementor-post-date\">\n\t\t\tDecember 7, 2025\t\t<\/span>\n\t\t\t\t<span class=\"elementor-post-avatar\">\n\t\t\tNo Comments\t\t<\/span>\n\t\t\t\t<\/div>\n\t\t\t\t<div class=\"elementor-post__excerpt\">\n\t\t\t<p>Marselio \u017evej\u0173 u\u017etep\u0117l\u0117 i\u0161 bacalao \u0160ita Marselio klasika yra tokia universali, kad Lietuvoje j\u0105 gali pasigaminti net su r\u016bkytu kar\u0161iu ar skumbre \u2014 skonio kelion\u0117<\/p>\n\t\t<\/div>\n\t\t\n\t\t<a class=\"elementor-post__read-more\" href=\"https:\/\/tolinuoklasikos.lt\/en\/marselio-zveju-uztepele-is-bacalao-kremine-kvapni-ir-tobula-ant-skrudintos-duonos\/\" aria-label=\"Read more about Marselio \u017evej\u0173 u\u017etep\u0117l\u0117 i\u0161 bacalao: kremin\u0117, kvapni ir tobula ant skrudintos duonos\" tabindex=\"-1\" >\n\t\t\tRead More \u00bb\t\t<\/a>\n\n\t\t\t\t<\/div>\n\t\t\t\t<\/article>\n\t\t\t\t<article class=\"elementor-post elementor-grid-item post-6634 post type-post status-publish format-standard has-post-thumbnail hentry category-lz-r\">\n\t\t\t\t<a class=\"elementor-post__thumbnail__link\" href=\"https:\/\/tolinuoklasikos.lt\/en\/kepta-vista-su-azijietisku-kokosu-padazu-moliuge-rudens-receptas\/\" tabindex=\"-1\" >\n\t\t\t<div class=\"elementor-post__thumbnail\"><img decoding=\"async\" width=\"630\" height=\"420\" src=\"https:\/\/tolinuoklasikos.lt\/wp-content\/uploads\/IMG_7274-11-630x420.jpg\" class=\"attachment-medium size-medium wp-image-6618\" alt=\"Keptas moli\u016bgas, kepta vi\u0161ta azijieti\u0161kai\" srcset=\"https:\/\/tolinuoklasikos.lt\/wp-content\/uploads\/IMG_7274-11-630x420.jpg 630w, https:\/\/tolinuoklasikos.lt\/wp-content\/uploads\/IMG_7274-11-1200x800.jpg 1200w, https:\/\/tolinuoklasikos.lt\/wp-content\/uploads\/IMG_7274-11-768x512.jpg 768w, https:\/\/tolinuoklasikos.lt\/wp-content\/uploads\/IMG_7274-11-1536x1024.jpg 1536w, https:\/\/tolinuoklasikos.lt\/wp-content\/uploads\/IMG_7274-11-2048x1365.jpg 2048w, https:\/\/tolinuoklasikos.lt\/wp-content\/uploads\/IMG_7274-11-18x12.jpg 18w, https:\/\/tolinuoklasikos.lt\/wp-content\/uploads\/IMG_7274-11-900x600.jpg 900w\" sizes=\"(max-width: 630px) 100vw, 630px\" \/><\/div>\n\t\t<\/a>\n\t\t\t\t<div class=\"elementor-post__text\">\n\t\t\t\t<h3 class=\"elementor-post__title\">\n\t\t\t<a href=\"https:\/\/tolinuoklasikos.lt\/en\/kepta-vista-su-azijietisku-kokosu-padazu-moliuge-rudens-receptas\/\" >\n\t\t\t\tKepta vi\u0161ta su azijieti\u0161ku kokos\u0173 pada\u017eu (moli\u016bge) &#8211; rudens receptas\t\t\t<\/a>\n\t\t<\/h3>\n\t\t\t\t<div class=\"elementor-post__meta-data\">\n\t\t\t\t\t<span class=\"elementor-post-date\">\n\t\t\tDecember 7, 2025\t\t<\/span>\n\t\t\t\t<span class=\"elementor-post-avatar\">\n\t\t\tNo Comments\t\t<\/span>\n\t\t\t\t<\/div>\n\t\t\t\t<div class=\"elementor-post__excerpt\">\n\t\t\t<p>Kepta vi\u0161ta su azijieti\u0161ku kokos\u0173 pada\u017eu (moli\u016bge) \u2013 rudens receptas Moli\u016bgai moli\u016bgai moli\u016bgai! Ruden\u012f moli\u016bg\u0105 kaip nat\u016bral\u0173 kepimo ind\u0105 naudoju jau daugel\u012f met\u0173. Jis i\u0161laiko<\/p>\n\t\t<\/div>\n\t\t\n\t\t<a class=\"elementor-post__read-more\" href=\"https:\/\/tolinuoklasikos.lt\/en\/kepta-vista-su-azijietisku-kokosu-padazu-moliuge-rudens-receptas\/\" aria-label=\"Read more about Kepta vi\u0161ta su azijieti\u0161ku kokos\u0173 pada\u017eu (moli\u016bge) &#8211; rudens receptas\" tabindex=\"-1\" >\n\t\t\tRead More \u00bb\t\t<\/a>\n\n\t\t\t\t<\/div>\n\t\t\t\t<\/article>\n\t\t\t\t<\/div>\n\t\t\n\t\t\t\t\t\t<\/div>\n\t\t\t\t<\/div>\n\t\t\t\t\t<\/div>\n\t\t<\/div>\n\t\t\t\t\t<\/div>\n\t\t<\/section>\n\t\t\t\t<\/div>","protected":false},"excerpt":{"rendered":"<p>Sveiki u\u017esuk\u0119 \u012f mano ma\u017e\u0105, bet labai gyv\u0105 kulinarin\u012f pasaul\u012f. \u010cia pasistengsiu apgyvendinti visk\u0105, kas man brangiausia: sezon\u0173 kvapus, nam\u0173 \u0161ilum\u0105, trumpas istorijas tarp eilu\u010di\u0173 ir tuos patiekalus, kurie u\u017esilieka atmintyje ilgiau nei vakarien\u0117. Noriu, kad jaustum\u0117t\u0117s taip, lyg s\u0117d\u0117tum\u0117te mano virtuv\u0117je \u2013 ten, kur skoniai tampa pasakojimais, o paprasti ingredientai \u012fgauna visai kit\u0105 charakter\u012f. [&hellip;]<\/p>","protected":false},"author":1,"featured_media":5900,"parent":0,"menu_order":0,"comment_status":"closed","ping_status":"closed","template":"","meta":{"_seopress_robots_primary_cat":"","_seopress_titles_title":"Linos \u017dilevi\u010d\u0117s receptai - nauji ir dr\u0105s\u016bs skoniai","_seopress_titles_desc":"Kiekvienas receptas \u0161iame puslapyje yra tarsi mano ma\u017eas lai\u0161kas jums. \u010cia rasite sezoninius patiekalus, lengvus \u0161eimos receptus, \u0161varesni\u0173 ingredient\u0173 id\u0117jas, \u0161velnius desertus, slow cooking nuotaikas ir tuos mano m\u0117gstamiausius, fotografi\u0161kai gra\u017eius derinius, kuriems sunku atsispirti.","_seopress_robots_index":"","footnotes":""},"class_list":["post-6604","page","type-page","status-publish","has-post-thumbnail","hentry"],"_links":{"self":[{"href":"https:\/\/tolinuoklasikos.lt\/en\/wp-json\/wp\/v2\/pages\/6604","targetHints":{"allow":["GET"]}}],"collection":[{"href":"https:\/\/tolinuoklasikos.lt\/en\/wp-json\/wp\/v2\/pages"}],"about":[{"href":"https:\/\/tolinuoklasikos.lt\/en\/wp-json\/wp\/v2\/types\/page"}],"author":[{"embeddable":true,"href":"https:\/\/tolinuoklasikos.lt\/en\/wp-json\/wp\/v2\/users\/1"}],"replies":[{"embeddable":true,"href":"https:\/\/tolinuoklasikos.lt\/en\/wp-json\/wp\/v2\/comments?post=6604"}],"version-history":[{"count":11,"href":"https:\/\/tolinuoklasikos.lt\/en\/wp-json\/wp\/v2\/pages\/6604\/revisions"}],"predecessor-version":[{"id":6651,"href":"https:\/\/tolinuoklasikos.lt\/en\/wp-json\/wp\/v2\/pages\/6604\/revisions\/6651"}],"wp:featuredmedia":[{"embeddable":true,"href":"https:\/\/tolinuoklasikos.lt\/en\/wp-json\/wp\/v2\/media\/5900"}],"wp:attachment":[{"href":"https:\/\/tolinuoklasikos.lt\/en\/wp-json\/wp\/v2\/media?parent=6604"}],"curies":[{"name":"wp","href":"https:\/\/api.w.org\/{rel}","templated":true}]}}